{"id":1766,"date":"2025-04-18T10:35:14","date_gmt":"2025-04-18T10:35:14","guid":{"rendered":"https:\/\/weightlossmedssales.com\/product\/subutex-8-mg-piller\/"},"modified":"2025-04-18T10:35:14","modified_gmt":"2025-04-18T10:35:14","slug":"subutex-8-mg-piller","status":"publish","type":"product","link":"https:\/\/weightlossmedssales.com\/sv\/product\/subutex-8-mg-piller\/","title":{"rendered":"Subutex 8 mg Piller"},"content":{"rendered":"<h1>K\u00f6p Subutex online<\/h1>\n<p>Subutex \u00e4r ett l\u00e4kemedel, syntetiserat fr\u00e5n morfin. Dessutom tillh\u00f6r det gruppen opiater. I europeisk praxis anv\u00e4nds det som ett medel f\u00f6r substitutionsbehandling av heroinberoende, liksom i andra typer av medicinsk praxis. Om du letade efter en legitim plats att <a href=\"http:\/\/suboxoneproducts.com\/product\/buy-subutex-online\/\">k\u00f6pa Subutex<\/a> Online, kan du best\u00e4lla fr\u00e5n oss. D\u00e4rf\u00f6r, best\u00e4ll nu och f\u00e5 pillerna levererade till dina d\u00f6rrar inom 24 timmar.    <\/p>\n<h2>Anv\u00e4ndningar av Subutex<\/h2>\n<p>Behandling av opioidberoende. Det fungerar lika som en del av en komplett behandlingsplan f\u00f6r narkotiskt beroende. Om funktioner i blockerande sm\u00e4rtreceptorer.  <\/p>\n<p>Subutex \u00e4r en opioid (narkotisk) partiell agonist-antagonist. Dessutom verkar det genom att binda till receptorer i hj\u00e4rnan och nervsystemet f\u00f6r att hj\u00e4lpa till att f\u00f6rhindra abstinenssymtom hos n\u00e5gon som har slutat ta narkotika (t.ex. heroin, oxikodon). <\/p>\n<h3>Biverkningar av Subutex (Buprenorphine)<\/h3>\n<p>Okontrollerad mottagning av Subutex som ett riktigt tungt l\u00e4kemedel orsakar m\u00e5nga biverkningar. P\u00e5 f\u00f6rsta plats \u00e4r mycket snabb beroende av l\u00e4kemedlet. Ofta \u00e4r m\u00e5nga missbrukare inte l\u00e4ngre &#8221;har&#8221; dessa piller och b\u00f6rjar anv\u00e4nda dem intraven\u00f6st, blanda inneh\u00e5llet i tabletten med vatten.  <\/p>\n<p>M\u00e4nniskor , som st\u00e4ndigt tar Subutex, k\u00e4nner panik och r\u00e4dsla hela tiden tillsammans med \u00e5ngest och aggression. Mycket snabbt utvecklar s\u00f6mnl\u00f6shetssymtom. Hypnotika och lugnande medel, som tar i stora m\u00e4ngder under en l\u00e5ng period, orsakar allvarlig f\u00f6rgiftning (kemisk f\u00f6rgiftning). Som ett resultat utvecklas psykos, \u00f6kad irritabilitet, ofta tv\u00e5ngsm\u00e4ssigt beteende och temperament.   <\/p>\n<h4>Vad \u00e4r buprenorfin?<\/h4>\n<p>Dr Randy Brown fr\u00e5n College of Wisconsin Med school beskriver exakt vad medicinen buprenorfin. K\u00f6p Subutex online. <\/p>\n","protected":false},"excerpt":{"rendered":"<p><strong>Pillrets namn: <a href=\"https:\/\/www.drugs.com\/search.php?searchterm=Subutex&amp;referer=pillid\">Subutex<\/a><\/strong><br \/>\n<strong>  Styrka: 8 mg<\/strong><br \/>\n<strong>  Pill Imprint: <a href=\"https:\/\/www.drugs.com\/imprints\/b8-logo-10809.html\">B8<\/a><\/strong><br \/>\n<strong>  F\u00e4rg: Vit<\/strong><br \/>\n<strong>  Form: Elliptisk \/ Oval.<\/strong><br \/>\n<strong>  Inget recept beh\u00f6vs. Diskret leverans \u00f6ver natten <\/strong><\/p>\n","protected":false},"featured_media":1474,"menu_order":0,"comment_status":"open","ping_status":"closed","template":"","meta":[],"product_brand":[],"product_cat":[168],"product_tag":[170],"class_list":{"0":"post-1766","1":"product","2":"type-product","3":"status-publish","4":"has-post-thumbnail","6":"product_cat-suboxone-produkter","7":"product_tag-subutex-sv","9":"first","10":"instock","11":"shipping-taxable","12":"purchasable","13":"product-type-simple"},"yoast_head":"<!-- This site is optimized with the Yoast SEO Premium plugin v23.3 (Yoast SEO v26.4) - https:\/\/yoast.com\/wordpress\/plugins\/seo\/ -->\n<title>K\u00f6p Subutex online - Best\u00e4ll Subutex 8 mg online. Ingen recept<\/title>\n<meta name=\"description\" content=\"K\u00f6p Subutex online. Bes\u00f6k oss nu f\u00f6r att best\u00e4lla eller k\u00f6pa subutex 8 mg Piller online utan recept till mycket billiga priser. Diskret \u00f6ver natten frakt\" \/>\n<meta name=\"robots\" content=\"index, follow, max-snippet:-1, max-image-preview:large, max-video-preview:-1\" \/>\n<link rel=\"canonical\" href=\"https:\/\/weightlossmedssales.com\/sv\/product\/subutex-8-mg-piller\/\" \/>\n<meta property=\"og:locale\" content=\"sv_SE\" \/>\n<meta property=\"og:type\" content=\"article\" \/>\n<meta property=\"og:title\" content=\"Subutex 8 mg Piller\" \/>\n<meta property=\"og:description\" content=\"K\u00f6p Subutex online. Bes\u00f6k oss nu f\u00f6r att best\u00e4lla eller k\u00f6pa subutex 8 mg Piller online utan recept till mycket billiga priser. Diskret \u00f6ver natten frakt\" \/>\n<meta property=\"og:url\" content=\"https:\/\/weightlossmedssales.com\/sv\/product\/subutex-8-mg-piller\/\" \/>\n<meta property=\"og:site_name\" content=\"Family Healthcare Pharmacy\" \/>\n<meta property=\"og:image\" content=\"https:\/\/weightlossmedssales.com\/wp-content\/uploads\/2025\/04\/Buprenorphine-Hydrochloride.jpg\" \/>\n\t<meta property=\"og:image:width\" content=\"300\" \/>\n\t<meta property=\"og:image:height\" content=\"300\" \/>\n\t<meta property=\"og:image:type\" content=\"image\/jpeg\" \/>\n<meta name=\"twitter:card\" content=\"summary_large_image\" \/>\n<meta name=\"twitter:label1\" content=\"Pris\" \/>\n\t<meta name=\"twitter:data1\" content=\"&#036;2.50\" \/>\n\t<meta name=\"twitter:label2\" content=\"Tillg\u00e4nglig\" \/>\n\t<meta name=\"twitter:data2\" content=\"I lager\" \/>\n<script type=\"application\/ld+json\" class=\"yoast-schema-graph\">{\"@context\":\"https:\/\/schema.org\",\"@graph\":[{\"@type\":\"WebPage\",\"@id\":\"https:\/\/weightlossmedssales.com\/sv\/product\/subutex-8-mg-piller\/\",\"url\":\"https:\/\/weightlossmedssales.com\/sv\/product\/subutex-8-mg-piller\/\",\"name\":\"K\u00f6p Subutex online - Best\u00e4ll Subutex 8 mg online. Ingen recept\",\"isPartOf\":{\"@id\":\"https:\/\/weightlossmedssales.com\/#website\"},\"primaryImageOfPage\":{\"@id\":\"https:\/\/weightlossmedssales.com\/sv\/product\/subutex-8-mg-piller\/#primaryimage\"},\"image\":{\"@id\":\"https:\/\/weightlossmedssales.com\/sv\/product\/subutex-8-mg-piller\/#primaryimage\"},\"thumbnailUrl\":\"https:\/\/weightlossmedssales.com\/wp-content\/uploads\/2025\/04\/Buprenorphine-Hydrochloride.jpg\",\"datePublished\":\"2025-04-18T10:35:14+00:00\",\"description\":\"K\u00f6p Subutex online. Bes\u00f6k oss nu f\u00f6r att best\u00e4lla eller k\u00f6pa subutex 8 mg Piller online utan recept till mycket billiga priser. Diskret \u00f6ver natten frakt\",\"breadcrumb\":{\"@id\":\"https:\/\/weightlossmedssales.com\/sv\/product\/subutex-8-mg-piller\/#breadcrumb\"},\"inLanguage\":\"sv-SE\",\"potentialAction\":[{\"@type\":\"ReadAction\",\"target\":[\"https:\/\/weightlossmedssales.com\/sv\/product\/subutex-8-mg-piller\/\"]}]},{\"@type\":\"ImageObject\",\"inLanguage\":\"sv-SE\",\"@id\":\"https:\/\/weightlossmedssales.com\/sv\/product\/subutex-8-mg-piller\/#primaryimage\",\"url\":\"https:\/\/weightlossmedssales.com\/wp-content\/uploads\/2025\/04\/Buprenorphine-Hydrochloride.jpg\",\"contentUrl\":\"https:\/\/weightlossmedssales.com\/wp-content\/uploads\/2025\/04\/Buprenorphine-Hydrochloride.jpg\",\"width\":300,\"height\":300},{\"@type\":\"BreadcrumbList\",\"@id\":\"https:\/\/weightlossmedssales.com\/sv\/product\/subutex-8-mg-piller\/#breadcrumb\",\"itemListElement\":[{\"@type\":\"ListItem\",\"position\":1,\"name\":\"Home\",\"item\":\"https:\/\/weightlossmedssales.com\/sv\/hem\/\"},{\"@type\":\"ListItem\",\"position\":2,\"name\":\"Shop\",\"item\":\"https:\/\/weightlossmedssales.com\/shop\/\"},{\"@type\":\"ListItem\",\"position\":3,\"name\":\"Subutex 8 mg Piller\"}]},{\"@type\":\"WebSite\",\"@id\":\"https:\/\/weightlossmedssales.com\/#website\",\"url\":\"https:\/\/weightlossmedssales.com\/\",\"name\":\"Family Healthcare Pharmacy\",\"description\":\"Weight Loss Medicines\",\"potentialAction\":[{\"@type\":\"SearchAction\",\"target\":{\"@type\":\"EntryPoint\",\"urlTemplate\":\"https:\/\/weightlossmedssales.com\/?s={search_term_string}\"},\"query-input\":{\"@type\":\"PropertyValueSpecification\",\"valueRequired\":true,\"valueName\":\"search_term_string\"}}],\"inLanguage\":\"sv-SE\"}]}<\/script>\n<meta property=\"product:price:amount\" content=\"2.50\" \/>\n<meta property=\"product:price:currency\" content=\"USD\" \/>\n<meta property=\"og:availability\" content=\"instock\" \/>\n<meta property=\"product:availability\" content=\"instock\" \/>\n<meta property=\"product:retailer_item_id\" content=\"SU11693\" \/>\n<meta property=\"product:condition\" content=\"new\" \/>\n<!-- \/ Yoast SEO Premium plugin. -->","yoast_head_json":{"title":"K\u00f6p Subutex online - Best\u00e4ll Subutex 8 mg online. Ingen recept","description":"K\u00f6p Subutex online. Bes\u00f6k oss nu f\u00f6r att best\u00e4lla eller k\u00f6pa subutex 8 mg Piller online utan recept till mycket billiga priser. Diskret \u00f6ver natten frakt","robots":{"index":"index","follow":"follow","max-snippet":"max-snippet:-1","max-image-preview":"max-image-preview:large","max-video-preview":"max-video-preview:-1"},"canonical":"https:\/\/weightlossmedssales.com\/sv\/product\/subutex-8-mg-piller\/","og_locale":"sv_SE","og_type":"article","og_title":"Subutex 8 mg Piller","og_description":"K\u00f6p Subutex online. Bes\u00f6k oss nu f\u00f6r att best\u00e4lla eller k\u00f6pa subutex 8 mg Piller online utan recept till mycket billiga priser. Diskret \u00f6ver natten frakt","og_url":"https:\/\/weightlossmedssales.com\/sv\/product\/subutex-8-mg-piller\/","og_site_name":"Family Healthcare Pharmacy","og_image":[{"width":300,"height":300,"url":"https:\/\/weightlossmedssales.com\/wp-content\/uploads\/2025\/04\/Buprenorphine-Hydrochloride.jpg","type":"image\/jpeg"}],"twitter_card":"summary_large_image","twitter_misc":{"Pris":"&#36;2.50","Tillg\u00e4nglig":"I lager"},"schema":{"@context":"https:\/\/schema.org","@graph":[{"@type":"WebPage","@id":"https:\/\/weightlossmedssales.com\/sv\/product\/subutex-8-mg-piller\/","url":"https:\/\/weightlossmedssales.com\/sv\/product\/subutex-8-mg-piller\/","name":"K\u00f6p Subutex online - Best\u00e4ll Subutex 8 mg online. Ingen recept","isPartOf":{"@id":"https:\/\/weightlossmedssales.com\/#website"},"primaryImageOfPage":{"@id":"https:\/\/weightlossmedssales.com\/sv\/product\/subutex-8-mg-piller\/#primaryimage"},"image":{"@id":"https:\/\/weightlossmedssales.com\/sv\/product\/subutex-8-mg-piller\/#primaryimage"},"thumbnailUrl":"https:\/\/weightlossmedssales.com\/wp-content\/uploads\/2025\/04\/Buprenorphine-Hydrochloride.jpg","datePublished":"2025-04-18T10:35:14+00:00","description":"K\u00f6p Subutex online. Bes\u00f6k oss nu f\u00f6r att best\u00e4lla eller k\u00f6pa subutex 8 mg Piller online utan recept till mycket billiga priser. Diskret \u00f6ver natten frakt","breadcrumb":{"@id":"https:\/\/weightlossmedssales.com\/sv\/product\/subutex-8-mg-piller\/#breadcrumb"},"inLanguage":"sv-SE","potentialAction":[{"@type":"ReadAction","target":["https:\/\/weightlossmedssales.com\/sv\/product\/subutex-8-mg-piller\/"]}]},{"@type":"ImageObject","inLanguage":"sv-SE","@id":"https:\/\/weightlossmedssales.com\/sv\/product\/subutex-8-mg-piller\/#primaryimage","url":"https:\/\/weightlossmedssales.com\/wp-content\/uploads\/2025\/04\/Buprenorphine-Hydrochloride.jpg","contentUrl":"https:\/\/weightlossmedssales.com\/wp-content\/uploads\/2025\/04\/Buprenorphine-Hydrochloride.jpg","width":300,"height":300},{"@type":"BreadcrumbList","@id":"https:\/\/weightlossmedssales.com\/sv\/product\/subutex-8-mg-piller\/#breadcrumb","itemListElement":[{"@type":"ListItem","position":1,"name":"Home","item":"https:\/\/weightlossmedssales.com\/sv\/hem\/"},{"@type":"ListItem","position":2,"name":"Shop","item":"https:\/\/weightlossmedssales.com\/shop\/"},{"@type":"ListItem","position":3,"name":"Subutex 8 mg Piller"}]},{"@type":"WebSite","@id":"https:\/\/weightlossmedssales.com\/#website","url":"https:\/\/weightlossmedssales.com\/","name":"Family Healthcare Pharmacy","description":"Weight Loss Medicines","potentialAction":[{"@type":"SearchAction","target":{"@type":"EntryPoint","urlTemplate":"https:\/\/weightlossmedssales.com\/?s={search_term_string}"},"query-input":{"@type":"PropertyValueSpecification","valueRequired":true,"valueName":"search_term_string"}}],"inLanguage":"sv-SE"}]},"product_price_amount":"2.50","product_price_currency":"USD","og_availability":"instock","product_availability":"instock","product_retailer_item_id":"SU11693","product_condition":"new"},"_links":{"self":[{"href":"https:\/\/weightlossmedssales.com\/sv\/wp-json\/wp\/v2\/product\/1766","targetHints":{"allow":["GET"]}}],"collection":[{"href":"https:\/\/weightlossmedssales.com\/sv\/wp-json\/wp\/v2\/product"}],"about":[{"href":"https:\/\/weightlossmedssales.com\/sv\/wp-json\/wp\/v2\/types\/product"}],"replies":[{"embeddable":true,"href":"https:\/\/weightlossmedssales.com\/sv\/wp-json\/wp\/v2\/comments?post=1766"}],"version-history":[{"count":0,"href":"https:\/\/weightlossmedssales.com\/sv\/wp-json\/wp\/v2\/product\/1766\/revisions"}],"wp:featuredmedia":[{"embeddable":true,"href":"https:\/\/weightlossmedssales.com\/sv\/wp-json\/wp\/v2\/media\/1474"}],"wp:attachment":[{"href":"https:\/\/weightlossmedssales.com\/sv\/wp-json\/wp\/v2\/media?parent=1766"}],"wp:term":[{"taxonomy":"product_brand","embeddable":true,"href":"https:\/\/weightlossmedssales.com\/sv\/wp-json\/wp\/v2\/product_brand?post=1766"},{"taxonomy":"product_cat","embeddable":true,"href":"https:\/\/weightlossmedssales.com\/sv\/wp-json\/wp\/v2\/product_cat?post=1766"},{"taxonomy":"product_tag","embeddable":true,"href":"https:\/\/weightlossmedssales.com\/sv\/wp-json\/wp\/v2\/product_tag?post=1766"}],"curies":[{"name":"wp","href":"https:\/\/api.w.org\/{rel}","templated":true}]}}