{"id":1767,"date":"2025-04-18T10:35:14","date_gmt":"2025-04-18T10:35:14","guid":{"rendered":"https:\/\/weightlossmedssales.com\/product\/metadon-10-mg\/"},"modified":"2025-04-18T10:35:14","modified_gmt":"2025-04-18T10:35:14","slug":"metadon-10-mg","status":"publish","type":"product","link":"https:\/\/weightlossmedssales.com\/sv\/product\/metadon-10-mg\/","title":{"rendered":"Metadon 10 mg"},"content":{"rendered":"<h1>K\u00f6p metadon online<\/h1>\n<p><b>Metadon<\/b> \u00e4r en syntetisk opiat som fr\u00e4mst anv\u00e4nds f\u00f6r avgiftning och underh\u00e5ll av patienter som \u00e4r beroende av opiater &#8211; s\u00e4rskilt heroin &#8211; och f\u00f6r behandling av patienter med kronisk, sv\u00e5r sm\u00e4rta.<\/p>\n<p>Metadon \u00e4r ett opioidl\u00e4kemedel. En opioid kallas ibland f\u00f6r en narkotisk substans. <\/p>\n<p>Metadon minskar abstinensbesv\u00e4ren hos personer som \u00e4r beroende av heroin eller andra narkotiska droger utan att orsaka den &#8221;kick&#8221; som \u00e4r f\u00f6rknippad med drogberoendet.<\/p>\n<p>Metadon anv\u00e4nds som sm\u00e4rtstillande medel och som en del av avgiftnings- och underh\u00e5llsprogram f\u00f6r narkotikamissbruk. Det \u00e4r endast tillg\u00e4ngligt fr\u00e5n ett certifierat apotek. <\/p>\n<h2>Viktig information<\/h2>\n<p>Du ska inte anv\u00e4nda metadon om du har sv\u00e5r astma eller andningssv\u00e5righeter eller om du har en blockering i magen eller tarmarna.<\/p>\n<p><b>Felaktig anv\u00e4ndning av metadon kan orsaka beroende, \u00f6verdosering eller d\u00f6dsfall<\/b>, s\u00e4rskilt hos barn eller andra personer som anv\u00e4nder l\u00e4kemedlet utan recept. F\u00f6rvara medicinen p\u00e5 en plats d\u00e4r andra inte kan komma \u00e5t den. <\/p>\n<p><b>Om du tar opioidl\u00e4kemedel under graviditeten kan det orsaka livshotande abstinenssymtom hos det nyf\u00f6dda barnet.<\/b><\/p>\n<p><b>D\u00f6dliga biverkningar kan uppst\u00e5 om du anv\u00e4nder opioidmedicin med alkohol eller med andra l\u00e4kemedel som orsakar s\u00f6mnighet eller saktar ner andningen.<\/b><\/p>\n<p>Metadon kan orsaka en livshotande hj\u00e4rtrytmrubbning. Kontakta genast l\u00e4kare om du f\u00e5r <a href=\"https:\/\/www.drugs.com\/cg\/acute-headache.html\" data-ga-category=\"Content Link\" data-ga-action=\"headache\">huvudv\u00e4rk<\/a> med br\u00f6stsm\u00e4rta och sv\u00e5r <a href=\"https:\/\/www.drugs.com\/cg\/vertigo.html\" data-ga-category=\"Content Link\" data-ga-action=\"dizziness\">yrsel<\/a> samt om du f\u00e5r snabba eller bultande hj\u00e4rtslag. Din hj\u00e4rtfunktion kan beh\u00f6va kontrolleras under behandlingen.  <\/p>\n","protected":false},"excerpt":{"rendered":"<p><strong>Metadon 10 MG<\/strong><\/p>\n<p>Avtryck:54 142<br \/>\nStyrka:10 mg<br \/>\nF\u00e4rg:Vit<br \/>\nForm:Rund<\/p>\n","protected":false},"featured_media":1486,"menu_order":0,"comment_status":"open","ping_status":"closed","template":"","meta":[],"product_brand":[],"product_cat":[165],"product_tag":[],"class_list":{"0":"post-1767","1":"product","2":"type-product","3":"status-publish","4":"has-post-thumbnail","6":"product_cat-okategoriserade-sv","8":"first","9":"instock","10":"shipping-taxable","11":"purchasable","12":"product-type-simple"},"yoast_head":"<!-- This site is optimized with the Yoast SEO Premium plugin v23.3 (Yoast SEO v26.4) - https:\/\/yoast.com\/wordpress\/plugins\/seo\/ -->\n<title>K\u00f6p Metadon online - Metadon 10 mg piller till salu<\/title>\n<meta name=\"description\" content=\"K\u00f6p metadon online. Metadon 10 mg piller till salu online till mycket billiga och \u00f6verkomliga priser utan recept. Diskret frakt \u00f6ver natten tillg\u00e4nglig.\" \/>\n<meta name=\"robots\" content=\"index, follow, max-snippet:-1, max-image-preview:large, max-video-preview:-1\" \/>\n<link rel=\"canonical\" href=\"https:\/\/weightlossmedssales.com\/sv\/product\/metadon-10-mg\/\" \/>\n<meta property=\"og:locale\" content=\"sv_SE\" \/>\n<meta property=\"og:type\" content=\"article\" \/>\n<meta property=\"og:title\" content=\"Metadon 10 mg\" \/>\n<meta property=\"og:description\" content=\"K\u00f6p metadon online. Metadon 10 mg piller till salu online till mycket billiga och \u00f6verkomliga priser utan recept. Diskret frakt \u00f6ver natten tillg\u00e4nglig.\" \/>\n<meta property=\"og:url\" content=\"https:\/\/weightlossmedssales.com\/sv\/product\/metadon-10-mg\/\" \/>\n<meta property=\"og:site_name\" content=\"Family Healthcare Pharmacy\" \/>\n<meta property=\"og:image\" content=\"https:\/\/weightlossmedssales.com\/wp-content\/uploads\/2025\/04\/methadone.jpg\" \/>\n\t<meta property=\"og:image:width\" content=\"275\" \/>\n\t<meta property=\"og:image:height\" content=\"183\" \/>\n\t<meta property=\"og:image:type\" content=\"image\/jpeg\" \/>\n<meta name=\"twitter:card\" content=\"summary_large_image\" \/>\n<meta name=\"twitter:label1\" content=\"Pris\" \/>\n\t<meta name=\"twitter:data1\" content=\"&#036;1.00\" \/>\n\t<meta name=\"twitter:label2\" content=\"Tillg\u00e4nglig\" \/>\n\t<meta name=\"twitter:data2\" content=\"I lager\" \/>\n<script type=\"application\/ld+json\" class=\"yoast-schema-graph\">{\"@context\":\"https:\/\/schema.org\",\"@graph\":[{\"@type\":\"WebPage\",\"@id\":\"https:\/\/weightlossmedssales.com\/sv\/product\/metadon-10-mg\/\",\"url\":\"https:\/\/weightlossmedssales.com\/sv\/product\/metadon-10-mg\/\",\"name\":\"K\u00f6p Metadon online - Metadon 10 mg piller till salu\",\"isPartOf\":{\"@id\":\"https:\/\/weightlossmedssales.com\/#website\"},\"primaryImageOfPage\":{\"@id\":\"https:\/\/weightlossmedssales.com\/sv\/product\/metadon-10-mg\/#primaryimage\"},\"image\":{\"@id\":\"https:\/\/weightlossmedssales.com\/sv\/product\/metadon-10-mg\/#primaryimage\"},\"thumbnailUrl\":\"https:\/\/weightlossmedssales.com\/wp-content\/uploads\/2025\/04\/methadone.jpg\",\"datePublished\":\"2025-04-18T10:35:14+00:00\",\"description\":\"K\u00f6p metadon online. Metadon 10 mg piller till salu online till mycket billiga och \u00f6verkomliga priser utan recept. Diskret frakt \u00f6ver natten tillg\u00e4nglig.\",\"breadcrumb\":{\"@id\":\"https:\/\/weightlossmedssales.com\/sv\/product\/metadon-10-mg\/#breadcrumb\"},\"inLanguage\":\"sv-SE\",\"potentialAction\":[{\"@type\":\"ReadAction\",\"target\":[\"https:\/\/weightlossmedssales.com\/sv\/product\/metadon-10-mg\/\"]}]},{\"@type\":\"ImageObject\",\"inLanguage\":\"sv-SE\",\"@id\":\"https:\/\/weightlossmedssales.com\/sv\/product\/metadon-10-mg\/#primaryimage\",\"url\":\"https:\/\/weightlossmedssales.com\/wp-content\/uploads\/2025\/04\/methadone.jpg\",\"contentUrl\":\"https:\/\/weightlossmedssales.com\/wp-content\/uploads\/2025\/04\/methadone.jpg\",\"width\":275,\"height\":183},{\"@type\":\"BreadcrumbList\",\"@id\":\"https:\/\/weightlossmedssales.com\/sv\/product\/metadon-10-mg\/#breadcrumb\",\"itemListElement\":[{\"@type\":\"ListItem\",\"position\":1,\"name\":\"Home\",\"item\":\"https:\/\/weightlossmedssales.com\/sv\/hem\/\"},{\"@type\":\"ListItem\",\"position\":2,\"name\":\"Shop\",\"item\":\"https:\/\/weightlossmedssales.com\/shop\/\"},{\"@type\":\"ListItem\",\"position\":3,\"name\":\"Metadon 10 mg\"}]},{\"@type\":\"WebSite\",\"@id\":\"https:\/\/weightlossmedssales.com\/#website\",\"url\":\"https:\/\/weightlossmedssales.com\/\",\"name\":\"Family Healthcare Pharmacy\",\"description\":\"Weight Loss Medicines\",\"potentialAction\":[{\"@type\":\"SearchAction\",\"target\":{\"@type\":\"EntryPoint\",\"urlTemplate\":\"https:\/\/weightlossmedssales.com\/?s={search_term_string}\"},\"query-input\":{\"@type\":\"PropertyValueSpecification\",\"valueRequired\":true,\"valueName\":\"search_term_string\"}}],\"inLanguage\":\"sv-SE\"}]}<\/script>\n<meta property=\"product:price:amount\" content=\"1.00\" \/>\n<meta property=\"product:price:currency\" content=\"USD\" \/>\n<meta property=\"og:availability\" content=\"instock\" \/>\n<meta property=\"product:availability\" content=\"instock\" \/>\n<meta property=\"product:retailer_item_id\" content=\"SU81657\" \/>\n<meta property=\"product:condition\" content=\"new\" \/>\n<!-- \/ Yoast SEO Premium plugin. -->","yoast_head_json":{"title":"K\u00f6p Metadon online - Metadon 10 mg piller till salu","description":"K\u00f6p metadon online. Metadon 10 mg piller till salu online till mycket billiga och \u00f6verkomliga priser utan recept. Diskret frakt \u00f6ver natten tillg\u00e4nglig.","robots":{"index":"index","follow":"follow","max-snippet":"max-snippet:-1","max-image-preview":"max-image-preview:large","max-video-preview":"max-video-preview:-1"},"canonical":"https:\/\/weightlossmedssales.com\/sv\/product\/metadon-10-mg\/","og_locale":"sv_SE","og_type":"article","og_title":"Metadon 10 mg","og_description":"K\u00f6p metadon online. Metadon 10 mg piller till salu online till mycket billiga och \u00f6verkomliga priser utan recept. Diskret frakt \u00f6ver natten tillg\u00e4nglig.","og_url":"https:\/\/weightlossmedssales.com\/sv\/product\/metadon-10-mg\/","og_site_name":"Family Healthcare Pharmacy","og_image":[{"width":275,"height":183,"url":"https:\/\/weightlossmedssales.com\/wp-content\/uploads\/2025\/04\/methadone.jpg","type":"image\/jpeg"}],"twitter_card":"summary_large_image","twitter_misc":{"Pris":"&#36;1.00","Tillg\u00e4nglig":"I lager"},"schema":{"@context":"https:\/\/schema.org","@graph":[{"@type":"WebPage","@id":"https:\/\/weightlossmedssales.com\/sv\/product\/metadon-10-mg\/","url":"https:\/\/weightlossmedssales.com\/sv\/product\/metadon-10-mg\/","name":"K\u00f6p Metadon online - Metadon 10 mg piller till salu","isPartOf":{"@id":"https:\/\/weightlossmedssales.com\/#website"},"primaryImageOfPage":{"@id":"https:\/\/weightlossmedssales.com\/sv\/product\/metadon-10-mg\/#primaryimage"},"image":{"@id":"https:\/\/weightlossmedssales.com\/sv\/product\/metadon-10-mg\/#primaryimage"},"thumbnailUrl":"https:\/\/weightlossmedssales.com\/wp-content\/uploads\/2025\/04\/methadone.jpg","datePublished":"2025-04-18T10:35:14+00:00","description":"K\u00f6p metadon online. Metadon 10 mg piller till salu online till mycket billiga och \u00f6verkomliga priser utan recept. Diskret frakt \u00f6ver natten tillg\u00e4nglig.","breadcrumb":{"@id":"https:\/\/weightlossmedssales.com\/sv\/product\/metadon-10-mg\/#breadcrumb"},"inLanguage":"sv-SE","potentialAction":[{"@type":"ReadAction","target":["https:\/\/weightlossmedssales.com\/sv\/product\/metadon-10-mg\/"]}]},{"@type":"ImageObject","inLanguage":"sv-SE","@id":"https:\/\/weightlossmedssales.com\/sv\/product\/metadon-10-mg\/#primaryimage","url":"https:\/\/weightlossmedssales.com\/wp-content\/uploads\/2025\/04\/methadone.jpg","contentUrl":"https:\/\/weightlossmedssales.com\/wp-content\/uploads\/2025\/04\/methadone.jpg","width":275,"height":183},{"@type":"BreadcrumbList","@id":"https:\/\/weightlossmedssales.com\/sv\/product\/metadon-10-mg\/#breadcrumb","itemListElement":[{"@type":"ListItem","position":1,"name":"Home","item":"https:\/\/weightlossmedssales.com\/sv\/hem\/"},{"@type":"ListItem","position":2,"name":"Shop","item":"https:\/\/weightlossmedssales.com\/shop\/"},{"@type":"ListItem","position":3,"name":"Metadon 10 mg"}]},{"@type":"WebSite","@id":"https:\/\/weightlossmedssales.com\/#website","url":"https:\/\/weightlossmedssales.com\/","name":"Family Healthcare Pharmacy","description":"Weight Loss Medicines","potentialAction":[{"@type":"SearchAction","target":{"@type":"EntryPoint","urlTemplate":"https:\/\/weightlossmedssales.com\/?s={search_term_string}"},"query-input":{"@type":"PropertyValueSpecification","valueRequired":true,"valueName":"search_term_string"}}],"inLanguage":"sv-SE"}]},"product_price_amount":"1.00","product_price_currency":"USD","og_availability":"instock","product_availability":"instock","product_retailer_item_id":"SU81657","product_condition":"new"},"_links":{"self":[{"href":"https:\/\/weightlossmedssales.com\/sv\/wp-json\/wp\/v2\/product\/1767","targetHints":{"allow":["GET"]}}],"collection":[{"href":"https:\/\/weightlossmedssales.com\/sv\/wp-json\/wp\/v2\/product"}],"about":[{"href":"https:\/\/weightlossmedssales.com\/sv\/wp-json\/wp\/v2\/types\/product"}],"replies":[{"embeddable":true,"href":"https:\/\/weightlossmedssales.com\/sv\/wp-json\/wp\/v2\/comments?post=1767"}],"version-history":[{"count":0,"href":"https:\/\/weightlossmedssales.com\/sv\/wp-json\/wp\/v2\/product\/1767\/revisions"}],"wp:featuredmedia":[{"embeddable":true,"href":"https:\/\/weightlossmedssales.com\/sv\/wp-json\/wp\/v2\/media\/1486"}],"wp:attachment":[{"href":"https:\/\/weightlossmedssales.com\/sv\/wp-json\/wp\/v2\/media?parent=1767"}],"wp:term":[{"taxonomy":"product_brand","embeddable":true,"href":"https:\/\/weightlossmedssales.com\/sv\/wp-json\/wp\/v2\/product_brand?post=1767"},{"taxonomy":"product_cat","embeddable":true,"href":"https:\/\/weightlossmedssales.com\/sv\/wp-json\/wp\/v2\/product_cat?post=1767"},{"taxonomy":"product_tag","embeddable":true,"href":"https:\/\/weightlossmedssales.com\/sv\/wp-json\/wp\/v2\/product_tag?post=1767"}],"curies":[{"name":"wp","href":"https:\/\/api.w.org\/{rel}","templated":true}]}}