{"id":1768,"date":"2025-04-18T10:35:14","date_gmt":"2025-04-18T10:35:14","guid":{"rendered":"https:\/\/weightlossmedssales.com\/product\/oxikodon-30-mg\/"},"modified":"2025-04-18T10:35:14","modified_gmt":"2025-04-18T10:35:14","slug":"oxikodon-30-mg","status":"publish","type":"product","link":"https:\/\/weightlossmedssales.com\/sv\/product\/oxikodon-30-mg\/","title":{"rendered":"Oxikodon 30 mg"},"content":{"rendered":"<h2>K\u00f6p Oxycodone online<\/h2>\n<p>K\u00f6p oxikodon online. Du kan <em>k\u00f6pa Oxycodone 80mg<\/em> (Oxycontin) online h\u00e4r, Vi har h\u00f6gsta kvalitet p\u00e5 Oxycodone. Det kunde inte vara l\u00e4ttare att best\u00e4lla receptbelagda l\u00e4kemedel online med n\u00e5gra musklick och f\u00e5 dem levererade direkt till din d\u00f6rr, utan att n\u00e5gonsin beh\u00f6va se en l\u00e4kare.  <\/p>\n<h2>K\u00f6p Oxycodone 80mg online<\/h2>\n<p>Du kan k\u00f6pa Oxycodone 80mg online beg\u00e4ran h\u00e4r, vi har f\u00e5tt h\u00f6g kvalitet Oxycodone 80mg piller. k\u00f6pa Oxycodone 80mg Online utan recept. <\/p>\n<p>K\u00f6p Oxycodone 80mg online av b\u00e4sta online utan recept webbplats.<\/p>\n<p>Oxycodone 80 mg<\/p>\n<h3>Oxycodone 80 mg piller av h\u00f6g kvalitet<\/h3>\n<ul>\n<li>Leverans \u00f6ver hela v\u00e4rlden<\/li>\n<li>Diskret f\u00f6rpackning<\/li>\n<li>Support i realtid<\/li>\n<li>100% tillfredsst\u00e4llelsegaranti<\/li>\n<\/ul>\n<p><strong>K\u00f6p Oxycodone (Oxycontin) online av b\u00e4sta online utan recept webbplats.<\/strong><\/p>\n<p>Oxycodone anv\u00e4nds f\u00f6r hantering av Pain Relive eller f\u00f6r Pain killer.<\/p>\n<p>En m\u00e4ngd olika l\u00e4kemedel finns tillg\u00e4ngliga f\u00f6r sm\u00e4rtlindring. Oxycodone tillverkas kommersiellt av thebaine, en opiatalkaloid och mindre komponent i opium. <\/p>\n<h3>K\u00f6p Oxycontin fr\u00e5n Online<\/h3>\n<p>Enkelt uttryckt kommer du inte att hitta ett b\u00e4ttre st\u00e4lle att k\u00f6pa oxycontin online \u00e4n l\u00e4kemedelsk\u00f6pare<\/p>\n<p>Ofta inte. Och du m\u00e5ste k\u00e4nna till riskerna. <\/p>\n<p>Ja, det finns gott om legitima l\u00e4kemedelsf\u00f6retag och apotek i USA (\u00e4ven online) som f\u00f6ljer alla lagar och f\u00f6rordningar och s\u00e4tter allm\u00e4nhetens s\u00e4kerhet fr\u00e4mst.<\/p>\n<p>Men det finns m\u00e5nga som inte g\u00f6r det De \u00e4r bara ute efter att tj\u00e4na snabba pengar p\u00e5 din bekostnad. Dessa skumma f\u00f6retag fyller i best\u00e4llningar utan recept. De betalar l\u00e4kare bara f\u00f6r att ta en snabb titt p\u00e5 ditt korta medicinska fr\u00e5geformul\u00e4r. De vet inte om du \u00e4r drogberoende, under\u00e5rig eller har ett annat tillst\u00e5nd som deras mediciner kan f\u00f6rv\u00e4rra. Och de bryr sig inte.    <\/p>\n<h3>K\u00f6p Oxycontin 80 mg online<\/h3>\n<p>\u00c4nnu v\u00e4rre \u00e4r att de produkter de s\u00e4ljer i b\u00e4sta fall \u00e4r tvivelaktiga. L\u00e4kemedlen kan vara l\u00e5ngt efter sitt utg\u00e5ngsdatum. De kan vara f\u00f6rfalskade, felm\u00e4rkta, f\u00f6rvanskade eller kontaminerade. Och de kan mycket v\u00e4l vara tillverkade av misst\u00e4nkta r\u00e5varor i underjordiska laboratorier i USA och utomlands, l\u00e5ngt fr\u00e5n de s\u00e4kerhetsmedvetna \u00f6gonen p\u00e5 Food and Drug Administration.   <\/p>\n<p>En del av problemet \u00e4r att dessa olagliga apotek finns \u00f6verallt p\u00e5 Internet. Mer \u00e4n 80 000 portalsidor s\u00e4ljer f\u00f6r n\u00e4rvarande annonsutrymme f\u00f6r dessa l\u00e4kemedel och l\u00e4nkar till en av mer \u00e4n 1 400 ankarwebbplatser som g\u00f6r det m\u00f6jligt f\u00f6r kunderna att g\u00f6ra best\u00e4llningar via olagliga apotek. Du beh\u00f6ver inte ens s\u00f6ka efter dessa erbjudanden, de kommer ofta direkt till din inkorg som skr\u00e4ppost och lockar dig med en uppsj\u00f6 av billiga l\u00e4kemedel.  <\/p>\n<p><strong>Finns det s\u00e4tt att avg\u00f6ra om ett onlineapotek \u00e4r lagligt? Definitivt, och h\u00e4r \u00e4r vad du ska leta efter. Legitima apotek:  <\/strong><\/p>\n<ol>\n<li>Kr\u00e4ver ett recept fr\u00e5n en legitimerad l\u00e4kare, vanligtvis per post (om de accepterar en faxkopia kommer de alltid att ringa din l\u00e4kare f\u00f6r att verifiera receptet);<\/li>\n<li>Du m\u00e5ste l\u00e4mna in en detaljerad sjukdomshistoria;<\/li>\n<li>tydligt ange sina betalnings-, integritets- och fraktavgifter p\u00e5 sina webbplatser; och<\/li>\n<li>Anv\u00e4nd s\u00e4kra eller krypterade webbplatsanslutningar f\u00f6r transaktioner.<\/li>\n<li>M\u00e5nga legitima onlineapotek \u00e4r ocks\u00e5 certifierade av National Association of Boards of Pharmacy, se deras webbplats f\u00f6r en lista. T\u00e4nk p\u00e5 att n\u00e5gra av de st\u00f6rre internetapoteken kanske inte \u00e4r certifierade p\u00e5 grund av deras redan v\u00e4lk\u00e4nda namn. K\u00f6p oxikodon online  <\/li>\n<\/ol>\n","protected":false},"excerpt":{"rendered":"<p><strong>Produkt: Oxikodon <\/strong><br \/>\n<strong>Styrka: 30 MG<br \/>\nF\u00e4rg: Bl\u00e5<br \/>\nAvtryck: M 30<br \/>\n<\/strong><\/p>\n","protected":false},"featured_media":1483,"menu_order":0,"comment_status":"open","ping_status":"closed","template":"","meta":[],"product_brand":[],"product_cat":[165],"product_tag":[171,172],"class_list":{"0":"post-1768","1":"product","2":"type-product","3":"status-publish","4":"has-post-thumbnail","6":"product_cat-okategoriserade-sv","7":"product_tag-oxikodon","8":"product_tag-oxycontin-sv","10":"first","11":"instock","12":"shipping-taxable","13":"purchasable","14":"product-type-simple"},"yoast_head":"<!-- This site is optimized with the Yoast SEO Premium plugin v23.3 (Yoast SEO v26.4) - https:\/\/yoast.com\/wordpress\/plugins\/seo\/ -->\n<title>K\u00f6p Oxycodone Online - Oxycodone 30 mg piller till salu<\/title>\n<meta name=\"description\" content=\"K\u00f6p oxikodon online. Oxikodon 30 mg piller till salu. Bes\u00f6k v\u00e5r webbplats och best\u00e4ll oxikodon 30 mg till mycket bra priser.\" \/>\n<meta name=\"robots\" content=\"index, follow, max-snippet:-1, max-image-preview:large, max-video-preview:-1\" \/>\n<link rel=\"canonical\" href=\"https:\/\/weightlossmedssales.com\/sv\/product\/oxikodon-30-mg\/\" \/>\n<meta property=\"og:locale\" content=\"sv_SE\" \/>\n<meta property=\"og:type\" content=\"article\" \/>\n<meta property=\"og:title\" content=\"Oxikodon 30 mg\" \/>\n<meta property=\"og:description\" content=\"K\u00f6p oxikodon online. Oxikodon 30 mg piller till salu. Bes\u00f6k v\u00e5r webbplats och best\u00e4ll oxikodon 30 mg till mycket bra priser.\" \/>\n<meta property=\"og:url\" content=\"https:\/\/weightlossmedssales.com\/sv\/product\/oxikodon-30-mg\/\" \/>\n<meta property=\"og:site_name\" content=\"Family Healthcare Pharmacy\" \/>\n<meta property=\"og:image\" content=\"https:\/\/weightlossmedssales.com\/wp-content\/uploads\/2025\/04\/tumblr_oq2mxivnj11uya6pbo1_500.jpg\" \/>\n\t<meta property=\"og:image:width\" content=\"500\" \/>\n\t<meta property=\"og:image:height\" content=\"666\" \/>\n\t<meta property=\"og:image:type\" content=\"image\/jpeg\" \/>\n<meta name=\"twitter:card\" content=\"summary_large_image\" \/>\n<meta name=\"twitter:label1\" content=\"Pris\" \/>\n\t<meta name=\"twitter:data1\" content=\"&#036;3.00\" \/>\n\t<meta name=\"twitter:label2\" content=\"Tillg\u00e4nglig\" \/>\n\t<meta name=\"twitter:data2\" content=\"I lager\" \/>\n<script type=\"application\/ld+json\" class=\"yoast-schema-graph\">{\"@context\":\"https:\/\/schema.org\",\"@graph\":[{\"@type\":\"WebPage\",\"@id\":\"https:\/\/weightlossmedssales.com\/sv\/product\/oxikodon-30-mg\/\",\"url\":\"https:\/\/weightlossmedssales.com\/sv\/product\/oxikodon-30-mg\/\",\"name\":\"K\u00f6p Oxycodone Online - Oxycodone 30 mg piller till salu\",\"isPartOf\":{\"@id\":\"https:\/\/weightlossmedssales.com\/#website\"},\"primaryImageOfPage\":{\"@id\":\"https:\/\/weightlossmedssales.com\/sv\/product\/oxikodon-30-mg\/#primaryimage\"},\"image\":{\"@id\":\"https:\/\/weightlossmedssales.com\/sv\/product\/oxikodon-30-mg\/#primaryimage\"},\"thumbnailUrl\":\"https:\/\/weightlossmedssales.com\/wp-content\/uploads\/2025\/04\/tumblr_oq2mxivnj11uya6pbo1_500.jpg\",\"datePublished\":\"2025-04-18T10:35:14+00:00\",\"description\":\"K\u00f6p oxikodon online. Oxikodon 30 mg piller till salu. Bes\u00f6k v\u00e5r webbplats och best\u00e4ll oxikodon 30 mg till mycket bra priser.\",\"breadcrumb\":{\"@id\":\"https:\/\/weightlossmedssales.com\/sv\/product\/oxikodon-30-mg\/#breadcrumb\"},\"inLanguage\":\"sv-SE\",\"potentialAction\":[{\"@type\":\"ReadAction\",\"target\":[\"https:\/\/weightlossmedssales.com\/sv\/product\/oxikodon-30-mg\/\"]}]},{\"@type\":\"ImageObject\",\"inLanguage\":\"sv-SE\",\"@id\":\"https:\/\/weightlossmedssales.com\/sv\/product\/oxikodon-30-mg\/#primaryimage\",\"url\":\"https:\/\/weightlossmedssales.com\/wp-content\/uploads\/2025\/04\/tumblr_oq2mxivnj11uya6pbo1_500.jpg\",\"contentUrl\":\"https:\/\/weightlossmedssales.com\/wp-content\/uploads\/2025\/04\/tumblr_oq2mxivnj11uya6pbo1_500.jpg\",\"width\":500,\"height\":666},{\"@type\":\"BreadcrumbList\",\"@id\":\"https:\/\/weightlossmedssales.com\/sv\/product\/oxikodon-30-mg\/#breadcrumb\",\"itemListElement\":[{\"@type\":\"ListItem\",\"position\":1,\"name\":\"Home\",\"item\":\"https:\/\/weightlossmedssales.com\/sv\/hem\/\"},{\"@type\":\"ListItem\",\"position\":2,\"name\":\"Shop\",\"item\":\"https:\/\/weightlossmedssales.com\/shop\/\"},{\"@type\":\"ListItem\",\"position\":3,\"name\":\"Oxikodon 30 mg\"}]},{\"@type\":\"WebSite\",\"@id\":\"https:\/\/weightlossmedssales.com\/#website\",\"url\":\"https:\/\/weightlossmedssales.com\/\",\"name\":\"Family Healthcare Pharmacy\",\"description\":\"Weight Loss Medicines\",\"potentialAction\":[{\"@type\":\"SearchAction\",\"target\":{\"@type\":\"EntryPoint\",\"urlTemplate\":\"https:\/\/weightlossmedssales.com\/?s={search_term_string}\"},\"query-input\":{\"@type\":\"PropertyValueSpecification\",\"valueRequired\":true,\"valueName\":\"search_term_string\"}}],\"inLanguage\":\"sv-SE\"}]}<\/script>\n<meta property=\"product:price:amount\" content=\"3.00\" \/>\n<meta property=\"product:price:currency\" content=\"USD\" \/>\n<meta property=\"og:availability\" content=\"instock\" \/>\n<meta property=\"product:availability\" content=\"instock\" \/>\n<meta property=\"product:retailer_item_id\" content=\"SU79376\" \/>\n<meta property=\"product:condition\" content=\"new\" \/>\n<!-- \/ Yoast SEO Premium plugin. -->","yoast_head_json":{"title":"K\u00f6p Oxycodone Online - Oxycodone 30 mg piller till salu","description":"K\u00f6p oxikodon online. Oxikodon 30 mg piller till salu. Bes\u00f6k v\u00e5r webbplats och best\u00e4ll oxikodon 30 mg till mycket bra priser.","robots":{"index":"index","follow":"follow","max-snippet":"max-snippet:-1","max-image-preview":"max-image-preview:large","max-video-preview":"max-video-preview:-1"},"canonical":"https:\/\/weightlossmedssales.com\/sv\/product\/oxikodon-30-mg\/","og_locale":"sv_SE","og_type":"article","og_title":"Oxikodon 30 mg","og_description":"K\u00f6p oxikodon online. Oxikodon 30 mg piller till salu. Bes\u00f6k v\u00e5r webbplats och best\u00e4ll oxikodon 30 mg till mycket bra priser.","og_url":"https:\/\/weightlossmedssales.com\/sv\/product\/oxikodon-30-mg\/","og_site_name":"Family Healthcare Pharmacy","og_image":[{"width":500,"height":666,"url":"https:\/\/weightlossmedssales.com\/wp-content\/uploads\/2025\/04\/tumblr_oq2mxivnj11uya6pbo1_500.jpg","type":"image\/jpeg"}],"twitter_card":"summary_large_image","twitter_misc":{"Pris":"&#36;3.00","Tillg\u00e4nglig":"I lager"},"schema":{"@context":"https:\/\/schema.org","@graph":[{"@type":"WebPage","@id":"https:\/\/weightlossmedssales.com\/sv\/product\/oxikodon-30-mg\/","url":"https:\/\/weightlossmedssales.com\/sv\/product\/oxikodon-30-mg\/","name":"K\u00f6p Oxycodone Online - Oxycodone 30 mg piller till salu","isPartOf":{"@id":"https:\/\/weightlossmedssales.com\/#website"},"primaryImageOfPage":{"@id":"https:\/\/weightlossmedssales.com\/sv\/product\/oxikodon-30-mg\/#primaryimage"},"image":{"@id":"https:\/\/weightlossmedssales.com\/sv\/product\/oxikodon-30-mg\/#primaryimage"},"thumbnailUrl":"https:\/\/weightlossmedssales.com\/wp-content\/uploads\/2025\/04\/tumblr_oq2mxivnj11uya6pbo1_500.jpg","datePublished":"2025-04-18T10:35:14+00:00","description":"K\u00f6p oxikodon online. Oxikodon 30 mg piller till salu. Bes\u00f6k v\u00e5r webbplats och best\u00e4ll oxikodon 30 mg till mycket bra priser.","breadcrumb":{"@id":"https:\/\/weightlossmedssales.com\/sv\/product\/oxikodon-30-mg\/#breadcrumb"},"inLanguage":"sv-SE","potentialAction":[{"@type":"ReadAction","target":["https:\/\/weightlossmedssales.com\/sv\/product\/oxikodon-30-mg\/"]}]},{"@type":"ImageObject","inLanguage":"sv-SE","@id":"https:\/\/weightlossmedssales.com\/sv\/product\/oxikodon-30-mg\/#primaryimage","url":"https:\/\/weightlossmedssales.com\/wp-content\/uploads\/2025\/04\/tumblr_oq2mxivnj11uya6pbo1_500.jpg","contentUrl":"https:\/\/weightlossmedssales.com\/wp-content\/uploads\/2025\/04\/tumblr_oq2mxivnj11uya6pbo1_500.jpg","width":500,"height":666},{"@type":"BreadcrumbList","@id":"https:\/\/weightlossmedssales.com\/sv\/product\/oxikodon-30-mg\/#breadcrumb","itemListElement":[{"@type":"ListItem","position":1,"name":"Home","item":"https:\/\/weightlossmedssales.com\/sv\/hem\/"},{"@type":"ListItem","position":2,"name":"Shop","item":"https:\/\/weightlossmedssales.com\/shop\/"},{"@type":"ListItem","position":3,"name":"Oxikodon 30 mg"}]},{"@type":"WebSite","@id":"https:\/\/weightlossmedssales.com\/#website","url":"https:\/\/weightlossmedssales.com\/","name":"Family Healthcare Pharmacy","description":"Weight Loss Medicines","potentialAction":[{"@type":"SearchAction","target":{"@type":"EntryPoint","urlTemplate":"https:\/\/weightlossmedssales.com\/?s={search_term_string}"},"query-input":{"@type":"PropertyValueSpecification","valueRequired":true,"valueName":"search_term_string"}}],"inLanguage":"sv-SE"}]},"product_price_amount":"3.00","product_price_currency":"USD","og_availability":"instock","product_availability":"instock","product_retailer_item_id":"SU79376","product_condition":"new"},"_links":{"self":[{"href":"https:\/\/weightlossmedssales.com\/sv\/wp-json\/wp\/v2\/product\/1768","targetHints":{"allow":["GET"]}}],"collection":[{"href":"https:\/\/weightlossmedssales.com\/sv\/wp-json\/wp\/v2\/product"}],"about":[{"href":"https:\/\/weightlossmedssales.com\/sv\/wp-json\/wp\/v2\/types\/product"}],"replies":[{"embeddable":true,"href":"https:\/\/weightlossmedssales.com\/sv\/wp-json\/wp\/v2\/comments?post=1768"}],"version-history":[{"count":0,"href":"https:\/\/weightlossmedssales.com\/sv\/wp-json\/wp\/v2\/product\/1768\/revisions"}],"wp:featuredmedia":[{"embeddable":true,"href":"https:\/\/weightlossmedssales.com\/sv\/wp-json\/wp\/v2\/media\/1483"}],"wp:attachment":[{"href":"https:\/\/weightlossmedssales.com\/sv\/wp-json\/wp\/v2\/media?parent=1768"}],"wp:term":[{"taxonomy":"product_brand","embeddable":true,"href":"https:\/\/weightlossmedssales.com\/sv\/wp-json\/wp\/v2\/product_brand?post=1768"},{"taxonomy":"product_cat","embeddable":true,"href":"https:\/\/weightlossmedssales.com\/sv\/wp-json\/wp\/v2\/product_cat?post=1768"},{"taxonomy":"product_tag","embeddable":true,"href":"https:\/\/weightlossmedssales.com\/sv\/wp-json\/wp\/v2\/product_tag?post=1768"}],"curies":[{"name":"wp","href":"https:\/\/api.w.org\/{rel}","templated":true}]}}