{"id":1770,"date":"2025-04-18T10:35:14","date_gmt":"2025-04-18T10:35:14","guid":{"rendered":"https:\/\/weightlossmedssales.com\/product\/vyvanse-50-mg\/"},"modified":"2025-04-18T10:35:14","modified_gmt":"2025-04-18T10:35:14","slug":"vyvanse-50-mg","status":"publish","type":"product","link":"https:\/\/weightlossmedssales.com\/sv\/product\/vyvanse-50-mg\/","title":{"rendered":"Vyvanse 50 mg"},"content":{"rendered":"<h2>K\u00f6p vyvanse online<\/h2>\n<p>K\u00f6p vyvanse online. Vi \u00e4r topprankade och mest p\u00e5litliga leverant\u00f6rer av Vyvanse 50 mg piller och kapslar online till mycket billiga priser utan recept. V\u00e5ra leveranstj\u00e4nster \u00e4r billiga, diskreta och mycket s\u00e4kra. Du beh\u00f6ver inte ett recept f\u00f6r att best\u00e4lla fr\u00e5n oss. Allt du beh\u00f6ver g\u00f6ra \u00e4r att l\u00e4gga till det belopp du vill best\u00e4lla i kundvagnen, kassan och sedan slutf\u00f6ra din best\u00e4llning. Vi \u00e4r 100% riktiga och legitima. Vi skickar till alla delar av USA \u00f6ver natten. Leverans framg\u00e5ngsgrad \u00e4r 100%. Vi har ocks\u00e5 <a href=\"https:\/\/suboxoneproducts.com\/product\/buy-vyvanse-70-mg-online\/\">Vyvanse 70 mg i<\/a> lager. <a href=\"https:\/\/suboxoneproducts.com\/product\/buy-vyvanse-online\/\">K\u00f6p Vyvanse online<\/a>        <\/p>\n<h2>Vyvanse 50 mg<\/h2>\n<p>Denna medicin \u00e4r ett stimulerande medel. Det antas verka genom att \u00e5terst\u00e4lla balansen mellan vissa naturliga kemikalier (neurotransmittorer) i hj\u00e4rnan. VYVANSE (lisdexamfetamindimesylat), ett centralstimulerande medel, \u00e4r avsett f\u00f6r oral administrering en g\u00e5ng om dagen. Den kemiska beteckningen f\u00f6r lisdexamfetamindimesylat \u00e4r (2S)-2,6-diaminoN-[(1S)-1-metyl-2-fenyletyl]hexanamiddimetansulfonat. Molekylformeln \u00e4r C15H25N3O-(CH4O3S)2, vilket motsvarar en molekylvikt p\u00e5 455,60.    <\/p>\n<h3>DOSERING OCH ADMINISTRERING<\/h3>\n<h4>Screening f\u00f6re behandling<\/h4>\n<p>F\u00f6re behandling av barn, ungdomar och vuxna med centralstimulerande medel, inklusive VYVANSE, ska f\u00f6rekomst av hj\u00e4rtsjukdom unders\u00f6kas (t.ex. noggrann anamnes, familjeanamnes p\u00e5 pl\u00f6tslig d\u00f6d eller <a href=\"https:\/\/www.rxlist.com\/script\/main\/art.asp?articlekey=26787\" rel=\"dict\">ventrikul\u00e4r<\/a> <a href=\"https:\/\/www.rxlist.com\/script\/main\/art.asp?articlekey=2328\" rel=\"dict\">arytmi<\/a> och fysisk unders\u00f6kning).<\/p>\n<p>F\u00f6r att minska missbruk av centralstimulerande medel, inklusive VYVANSE, ska risken f\u00f6r missbruk bed\u00f6mas f\u00f6re f\u00f6rskrivning. Efter f\u00f6rskrivning, f\u00f6r noggranna f\u00f6rskrivningsjournaler, utbilda patienter om missbruk, \u00f6vervaka tecken p\u00e5 missbruk och \u00f6verdosering och omv\u00e4rdera behovet av VYVANSE. <\/p>\n<h4>Allm\u00e4nna anvisningar f\u00f6r anv\u00e4ndning<\/h4>\n<p>Ta VYVANSE genom munnen p\u00e5 morgonen med eller utan mat; undvik eftermiddagsdoser p\u00e5 grund av risken f\u00f6r s\u00f6mnl\u00f6shet. VYVANSE kan administreras p\u00e5 ett av f\u00f6ljande s\u00e4tt: <\/p>\n<h5>Information f\u00f6r VYVANSE Capsules:<\/h5>\n<ul>\n<li>Sv\u00e4lj VYVANSE-kapslarna hela, eller<\/li>\n<li>\u00d6ppna kapslarna, t\u00f6m dem och blanda hela inneh\u00e5llet med yoghurt, vatten eller apelsinjuice. Om kapselns inneh\u00e5ll inneh\u00e5ller n\u00e5got kompakt pulver kan en sked anv\u00e4ndas f\u00f6r att bryta s\u00f6nder pulvret. Inneh\u00e5llet ska blandas tills det \u00e4r helt dispergerat. Konsumera hela blandningen <b>omedelbart<\/b>. Den ska inte f\u00f6rvaras. Den aktiva best\u00e5ndsdelen l\u00f6ses upp fullst\u00e4ndigt efter dispergering, men en hinna som inneh\u00e5ller de inaktiva best\u00e5ndsdelarna kan finnas kvar i glaset eller beh\u00e5llaren n\u00e4r blandningen har intagits.      <a href=\"https:\/\/buyadderall.online\/\">K\u00f6p Adderall online &#8211; Adderall till salu online. Ingen Rx <\/a><\/li>\n<\/ul>\n<h5>Information f\u00f6r VYVANSE tuggtabletter:<\/h5>\n<p>VYVANSE kapslar kan bytas ut mot VYVANSE tuggtabletter p\u00e5 en enhet per enhet\/mg per mg-basis (t.ex. 30 mg kapslar mot 30 mg tuggtablett).<\/p>\n<p>Ta inte mindre \u00e4n en kapsel eller tuggtablett per dag. En eng\u00e5ngsdos ska inte delas. <\/p>\n<h4>Dosering f\u00f6r behandling av ADHD<\/h4>\n<p>Den rekommenderade startdosen \u00e4r 30 mg en g\u00e5ng dagligen p\u00e5 morgonen f\u00f6r patienter fr\u00e5n 6 \u00e5r och upp\u00e5t. Doseringen kan justeras i steg om 10 mg eller 20 mg med ungef\u00e4rliga veckovisa intervall upp till maximal dos av <a href=\"https:\/\/suboxoneproducts.com\/product\/vyvanse-70-mg\/\">Vyvanse 70 mg\/dag<\/a>. <\/p>\n<h4>Dosering f\u00f6r behandling av m\u00e5ttlig till sv\u00e5r BED hos vuxna<\/h4>\n<p>Den rekommenderade startdosen \u00e4r 30 mg\/dag som sedan titreras i steg om 20 mg med ungef\u00e4rliga veckovisa intervall f\u00f6r att uppn\u00e5 den rekommenderade m\u00e5ldosen p\u00e5 50 till 70 mg\/dag. Den maximala dosen \u00e4r 70 mg\/dag. S\u00e4tt ut VYVANSE om hets\u00e4tningen inte f\u00f6rb\u00e4ttras.  <\/p>\n<h3>Anv\u00e4ndningar av Vyvanse<\/h3>\n<p>Lisdexamfetamin anv\u00e4nds f\u00f6r att behandla hyperaktivitetsst\u00f6rning med uppm\u00e4rksamhetsst\u00f6rning (ADHD) som en del av en total behandlingsplan, inklusive psykologiska, sociala och andra behandlingar. Det kan bidra till att \u00f6ka f\u00f6rm\u00e5gan att vara uppm\u00e4rksam, h\u00e5lla fokus och sluta rastl\u00f6s. Lisdexamfetamin kan ocks\u00e5 anv\u00e4ndas f\u00f6r att behandla hets\u00e4tningsst\u00f6rning (BED). Det kan bidra till att minska antalet dagar med hets\u00e4tning.   <\/p>\n<h3>Hur man anv\u00e4nder Vyvanse<\/h3>\n<p>Ta denna medicin med eller utan mat enligt anvisningar fr\u00e5n din l\u00e4kare, vanligtvis en g\u00e5ng dagligen p\u00e5 morgonen. Ta inte detta l\u00e4kemedel p\u00e5 eftermiddagen eller kv\u00e4llen eftersom det kan orsaka s\u00f6mnproblem. Doseringen baseras p\u00e5 ditt medicinska tillst\u00e5nd och ditt svar p\u00e5 behandlingen. Din l\u00e4kare kan justera din dos f\u00f6r att hitta den dos som \u00e4r b\u00e4st f\u00f6r dig. F\u00f6lj din l\u00e4kares instruktioner noggrant.    <\/p>\n<p>Om du tar en tuggtablett ska du tugga tabletten ordentligt och sedan sv\u00e4lja den.<\/p>\n<h2>K\u00f6p vyvanse online<\/h2>\n<p>Om du tar kapselformen av detta l\u00e4kemedel, sv\u00e4lj kapseln hela. Om du har sv\u00e5rt att sv\u00e4lja kapseln kan du \u00f6ppna den och h\u00e4lla hela inneh\u00e5llet (pulvret) i ett glas vatten eller apelsinjuice eller blanda det i yoghurt. R\u00f6r om ordentligt tills inneh\u00e5llet l\u00f6sts upp helt och h\u00e5llet. Drick eller \u00e4t blandningen direkt. F\u00f6rbered inte en leverans i f\u00f6rv\u00e4g. Det \u00e4r normalt att se en filmaktig bel\u00e4ggning p\u00e5 insidan av glaset eller beh\u00e5llaren efter att du har druckit eller \u00e4tit hela medicinen.     <\/p>\n<p>Anv\u00e4nd denna medicin regelbundet f\u00f6r att f\u00e5 st\u00f6rsta m\u00f6jliga nytta av den. F\u00f6r att hj\u00e4lpa dig att komma ih\u00e5g, ta den vid samma tid varje dag. <\/p>\n<p>Under behandlingen kan din l\u00e4kare ibland rekommendera att du slutar med medicinen under en kort tid f\u00f6r att se om det sker n\u00e5gra f\u00f6r\u00e4ndringar i ditt beteende och om medicinen fortfarande beh\u00f6vs.<\/p>\n<h2>Vyvanse till salu<\/h2>\n<p>Detta l\u00e4kemedel kan orsaka abstinensreaktioner, s\u00e4rskilt om det har anv\u00e4nts regelbundet under l\u00e5ng tid eller i h\u00f6ga doser. I s\u00e5dana fall kan abstinenssymtom (inklusive sv\u00e5r tr\u00f6tthet, s\u00f6mnproblem, mentala f\u00f6r\u00e4ndringar s\u00e5som depression) uppst\u00e5 om du pl\u00f6tsligt slutar anv\u00e4nda detta l\u00e4kemedel. F\u00f6r att f\u00f6rhindra abstinensreaktioner kan din l\u00e4kare minska din dos gradvis. R\u00e5dfr\u00e5ga l\u00e4kare eller apotekspersonal f\u00f6r mer information och rapportera omedelbart eventuella abstinensreaktioner.   <\/p>\n<p>\u00c4ven om det hj\u00e4lper m\u00e5nga m\u00e4nniskor kan denna medicin ibland orsaka missbruk. Denna risk kan vara h\u00f6gre om du har en substansanv\u00e4ndningsst\u00f6rning (s\u00e5som \u00f6veranv\u00e4ndning av eller beroende av droger \/ alkohol). \u00d6ka inte din dos, ta den oftare eller anv\u00e4nd den under en l\u00e4ngre tid \u00e4n vad som f\u00f6reskrivs. Avsluta medicineringen p\u00e5 r\u00e4tt s\u00e4tt n\u00e4r s\u00e5 anges.   <\/p>\n<p>N\u00e4r detta l\u00e4kemedel anv\u00e4nds under l\u00e5ng tid kanske det inte fungerar lika bra. Tala med din l\u00e4kare om denna medicinering slutar fungera bra. K\u00f6p vyvanse online  <\/p>\n","protected":false},"excerpt":{"rendered":"<p><strong>Produkt: Vyvanse <\/strong><br \/>\n<strong>Styrka: 50 MG<\/strong><br \/>\n<strong>F\u00f6rpackning: 100 kapslar<\/strong><br \/>\n<strong>Ingen receptbelagd medicin.<\/strong><\/p>\n","protected":false},"featured_media":1480,"menu_order":0,"comment_status":"open","ping_status":"closed","template":"","meta":[],"product_brand":[],"product_cat":[165],"product_tag":[],"class_list":{"0":"post-1770","1":"product","2":"type-product","3":"status-publish","4":"has-post-thumbnail","6":"product_cat-okategoriserade-sv","8":"first","9":"instock","10":"shipping-taxable","11":"purchasable","12":"product-type-simple"},"yoast_head":"<!-- This site is optimized with the Yoast SEO Premium plugin v23.3 (Yoast SEO v26.4) - https:\/\/yoast.com\/wordpress\/plugins\/seo\/ -->\n<title>K\u00f6p Vyvanse online - Vyvanse 50 mg till salu online utan recept<\/title>\n<meta name=\"description\" content=\"K\u00f6p Vyvanse online. Vyvanse till salu. Vi levererar vyvanse 50 kapslar online till mycket billiga priser online utan recept. Frakt \u00f6ver natten\" \/>\n<meta name=\"robots\" content=\"index, follow, max-snippet:-1, max-image-preview:large, max-video-preview:-1\" \/>\n<link rel=\"canonical\" href=\"https:\/\/weightlossmedssales.com\/sv\/product\/vyvanse-50-mg\/\" \/>\n<meta property=\"og:locale\" content=\"sv_SE\" \/>\n<meta property=\"og:type\" content=\"article\" \/>\n<meta property=\"og:title\" content=\"Vyvanse 50 mg\" \/>\n<meta property=\"og:description\" content=\"K\u00f6p Vyvanse online. Vyvanse till salu. Vi levererar vyvanse 50 kapslar online till mycket billiga priser online utan recept. Frakt \u00f6ver natten\" \/>\n<meta property=\"og:url\" content=\"https:\/\/weightlossmedssales.com\/sv\/product\/vyvanse-50-mg\/\" \/>\n<meta property=\"og:site_name\" content=\"Family Healthcare Pharmacy\" \/>\n<meta property=\"og:image\" content=\"https:\/\/weightlossmedssales.com\/wp-content\/uploads\/2025\/04\/vyvanse-50-mg-1-scaled-e1679018829909.jpg\" \/>\n\t<meta property=\"og:image:width\" content=\"1600\" \/>\n\t<meta property=\"og:image:height\" content=\"1200\" \/>\n\t<meta property=\"og:image:type\" content=\"image\/jpeg\" \/>\n<meta name=\"twitter:card\" content=\"summary_large_image\" \/>\n<meta name=\"twitter:label1\" content=\"Pris\" \/>\n\t<meta name=\"twitter:data1\" content=\"&#036;2.30\" \/>\n\t<meta name=\"twitter:label2\" content=\"Tillg\u00e4nglig\" \/>\n\t<meta name=\"twitter:data2\" content=\"I lager\" \/>\n<script type=\"application\/ld+json\" class=\"yoast-schema-graph\">{\"@context\":\"https:\/\/schema.org\",\"@graph\":[{\"@type\":\"WebPage\",\"@id\":\"https:\/\/weightlossmedssales.com\/sv\/product\/vyvanse-50-mg\/\",\"url\":\"https:\/\/weightlossmedssales.com\/sv\/product\/vyvanse-50-mg\/\",\"name\":\"K\u00f6p Vyvanse online - Vyvanse 50 mg till salu online utan recept\",\"isPartOf\":{\"@id\":\"https:\/\/weightlossmedssales.com\/#website\"},\"primaryImageOfPage\":{\"@id\":\"https:\/\/weightlossmedssales.com\/sv\/product\/vyvanse-50-mg\/#primaryimage\"},\"image\":{\"@id\":\"https:\/\/weightlossmedssales.com\/sv\/product\/vyvanse-50-mg\/#primaryimage\"},\"thumbnailUrl\":\"https:\/\/weightlossmedssales.com\/wp-content\/uploads\/2025\/04\/vyvanse-50-mg-1-scaled-e1679018829909.jpg\",\"datePublished\":\"2025-04-18T10:35:14+00:00\",\"description\":\"K\u00f6p Vyvanse online. Vyvanse till salu. Vi levererar vyvanse 50 kapslar online till mycket billiga priser online utan recept. Frakt \u00f6ver natten\",\"breadcrumb\":{\"@id\":\"https:\/\/weightlossmedssales.com\/sv\/product\/vyvanse-50-mg\/#breadcrumb\"},\"inLanguage\":\"sv-SE\",\"potentialAction\":[{\"@type\":\"ReadAction\",\"target\":[\"https:\/\/weightlossmedssales.com\/sv\/product\/vyvanse-50-mg\/\"]}]},{\"@type\":\"ImageObject\",\"inLanguage\":\"sv-SE\",\"@id\":\"https:\/\/weightlossmedssales.com\/sv\/product\/vyvanse-50-mg\/#primaryimage\",\"url\":\"https:\/\/weightlossmedssales.com\/wp-content\/uploads\/2025\/04\/vyvanse-50-mg-1-scaled-e1679018829909.jpg\",\"contentUrl\":\"https:\/\/weightlossmedssales.com\/wp-content\/uploads\/2025\/04\/vyvanse-50-mg-1-scaled-e1679018829909.jpg\",\"width\":1600,\"height\":1200},{\"@type\":\"BreadcrumbList\",\"@id\":\"https:\/\/weightlossmedssales.com\/sv\/product\/vyvanse-50-mg\/#breadcrumb\",\"itemListElement\":[{\"@type\":\"ListItem\",\"position\":1,\"name\":\"Home\",\"item\":\"https:\/\/weightlossmedssales.com\/sv\/hem\/\"},{\"@type\":\"ListItem\",\"position\":2,\"name\":\"Shop\",\"item\":\"https:\/\/weightlossmedssales.com\/shop\/\"},{\"@type\":\"ListItem\",\"position\":3,\"name\":\"Vyvanse 50 mg\"}]},{\"@type\":\"WebSite\",\"@id\":\"https:\/\/weightlossmedssales.com\/#website\",\"url\":\"https:\/\/weightlossmedssales.com\/\",\"name\":\"Family Healthcare Pharmacy\",\"description\":\"Weight Loss Medicines\",\"potentialAction\":[{\"@type\":\"SearchAction\",\"target\":{\"@type\":\"EntryPoint\",\"urlTemplate\":\"https:\/\/weightlossmedssales.com\/?s={search_term_string}\"},\"query-input\":{\"@type\":\"PropertyValueSpecification\",\"valueRequired\":true,\"valueName\":\"search_term_string\"}}],\"inLanguage\":\"sv-SE\"}]}<\/script>\n<meta property=\"product:price:amount\" content=\"2.30\" \/>\n<meta property=\"product:price:currency\" content=\"USD\" \/>\n<meta property=\"og:availability\" content=\"instock\" \/>\n<meta property=\"product:availability\" content=\"instock\" \/>\n<meta property=\"product:retailer_item_id\" content=\"SU93476\" \/>\n<meta property=\"product:condition\" content=\"new\" \/>\n<!-- \/ Yoast SEO Premium plugin. -->","yoast_head_json":{"title":"K\u00f6p Vyvanse online - Vyvanse 50 mg till salu online utan recept","description":"K\u00f6p Vyvanse online. Vyvanse till salu. Vi levererar vyvanse 50 kapslar online till mycket billiga priser online utan recept. Frakt \u00f6ver natten","robots":{"index":"index","follow":"follow","max-snippet":"max-snippet:-1","max-image-preview":"max-image-preview:large","max-video-preview":"max-video-preview:-1"},"canonical":"https:\/\/weightlossmedssales.com\/sv\/product\/vyvanse-50-mg\/","og_locale":"sv_SE","og_type":"article","og_title":"Vyvanse 50 mg","og_description":"K\u00f6p Vyvanse online. Vyvanse till salu. Vi levererar vyvanse 50 kapslar online till mycket billiga priser online utan recept. Frakt \u00f6ver natten","og_url":"https:\/\/weightlossmedssales.com\/sv\/product\/vyvanse-50-mg\/","og_site_name":"Family Healthcare Pharmacy","og_image":[{"width":1600,"height":1200,"url":"https:\/\/weightlossmedssales.com\/wp-content\/uploads\/2025\/04\/vyvanse-50-mg-1-scaled-e1679018829909.jpg","type":"image\/jpeg"}],"twitter_card":"summary_large_image","twitter_misc":{"Pris":"&#36;2.30","Tillg\u00e4nglig":"I lager"},"schema":{"@context":"https:\/\/schema.org","@graph":[{"@type":"WebPage","@id":"https:\/\/weightlossmedssales.com\/sv\/product\/vyvanse-50-mg\/","url":"https:\/\/weightlossmedssales.com\/sv\/product\/vyvanse-50-mg\/","name":"K\u00f6p Vyvanse online - Vyvanse 50 mg till salu online utan recept","isPartOf":{"@id":"https:\/\/weightlossmedssales.com\/#website"},"primaryImageOfPage":{"@id":"https:\/\/weightlossmedssales.com\/sv\/product\/vyvanse-50-mg\/#primaryimage"},"image":{"@id":"https:\/\/weightlossmedssales.com\/sv\/product\/vyvanse-50-mg\/#primaryimage"},"thumbnailUrl":"https:\/\/weightlossmedssales.com\/wp-content\/uploads\/2025\/04\/vyvanse-50-mg-1-scaled-e1679018829909.jpg","datePublished":"2025-04-18T10:35:14+00:00","description":"K\u00f6p Vyvanse online. Vyvanse till salu. Vi levererar vyvanse 50 kapslar online till mycket billiga priser online utan recept. Frakt \u00f6ver natten","breadcrumb":{"@id":"https:\/\/weightlossmedssales.com\/sv\/product\/vyvanse-50-mg\/#breadcrumb"},"inLanguage":"sv-SE","potentialAction":[{"@type":"ReadAction","target":["https:\/\/weightlossmedssales.com\/sv\/product\/vyvanse-50-mg\/"]}]},{"@type":"ImageObject","inLanguage":"sv-SE","@id":"https:\/\/weightlossmedssales.com\/sv\/product\/vyvanse-50-mg\/#primaryimage","url":"https:\/\/weightlossmedssales.com\/wp-content\/uploads\/2025\/04\/vyvanse-50-mg-1-scaled-e1679018829909.jpg","contentUrl":"https:\/\/weightlossmedssales.com\/wp-content\/uploads\/2025\/04\/vyvanse-50-mg-1-scaled-e1679018829909.jpg","width":1600,"height":1200},{"@type":"BreadcrumbList","@id":"https:\/\/weightlossmedssales.com\/sv\/product\/vyvanse-50-mg\/#breadcrumb","itemListElement":[{"@type":"ListItem","position":1,"name":"Home","item":"https:\/\/weightlossmedssales.com\/sv\/hem\/"},{"@type":"ListItem","position":2,"name":"Shop","item":"https:\/\/weightlossmedssales.com\/shop\/"},{"@type":"ListItem","position":3,"name":"Vyvanse 50 mg"}]},{"@type":"WebSite","@id":"https:\/\/weightlossmedssales.com\/#website","url":"https:\/\/weightlossmedssales.com\/","name":"Family Healthcare Pharmacy","description":"Weight Loss Medicines","potentialAction":[{"@type":"SearchAction","target":{"@type":"EntryPoint","urlTemplate":"https:\/\/weightlossmedssales.com\/?s={search_term_string}"},"query-input":{"@type":"PropertyValueSpecification","valueRequired":true,"valueName":"search_term_string"}}],"inLanguage":"sv-SE"}]},"product_price_amount":"2.30","product_price_currency":"USD","og_availability":"instock","product_availability":"instock","product_retailer_item_id":"SU93476","product_condition":"new"},"_links":{"self":[{"href":"https:\/\/weightlossmedssales.com\/sv\/wp-json\/wp\/v2\/product\/1770","targetHints":{"allow":["GET"]}}],"collection":[{"href":"https:\/\/weightlossmedssales.com\/sv\/wp-json\/wp\/v2\/product"}],"about":[{"href":"https:\/\/weightlossmedssales.com\/sv\/wp-json\/wp\/v2\/types\/product"}],"replies":[{"embeddable":true,"href":"https:\/\/weightlossmedssales.com\/sv\/wp-json\/wp\/v2\/comments?post=1770"}],"version-history":[{"count":0,"href":"https:\/\/weightlossmedssales.com\/sv\/wp-json\/wp\/v2\/product\/1770\/revisions"}],"wp:featuredmedia":[{"embeddable":true,"href":"https:\/\/weightlossmedssales.com\/sv\/wp-json\/wp\/v2\/media\/1480"}],"wp:attachment":[{"href":"https:\/\/weightlossmedssales.com\/sv\/wp-json\/wp\/v2\/media?parent=1770"}],"wp:term":[{"taxonomy":"product_brand","embeddable":true,"href":"https:\/\/weightlossmedssales.com\/sv\/wp-json\/wp\/v2\/product_brand?post=1770"},{"taxonomy":"product_cat","embeddable":true,"href":"https:\/\/weightlossmedssales.com\/sv\/wp-json\/wp\/v2\/product_cat?post=1770"},{"taxonomy":"product_tag","embeddable":true,"href":"https:\/\/weightlossmedssales.com\/sv\/wp-json\/wp\/v2\/product_tag?post=1770"}],"curies":[{"name":"wp","href":"https:\/\/api.w.org\/{rel}","templated":true}]}}