{"id":1810,"date":"2025-04-18T10:35:14","date_gmt":"2025-04-18T10:35:14","guid":{"rendered":"https:\/\/weightlossmedssales.com\/product\/metadon-40-mg\/"},"modified":"2025-04-18T10:35:14","modified_gmt":"2025-04-18T10:35:14","slug":"metadon-40-mg","status":"publish","type":"product","link":"https:\/\/weightlossmedssales.com\/sv\/product\/metadon-40-mg\/","title":{"rendered":"Metadon 40 MG"},"content":{"rendered":"<h1>K\u00f6p Metadon 40 mg online<\/h1>\n<p>K\u00f6p Metadon online. Metadon \u00e4r ett receptbelagt l\u00e4kemedel. Det \u00e4r en opioid, vilket g\u00f6r det till en kontrollerad substans. Det betyder att dess anv\u00e4ndning kommer att \u00f6vervakas noggrant av din l\u00e4kare.   <\/p>\n<p>Metadon finns som oral tablett, oral dispergerbar tablett (tablett som kan l\u00f6sas upp i v\u00e4tska), oral koncentrerad l\u00f6sning och oral l\u00f6sning. Metadon finns ocks\u00e5 i intraven\u00f6s (IV) form, som endast ges av h\u00e4lso- och sjukv\u00e5rdspersonal. <\/p>\n<p>Metadon finns som m\u00e4rkesl\u00e4kemedlen <strong>Methadose<\/strong> och <strong>Dolophine<\/strong>. Det finns ocks\u00e5 som ett generiskt l\u00e4kemedel. Generiska l\u00e4kemedel kostar vanligtvis mindre \u00e4n varum\u00e4rkesversioner. I vissa fall kanske de inte finns tillg\u00e4ngliga i alla styrkor eller former som m\u00e4rkesl\u00e4kemedel.   <\/p>\n<h3>Varf\u00f6r det anv\u00e4nds<\/h3>\n<p>Metadon oral tablett anv\u00e4nds f\u00f6r att hantera m\u00e5ttlig till sv\u00e5r sm\u00e4rta. Det ges endast n\u00e4r andra kortvariga eller icke-opioida sm\u00e4rtlindrande l\u00e4kemedel inte fungerar f\u00f6r dig eller om du inte t\u00e5l dem. <\/p>\n<p>Metadon anv\u00e4nds ocks\u00e5 f\u00f6r att hantera narkotikamissbruk. Om du \u00e4r beroende av en annan opioid kan din l\u00e4kare ge dig metadon f\u00f6r att f\u00f6rhindra att du f\u00e5r sv\u00e5ra abstinenssymtom. <\/p>\n<h3>S\u00e5 h\u00e4r fungerar det<\/h3>\n<p>Metadon tillh\u00f6r en klass av l\u00e4kemedel som kallas <a class=\"content-link css-5r4717\" href=\"https:\/\/www.healthline.com\/health\/opioids-list\" target=\"_blank\" rel=\"noopener noreferrer\">opioider<\/a> (narkotika). En l\u00e4kemedelsklass \u00e4r en grupp l\u00e4kemedel som fungerar p\u00e5 ett liknande s\u00e4tt. Dessa l\u00e4kemedel anv\u00e4nds ofta f\u00f6r att behandla liknande tillst\u00e5nd.  <\/p>\n<p>Metadon verkar p\u00e5 sm\u00e4rtreceptorer i din kropp. Det minskar hur mycket sm\u00e4rta du k\u00e4nner. <\/p>\n<p>Metadon kan ocks\u00e5 ers\u00e4tta ett annat opioidl\u00e4kemedel som du \u00e4r beroende av. Detta kommer att hindra dig fr\u00e5n att ha allvarliga abstinenssymptom. K\u00f6p metadon online.  <\/p>\n","protected":false},"excerpt":{"rendered":"<p>K\u00f6p Metadon 40 mg online K\u00f6p Metadon online. Metadon \u00e4r ett receptbelagt l\u00e4kemedel. Det \u00e4r en opioid, vilket g\u00f6r det till en kontrollerad substans. Det betyder att dess anv\u00e4ndning kommer att \u00f6vervakas noggrant av din l\u00e4kare. Metadon finns som oral tablett, oral dispergerbar tablett (tablett som kan l\u00f6sas upp i v\u00e4tska), oral koncentrerad l\u00f6sning och &#8230;<\/p>\n","protected":false},"featured_media":1492,"menu_order":0,"comment_status":"open","ping_status":"closed","template":"","meta":[],"product_brand":[],"product_cat":[165],"product_tag":[],"class_list":{"0":"post-1810","1":"product","2":"type-product","3":"status-publish","4":"has-post-thumbnail","6":"product_cat-okategoriserade-sv","8":"first","9":"instock","10":"shipping-taxable","11":"purchasable","12":"product-type-simple"},"yoast_head":"<!-- This site is optimized with the Yoast SEO Premium plugin v23.3 (Yoast SEO v26.4) - https:\/\/yoast.com\/wordpress\/plugins\/seo\/ -->\n<title>K\u00f6p Metadon online - Metadon 40 mg till salu<\/title>\n<meta name=\"description\" content=\"K\u00f6p Metadon online. Metadon 40 mg piller till salu online utan recept. Diskret f\u00f6rpackning och frakt. Bes\u00f6k oss nu f\u00f6r mer info\" \/>\n<meta name=\"robots\" content=\"index, follow, max-snippet:-1, max-image-preview:large, max-video-preview:-1\" \/>\n<link rel=\"canonical\" href=\"https:\/\/weightlossmedssales.com\/sv\/product\/metadon-40-mg\/\" \/>\n<meta property=\"og:locale\" content=\"sv_SE\" \/>\n<meta property=\"og:type\" content=\"article\" \/>\n<meta property=\"og:title\" content=\"Metadon 40 MG\" \/>\n<meta property=\"og:description\" content=\"K\u00f6p Metadon online. Metadon 40 mg piller till salu online utan recept. Diskret f\u00f6rpackning och frakt. Bes\u00f6k oss nu f\u00f6r mer info\" \/>\n<meta property=\"og:url\" content=\"https:\/\/weightlossmedssales.com\/sv\/product\/metadon-40-mg\/\" \/>\n<meta property=\"og:site_name\" content=\"Family Healthcare Pharmacy\" \/>\n<meta property=\"og:image\" content=\"https:\/\/weightlossmedssales.com\/wp-content\/uploads\/2025\/04\/Methadose-40mg-5-Disks-600x450-1.jpg\" \/>\n\t<meta property=\"og:image:width\" content=\"600\" \/>\n\t<meta property=\"og:image:height\" content=\"450\" \/>\n\t<meta property=\"og:image:type\" content=\"image\/jpeg\" \/>\n<meta name=\"twitter:card\" content=\"summary_large_image\" \/>\n<meta name=\"twitter:label1\" content=\"Pris\" \/>\n\t<meta name=\"twitter:data1\" content=\"&#036;2.00\" \/>\n\t<meta name=\"twitter:label2\" content=\"Tillg\u00e4nglig\" \/>\n\t<meta name=\"twitter:data2\" content=\"I lager\" \/>\n<script type=\"application\/ld+json\" class=\"yoast-schema-graph\">{\"@context\":\"https:\/\/schema.org\",\"@graph\":[{\"@type\":\"WebPage\",\"@id\":\"https:\/\/weightlossmedssales.com\/sv\/product\/metadon-40-mg\/\",\"url\":\"https:\/\/weightlossmedssales.com\/sv\/product\/metadon-40-mg\/\",\"name\":\"K\u00f6p Metadon online - Metadon 40 mg till salu\",\"isPartOf\":{\"@id\":\"https:\/\/weightlossmedssales.com\/#website\"},\"primaryImageOfPage\":{\"@id\":\"https:\/\/weightlossmedssales.com\/sv\/product\/metadon-40-mg\/#primaryimage\"},\"image\":{\"@id\":\"https:\/\/weightlossmedssales.com\/sv\/product\/metadon-40-mg\/#primaryimage\"},\"thumbnailUrl\":\"https:\/\/weightlossmedssales.com\/wp-content\/uploads\/2025\/04\/Methadose-40mg-5-Disks-600x450-1.jpg\",\"datePublished\":\"2025-04-18T10:35:14+00:00\",\"description\":\"K\u00f6p Metadon online. Metadon 40 mg piller till salu online utan recept. Diskret f\u00f6rpackning och frakt. Bes\u00f6k oss nu f\u00f6r mer info\",\"breadcrumb\":{\"@id\":\"https:\/\/weightlossmedssales.com\/sv\/product\/metadon-40-mg\/#breadcrumb\"},\"inLanguage\":\"sv-SE\",\"potentialAction\":[{\"@type\":\"ReadAction\",\"target\":[\"https:\/\/weightlossmedssales.com\/sv\/product\/metadon-40-mg\/\"]}]},{\"@type\":\"ImageObject\",\"inLanguage\":\"sv-SE\",\"@id\":\"https:\/\/weightlossmedssales.com\/sv\/product\/metadon-40-mg\/#primaryimage\",\"url\":\"https:\/\/weightlossmedssales.com\/wp-content\/uploads\/2025\/04\/Methadose-40mg-5-Disks-600x450-1.jpg\",\"contentUrl\":\"https:\/\/weightlossmedssales.com\/wp-content\/uploads\/2025\/04\/Methadose-40mg-5-Disks-600x450-1.jpg\",\"width\":600,\"height\":450},{\"@type\":\"BreadcrumbList\",\"@id\":\"https:\/\/weightlossmedssales.com\/sv\/product\/metadon-40-mg\/#breadcrumb\",\"itemListElement\":[{\"@type\":\"ListItem\",\"position\":1,\"name\":\"Home\",\"item\":\"https:\/\/weightlossmedssales.com\/sv\/hem\/\"},{\"@type\":\"ListItem\",\"position\":2,\"name\":\"Shop\",\"item\":\"https:\/\/weightlossmedssales.com\/shop\/\"},{\"@type\":\"ListItem\",\"position\":3,\"name\":\"Metadon 40 MG\"}]},{\"@type\":\"WebSite\",\"@id\":\"https:\/\/weightlossmedssales.com\/#website\",\"url\":\"https:\/\/weightlossmedssales.com\/\",\"name\":\"Family Healthcare Pharmacy\",\"description\":\"Weight Loss Medicines\",\"potentialAction\":[{\"@type\":\"SearchAction\",\"target\":{\"@type\":\"EntryPoint\",\"urlTemplate\":\"https:\/\/weightlossmedssales.com\/?s={search_term_string}\"},\"query-input\":{\"@type\":\"PropertyValueSpecification\",\"valueRequired\":true,\"valueName\":\"search_term_string\"}}],\"inLanguage\":\"sv-SE\"}]}<\/script>\n<meta property=\"product:price:amount\" content=\"2.00\" \/>\n<meta property=\"product:price:currency\" content=\"USD\" \/>\n<meta property=\"og:availability\" content=\"instock\" \/>\n<meta property=\"product:availability\" content=\"instock\" \/>\n<meta property=\"product:retailer_item_id\" content=\"SU51979\" \/>\n<meta property=\"product:condition\" content=\"new\" \/>\n<!-- \/ Yoast SEO Premium plugin. -->","yoast_head_json":{"title":"K\u00f6p Metadon online - Metadon 40 mg till salu","description":"K\u00f6p Metadon online. Metadon 40 mg piller till salu online utan recept. Diskret f\u00f6rpackning och frakt. Bes\u00f6k oss nu f\u00f6r mer info","robots":{"index":"index","follow":"follow","max-snippet":"max-snippet:-1","max-image-preview":"max-image-preview:large","max-video-preview":"max-video-preview:-1"},"canonical":"https:\/\/weightlossmedssales.com\/sv\/product\/metadon-40-mg\/","og_locale":"sv_SE","og_type":"article","og_title":"Metadon 40 MG","og_description":"K\u00f6p Metadon online. Metadon 40 mg piller till salu online utan recept. Diskret f\u00f6rpackning och frakt. Bes\u00f6k oss nu f\u00f6r mer info","og_url":"https:\/\/weightlossmedssales.com\/sv\/product\/metadon-40-mg\/","og_site_name":"Family Healthcare Pharmacy","og_image":[{"width":600,"height":450,"url":"https:\/\/weightlossmedssales.com\/wp-content\/uploads\/2025\/04\/Methadose-40mg-5-Disks-600x450-1.jpg","type":"image\/jpeg"}],"twitter_card":"summary_large_image","twitter_misc":{"Pris":"&#36;2.00","Tillg\u00e4nglig":"I lager"},"schema":{"@context":"https:\/\/schema.org","@graph":[{"@type":"WebPage","@id":"https:\/\/weightlossmedssales.com\/sv\/product\/metadon-40-mg\/","url":"https:\/\/weightlossmedssales.com\/sv\/product\/metadon-40-mg\/","name":"K\u00f6p Metadon online - Metadon 40 mg till salu","isPartOf":{"@id":"https:\/\/weightlossmedssales.com\/#website"},"primaryImageOfPage":{"@id":"https:\/\/weightlossmedssales.com\/sv\/product\/metadon-40-mg\/#primaryimage"},"image":{"@id":"https:\/\/weightlossmedssales.com\/sv\/product\/metadon-40-mg\/#primaryimage"},"thumbnailUrl":"https:\/\/weightlossmedssales.com\/wp-content\/uploads\/2025\/04\/Methadose-40mg-5-Disks-600x450-1.jpg","datePublished":"2025-04-18T10:35:14+00:00","description":"K\u00f6p Metadon online. Metadon 40 mg piller till salu online utan recept. Diskret f\u00f6rpackning och frakt. Bes\u00f6k oss nu f\u00f6r mer info","breadcrumb":{"@id":"https:\/\/weightlossmedssales.com\/sv\/product\/metadon-40-mg\/#breadcrumb"},"inLanguage":"sv-SE","potentialAction":[{"@type":"ReadAction","target":["https:\/\/weightlossmedssales.com\/sv\/product\/metadon-40-mg\/"]}]},{"@type":"ImageObject","inLanguage":"sv-SE","@id":"https:\/\/weightlossmedssales.com\/sv\/product\/metadon-40-mg\/#primaryimage","url":"https:\/\/weightlossmedssales.com\/wp-content\/uploads\/2025\/04\/Methadose-40mg-5-Disks-600x450-1.jpg","contentUrl":"https:\/\/weightlossmedssales.com\/wp-content\/uploads\/2025\/04\/Methadose-40mg-5-Disks-600x450-1.jpg","width":600,"height":450},{"@type":"BreadcrumbList","@id":"https:\/\/weightlossmedssales.com\/sv\/product\/metadon-40-mg\/#breadcrumb","itemListElement":[{"@type":"ListItem","position":1,"name":"Home","item":"https:\/\/weightlossmedssales.com\/sv\/hem\/"},{"@type":"ListItem","position":2,"name":"Shop","item":"https:\/\/weightlossmedssales.com\/shop\/"},{"@type":"ListItem","position":3,"name":"Metadon 40 MG"}]},{"@type":"WebSite","@id":"https:\/\/weightlossmedssales.com\/#website","url":"https:\/\/weightlossmedssales.com\/","name":"Family Healthcare Pharmacy","description":"Weight Loss Medicines","potentialAction":[{"@type":"SearchAction","target":{"@type":"EntryPoint","urlTemplate":"https:\/\/weightlossmedssales.com\/?s={search_term_string}"},"query-input":{"@type":"PropertyValueSpecification","valueRequired":true,"valueName":"search_term_string"}}],"inLanguage":"sv-SE"}]},"product_price_amount":"2.00","product_price_currency":"USD","og_availability":"instock","product_availability":"instock","product_retailer_item_id":"SU51979","product_condition":"new"},"_links":{"self":[{"href":"https:\/\/weightlossmedssales.com\/sv\/wp-json\/wp\/v2\/product\/1810","targetHints":{"allow":["GET"]}}],"collection":[{"href":"https:\/\/weightlossmedssales.com\/sv\/wp-json\/wp\/v2\/product"}],"about":[{"href":"https:\/\/weightlossmedssales.com\/sv\/wp-json\/wp\/v2\/types\/product"}],"replies":[{"embeddable":true,"href":"https:\/\/weightlossmedssales.com\/sv\/wp-json\/wp\/v2\/comments?post=1810"}],"version-history":[{"count":0,"href":"https:\/\/weightlossmedssales.com\/sv\/wp-json\/wp\/v2\/product\/1810\/revisions"}],"wp:featuredmedia":[{"embeddable":true,"href":"https:\/\/weightlossmedssales.com\/sv\/wp-json\/wp\/v2\/media\/1492"}],"wp:attachment":[{"href":"https:\/\/weightlossmedssales.com\/sv\/wp-json\/wp\/v2\/media?parent=1810"}],"wp:term":[{"taxonomy":"product_brand","embeddable":true,"href":"https:\/\/weightlossmedssales.com\/sv\/wp-json\/wp\/v2\/product_brand?post=1810"},{"taxonomy":"product_cat","embeddable":true,"href":"https:\/\/weightlossmedssales.com\/sv\/wp-json\/wp\/v2\/product_cat?post=1810"},{"taxonomy":"product_tag","embeddable":true,"href":"https:\/\/weightlossmedssales.com\/sv\/wp-json\/wp\/v2\/product_tag?post=1810"}],"curies":[{"name":"wp","href":"https:\/\/api.w.org\/{rel}","templated":true}]}}