{"id":1815,"date":"2025-04-18T10:52:59","date_gmt":"2025-04-18T10:52:59","guid":{"rendered":"https:\/\/weightlossmedssales.com\/product\/focalin-20-mg\/"},"modified":"2025-04-18T10:52:59","modified_gmt":"2025-04-18T10:52:59","slug":"focalin-20-mg","status":"publish","type":"product","link":"https:\/\/weightlossmedssales.com\/sv\/product\/focalin-20-mg\/","title":{"rendered":"Focalin 20 mg"},"content":{"rendered":"<h1>Focalin 20 till salu<\/h1>\n<p><a class=\"styles__StyledAction-sc-1xjy49r-0 NVfj\" tabindex=\"0\" href=\"https:\/\/www.goodrx.com\/dexmethylphenidate\" target=\"_self\" rel=\"noopener\" data-qa=\"description-link-0\">Dexmetylfenidat<\/a><span class=\"styles__StyledText-sc-1vmlgyl-0 jPuXBO re-text\" data-qa=\"description-text-1\"> (Focalin) \u00e4r ett dyrt l\u00e4kemedel som anv\u00e4nds f\u00f6r att behandla <\/span><a class=\"styles__StyledAction-sc-1xjy49r-0 NVfj\" tabindex=\"0\" href=\"https:\/\/www.goodrx.com\/adhd\" target=\"_self\" rel=\"noopener\" data-qa=\"description-link-2\">hyperaktivitetsst\u00f6rning med uppm\u00e4rksamhetsunderskott<\/a><span class=\"styles__StyledText-sc-1vmlgyl-0 jPuXBO re-text\" data-qa=\"description-text-3\"> (<\/span><a class=\"styles__StyledAction-sc-1xjy49r-0 NVfj\" tabindex=\"0\" href=\"https:\/\/www.goodrx.com\/adhd\" target=\"_self\" rel=\"noopener\" data-qa=\"description-link-4\">ADHD<\/a><span class=\"styles__StyledText-sc-1vmlgyl-0 jPuXBO re-text\" data-qa=\"description-text-5\">). Detta l\u00e4kemedel \u00e4r mindre popul\u00e4rt \u00e4n j\u00e4mf\u00f6rbara l\u00e4kemedel. Det finns i varum\u00e4rkes- och generiska versioner. Den vanligaste versionen av Focalin t\u00e4cks av 73% av f\u00f6rs\u00e4kringsplanerna med en sambetalning p\u00e5 $ 60.00- $ 80.00, men vissa apotekskuponger eller kontantpriser kan vara l\u00e4gre.  <\/span><\/p>\n<div class=\"my-section-child last:mb-0 max-w-content mx-auto px-component-2 px-section-child\" data-qa=\"DSM-SectionChild\">\n<div data-qa=\"BodyCopy\">\n<div class=\"last-child-margin-reset text-component-2 break-words\">\n<p class=\"mb-component-1\">Dexmetylfenidat (Focalin) behandlar ADHD (attention-deficit\/hyperactivity disorder) och rekommenderas vanligtvis om f\u00f6rstahandsvalet av ADHD-l\u00e4kemedel inte fungerar f\u00f6r dig. Denna medicinering har dock en h\u00f6g potential f\u00f6r missbruk och missbruk. <\/p>\n<\/div>\n<\/div>\n<\/div>\n<div class=\"my-section-child last:mb-0 max-w-content mx-auto px-component-2 px-section-child\" data-qa=\"DSM-SectionChild\">\n<div class=\"flex-none md:flex md:flex-row mt-component-5\" data-qa=\"ColumnContainer\">\n<div class=\"flex-1 md:w-1\/2 mb-component-1 md:mr-column\">\n<div data-qa=\"BodyCopy\">\n<div class=\"last-child-margin-reset text-component-2 break-words\">\n<h3 class=\"text-align-generic-title lg:text-generic-title text-generic-title font-generic-title-mobile lg:font-generic-title leading-component-1 font-component-1 mb-component-3\">GEMENSAMMA VARUM\u00c4RKEN<\/h3>\n<p class=\"mb-component-1\">Focalin, Focalin XR<\/p>\n<h3 class=\"text-align-generic-title lg:text-generic-title text-generic-title font-generic-title-mobile lg:font-generic-title leading-component-1 font-component-1 mb-component-3\">L\u00c4KEMEDELSKLASS<\/h3>\n<p class=\"mb-component-1\">Stimulerande medel<\/p>\n<h2 class=\"max-w-content mx-auto lg:text-section-title text-section-title-mobile font-section-title font-2 leading-component-1 mb-section-title text-align-section-title border-b-2 border-section-title-underline py-section-title px-component-2\" data-qa=\"sectionTitle\">Vad \u00e4r dexmetylfenidat (Focalin)?<\/h2>\n<div class=\"my-section-child last:mb-0 max-w-content mx-auto px-component-2 px-section-child\" data-qa=\"DSM-SectionChild\">\n<div data-qa=\"BodyCopy\">\n<div class=\"last-child-margin-reset text-component-2 break-words\">\n<h3 class=\"text-align-generic-title lg:text-generic-title text-generic-title font-generic-title-mobile lg:font-generic-title leading-component-1 font-component-1 mb-component-3\">Hur dexmetylfenidat (Focalin) verkar<\/h3>\n<p class=\"mb-component-1\">Dexmetylfenidat (Focalin) \u00e4r ett centralstimulerande medel som behandlar ADHD (attention-deficit\/hyperactivity disorder) genom att \u00f6ka aktiviteten av noradrenalin och dopamin i hj\u00e4rnan, vilket p\u00e5verkar uppm\u00e4rksamhet och beteende.<\/p>\n<\/div>\n<\/div>\n<\/div>\n<div class=\"my-section-child last:mb-0 max-w-content mx-auto px-component-2 px-section-child\" data-qa=\"DSM-SectionChild\">\n<div data-qa=\"BodyCopy\">\n<div class=\"last-child-margin-reset text-component-2 break-words\">\n<h3 class=\"text-align-generic-title lg:text-generic-title text-generic-title font-generic-title-mobile lg:font-generic-title leading-component-1 font-component-1 mb-component-3\">Vad anv\u00e4nds dexmetylfenidat (Focalin) f\u00f6r?<\/h3>\n<ul class=\"list-disc my-component-4\">\n<li class=\"mb-component-2 ml-bulleted-list\">ADHD (Attention-deficit\/hyperactivity disorder)<\/li>\n<\/ul>\n<\/div>\n<\/div>\n<\/div>\n<div class=\"my-section-child last:mb-0 max-w-content mx-auto px-component-2 px-section-child\" data-qa=\"DSM-SectionChild\">\n<div class=\"last-child-margin-reset text-component-2 break-words\">\n<h3 class=\"text-align-generic-title lg:text-generic-title text-generic-title font-generic-title-mobile lg:font-generic-title leading-component-1 font-component-1 mb-component-3\">Dexmetylfenidat (Focalin) beredningsformer<\/h3>\n<div class=\"flex flex-wrap mt-component-5 text-component-1\">\n<div class=\"w-full md:w-1\/2 mb-component-1 flex\">\n<div class=\"flex-initial w-full\"><span class=\"capitalize\">Tablett<\/span><\/p>\n<div class=\"pt-3 flex-inital flex flex-wrap\"><a class=\"text-primary pr-3 whitespace-nowrap\" href=\"https:\/\/www.goodrx.com\/dexmethylphenidate?dosage=2.5mg&amp;form=tablet&amp;quantity=30\" target=\"\" rel=\"noopener\" data-qa=\"DSM-Link\">2,5 mg <\/a><a class=\"text-primary pr-3 whitespace-nowrap\" href=\"https:\/\/www.goodrx.com\/dexmethylphenidate?dosage=5mg&amp;form=tablet&amp;quantity=30\" target=\"\" rel=\"noopener\" data-qa=\"DSM-Link\">5 mg <\/a><a class=\"text-primary pr-3 whitespace-nowrap\" href=\"https:\/\/www.goodrx.com\/dexmethylphenidate?dosage=10mg&amp;form=tablet&amp;quantity=60\" target=\"\" rel=\"noopener\" data-qa=\"DSM-Link\">10 mg<\/a><\/div>\n<div>\n<h3 class=\"text-align-generic-title lg:text-generic-title text-generic-title font-generic-title-mobile lg:font-generic-title leading-component-1 font-component-1 mb-component-3\">Typisk dosering f\u00f6r dexmetylfenidat (Focalin)<\/h3>\n<ul class=\"list-disc my-component-4\">\n<li class=\"mb-component-2 ml-bulleted-list\"><strong>Tablett med omedelbar fris\u00e4ttning:<\/strong> B\u00f6rja med 2,5 mg genom munnen tv\u00e5 g\u00e5nger dagligen. Din l\u00e4kare kan komma att h\u00f6ja din dos baserat p\u00e5 ditt svar till en maximal dos p\u00e5 20 mg per dag. <\/li>\n<li class=\"mb-component-2 ml-bulleted-list\"><strong><a class=\"text-primary hover:text-simple-link-hover\" href=\"https:\/\/dailymed.nlm.nih.gov\/dailymed\/drugInfo.cfm?setid=1a1da905-42a0-4748-9c39-67eca45deccc\" target=\"_blank\" rel=\"noopener noreferrer\" data-qa=\"DSM-Link\" data-location=\"Content\" data-type=\"body-copy-group\" data-url=\"https:\/\/dailymed.nlm.nih.gov\/dailymed\/drugInfo.cfm?setid=1a1da905-42a0-4748-9c39-67eca45deccc\" data-content=\"Extended-release capsule\" data-content-id=\"c915b1fa-ec3b-4310-aded-18c7dfee3b1c\" data-content-category=\"\" data-content-category-id=\"uses\" data-content-position=\"3\">Kapsel med f\u00f6rl\u00e4ngd fris\u00e4ttning<\/a>:<\/strong> B\u00f6rja med 10 mg genom munnen en g\u00e5ng dagligen. Din l\u00e4kare kan h\u00f6ja din dos baserat p\u00e5 ditt svar till en maximal dos p\u00e5 40 mg per dag. <\/li>\n<\/ul>\n<h2 class=\"max-w-content mx-auto lg:text-section-title text-section-title-mobile font-section-title font-2 leading-component-1 mb-section-title text-align-section-title border-b-2 border-section-title-underline py-section-title px-component-2\" data-qa=\"sectionTitle\">Vilka \u00e4r riskerna och varningarna f\u00f6r dexmetylfenidat (Focalin)?<\/h2>\n<div class=\"my-section-child last:mb-0 max-w-content mx-auto px-component-2 px-section-child\" data-qa=\"DSM-SectionChild\">\n<div data-qa=\"BodyCopy\">\n<div class=\"last-child-margin-reset text-component-2 break-words\">\n<p class=\"mb-component-1\">Dexmetylfenidat (Focalin) kan orsaka vissa allvarliga h\u00e4lsoproblem. Denna risk kan vara \u00e4nnu h\u00f6gre f\u00f6r vissa grupper. Om detta oroar dig, tala med din l\u00e4kare eller apotekspersonal om andra alternativ  <\/p>\n<\/div>\n<\/div>\n<\/div>\n<div class=\"my-section-child last:mb-0 max-w-content mx-auto px-component-2 px-section-child\" data-qa=\"DSM-SectionChild\">\n<div data-qa=\"BodyCopy\">\n<div class=\"last-child-margin-reset text-component-2 break-words\">\n<h3 class=\"text-align-generic-title lg:text-generic-title text-generic-title font-generic-title-mobile lg:font-generic-title leading-component-1 font-component-1 mb-component-3\">Missbruk och beroende<\/h3>\n<ul class=\"list-disc my-component-4\">\n<li class=\"mb-component-2 ml-bulleted-list\"><em><strong>Riskfaktorer:<\/strong> Historia av drogmissbruk | Alkoholism<\/em><\/li>\n<\/ul>\n<p class=\"flex mb-component-1\"><span class=\"px-4 my-auto\">Denna medicinering har en risk f\u00f6r missbruk och beroende. Ta bara vad din leverant\u00f6r ordinerat f\u00f6r att minska riskerna f\u00f6r missbruk och \u00f6verdosering. Missbruk av detta l\u00e4kemedel kan leda till att det blir mindre effektivt. M\u00e4nniskor med en historia av drog- och alkoholmissbruk b\u00f6r inte ta det.   <\/span><\/p>\n<h3 class=\"text-align-generic-title lg:text-generic-title text-generic-title font-generic-title-mobile lg:font-generic-title leading-component-1 font-component-1 mb-component-3\">Allvarliga eller livshotande hj\u00e4rtproblem<\/h3>\n<ul class=\"list-disc my-component-4\">\n<li class=\"mb-component-2 ml-bulleted-list\"><em><strong>Riskfaktorer:<\/strong> Historia av hj\u00e4rtproblem<\/em><\/li>\n<\/ul>\n<p class=\"mb-component-1\">M\u00e4nniskor som anv\u00e4nder dexmetylfenidat (Focalin) har en h\u00f6gre risk f\u00f6r hj\u00e4rtinfarkt, stroke och till och med d\u00f6dsfall i vissa fall. Om du har en historia av hj\u00e4rtproblem eller defekter b\u00f6r du inte anv\u00e4nda detta l\u00e4kemedel, och du b\u00f6r screenas f\u00f6r hj\u00e4rtproblem innan du b\u00f6rjar. Ibland kan dexmetylfenidat (Focalin) orsaka of\u00f6rklarlig svimning eller br\u00f6stsm\u00e4rta som kommer p\u00e5 med fysisk aktivitet. Prata med din leverant\u00f6r om din tr\u00e4ningsplan f\u00f6r att undvika dessa problem. K\u00f6p focalin online    <\/p>\n<\/div>\n<\/div>\n<\/div>\n<\/div>\n<\/div>\n<\/div>\n<\/div>\n<\/div>\n<\/div>\n<\/div>\n<\/div>\n<\/div>\n<\/div>\n<\/div>\n","protected":false},"excerpt":{"rendered":"<p>Focalin 20 till salu Dexmetylfenidat (Focalin) \u00e4r ett dyrt l\u00e4kemedel som anv\u00e4nds f\u00f6r att behandla hyperaktivitetsst\u00f6rning med uppm\u00e4rksamhetsunderskott (ADHD). Detta l\u00e4kemedel \u00e4r mindre popul\u00e4rt \u00e4n j\u00e4mf\u00f6rbara l\u00e4kemedel. Det finns i varum\u00e4rkes- och generiska versioner. Den vanligaste versionen av Focalin t\u00e4cks av 73% av f\u00f6rs\u00e4kringsplanerna med en sambetalning p\u00e5 $ 60.00- $ 80.00, men vissa apotekskuponger &#8230;<\/p>\n","protected":false},"featured_media":1510,"menu_order":0,"comment_status":"open","ping_status":"closed","template":"","meta":[],"product_brand":[],"product_cat":[202],"product_tag":[],"class_list":{"0":"post-1815","1":"product","2":"type-product","3":"status-publish","4":"has-post-thumbnail","6":"product_cat-kop-focalin-online","8":"first","9":"instock","10":"shipping-taxable","11":"purchasable","12":"product-type-simple"},"yoast_head":"<!-- This site is optimized with the Yoast SEO Premium plugin v23.3 (Yoast SEO v27.4) - https:\/\/yoast.com\/product\/yoast-seo-premium-wordpress\/ -->\n<title>Focalin 20 mg - Family Healthcare Pharmacy<\/title>\n<meta name=\"robots\" content=\"index, follow, max-snippet:-1, max-image-preview:large, max-video-preview:-1\" \/>\n<link rel=\"canonical\" href=\"https:\/\/weightlossmedssales.com\/product\/focalin-20-mg\/\" \/>\n<meta property=\"og:locale\" content=\"sv_SE\" \/>\n<meta property=\"og:type\" content=\"article\" \/>\n<meta property=\"og:title\" content=\"Focalin 20 mg\" \/>\n<meta property=\"og:description\" content=\"Focalin 20 till salu Dexmetylfenidat (Focalin) \u00e4r ett dyrt l\u00e4kemedel som anv\u00e4nds f\u00f6r att behandla hyperaktivitetsst\u00f6rning med uppm\u00e4rksamhetsunderskott (ADHD). Detta l\u00e4kemedel \u00e4r mindre popul\u00e4rt \u00e4n j\u00e4mf\u00f6rbara l\u00e4kemedel. Det finns i varum\u00e4rkes- och generiska versioner. Den vanligaste versionen av Focalin t\u00e4cks av 73% av f\u00f6rs\u00e4kringsplanerna med en sambetalning p\u00e5 $ 60.00- $ 80.00, men vissa apotekskuponger ...\" \/>\n<meta property=\"og:url\" content=\"https:\/\/weightlossmedssales.com\/product\/focalin-20-mg\/\" \/>\n<meta property=\"og:site_name\" content=\"Family Healthcare Pharmacy\" \/>\n<meta name=\"twitter:card\" content=\"summary_large_image\" \/>\n<meta name=\"twitter:label1\" content=\"Pris\" \/>\n\t<meta name=\"twitter:data1\" content=\"&#036;2.50\" \/>\n\t<meta name=\"twitter:label2\" content=\"Tillg\u00e4nglig\" \/>\n\t<meta name=\"twitter:data2\" content=\"I lager\" \/>\n<script type=\"application\/ld+json\" class=\"yoast-schema-graph\">{\"@context\":\"https:\\\/\\\/schema.org\",\"@graph\":[{\"@type\":\"WebPage\",\"@id\":\"https:\\\/\\\/weightlossmedssales.com\\\/product\\\/focalin-20-mg\\\/\",\"url\":\"https:\\\/\\\/weightlossmedssales.com\\\/product\\\/focalin-20-mg\\\/\",\"name\":\"Focalin 20 mg - Family Healthcare Pharmacy\",\"isPartOf\":{\"@id\":\"https:\\\/\\\/weightlossmedssales.com\\\/#website\"},\"primaryImageOfPage\":{\"@id\":\"https:\\\/\\\/weightlossmedssales.com\\\/product\\\/focalin-20-mg\\\/#primaryimage\"},\"image\":{\"@id\":\"https:\\\/\\\/weightlossmedssales.com\\\/product\\\/focalin-20-mg\\\/#primaryimage\"},\"thumbnailUrl\":\"https:\\\/\\\/weightlossmedssales.com\\\/wp-content\\\/uploads\\\/2025\\\/04\\\/Focalin-XR-20mg-1.jpeg\",\"datePublished\":\"2025-04-18T10:52:59+00:00\",\"breadcrumb\":{\"@id\":\"https:\\\/\\\/weightlossmedssales.com\\\/product\\\/focalin-20-mg\\\/#breadcrumb\"},\"inLanguage\":\"sv-SE\",\"potentialAction\":[{\"@type\":\"ReadAction\",\"target\":[\"https:\\\/\\\/weightlossmedssales.com\\\/product\\\/focalin-20-mg\\\/\"]}]},{\"@type\":\"ImageObject\",\"inLanguage\":\"sv-SE\",\"@id\":\"https:\\\/\\\/weightlossmedssales.com\\\/product\\\/focalin-20-mg\\\/#primaryimage\",\"url\":\"https:\\\/\\\/weightlossmedssales.com\\\/wp-content\\\/uploads\\\/2025\\\/04\\\/Focalin-XR-20mg-1.jpeg\",\"contentUrl\":\"https:\\\/\\\/weightlossmedssales.com\\\/wp-content\\\/uploads\\\/2025\\\/04\\\/Focalin-XR-20mg-1.jpeg\",\"width\":1024,\"height\":1322},{\"@type\":\"BreadcrumbList\",\"@id\":\"https:\\\/\\\/weightlossmedssales.com\\\/product\\\/focalin-20-mg\\\/#breadcrumb\",\"itemListElement\":[{\"@type\":\"ListItem\",\"position\":1,\"name\":\"Home\",\"item\":\"https:\\\/\\\/weightlossmedssales.com\\\/sv\\\/hem\\\/\"},{\"@type\":\"ListItem\",\"position\":2,\"name\":\"Shop\",\"item\":\"https:\\\/\\\/weightlossmedssales.com\\\/shop\\\/\"},{\"@type\":\"ListItem\",\"position\":3,\"name\":\"Focalin 20 mg\"}]},{\"@type\":\"WebSite\",\"@id\":\"https:\\\/\\\/weightlossmedssales.com\\\/#website\",\"url\":\"https:\\\/\\\/weightlossmedssales.com\\\/\",\"name\":\"Family Healthcare Pharmacy\",\"description\":\"Weight Loss Medicines\",\"potentialAction\":[{\"@type\":\"SearchAction\",\"target\":{\"@type\":\"EntryPoint\",\"urlTemplate\":\"https:\\\/\\\/weightlossmedssales.com\\\/?s={search_term_string}\"},\"query-input\":{\"@type\":\"PropertyValueSpecification\",\"valueRequired\":true,\"valueName\":\"search_term_string\"}}],\"inLanguage\":\"sv-SE\"}]}<\/script>\n<meta property=\"product:price:amount\" content=\"2.50\" \/>\n<meta property=\"product:price:currency\" content=\"USD\" \/>\n<meta property=\"og:availability\" content=\"instock\" \/>\n<meta property=\"product:availability\" content=\"instock\" \/>\n<meta property=\"product:condition\" content=\"new\" \/>\n<!-- \/ Yoast SEO Premium plugin. -->","yoast_head_json":{"title":"Focalin 20 mg - Family Healthcare Pharmacy","robots":{"index":"index","follow":"follow","max-snippet":"max-snippet:-1","max-image-preview":"max-image-preview:large","max-video-preview":"max-video-preview:-1"},"canonical":"https:\/\/weightlossmedssales.com\/product\/focalin-20-mg\/","og_locale":"sv_SE","og_type":"article","og_title":"Focalin 20 mg","og_description":"Focalin 20 till salu Dexmetylfenidat (Focalin) \u00e4r ett dyrt l\u00e4kemedel som anv\u00e4nds f\u00f6r att behandla hyperaktivitetsst\u00f6rning med uppm\u00e4rksamhetsunderskott (ADHD). Detta l\u00e4kemedel \u00e4r mindre popul\u00e4rt \u00e4n j\u00e4mf\u00f6rbara l\u00e4kemedel. Det finns i varum\u00e4rkes- och generiska versioner. Den vanligaste versionen av Focalin t\u00e4cks av 73% av f\u00f6rs\u00e4kringsplanerna med en sambetalning p\u00e5 $ 60.00- $ 80.00, men vissa apotekskuponger ...","og_url":"https:\/\/weightlossmedssales.com\/product\/focalin-20-mg\/","og_site_name":"Family Healthcare Pharmacy","twitter_card":"summary_large_image","twitter_misc":{"Pris":"&#36;2.50","Tillg\u00e4nglig":"I lager"},"schema":{"@context":"https:\/\/schema.org","@graph":[{"@type":"WebPage","@id":"https:\/\/weightlossmedssales.com\/product\/focalin-20-mg\/","url":"https:\/\/weightlossmedssales.com\/product\/focalin-20-mg\/","name":"Focalin 20 mg - Family Healthcare Pharmacy","isPartOf":{"@id":"https:\/\/weightlossmedssales.com\/#website"},"primaryImageOfPage":{"@id":"https:\/\/weightlossmedssales.com\/product\/focalin-20-mg\/#primaryimage"},"image":{"@id":"https:\/\/weightlossmedssales.com\/product\/focalin-20-mg\/#primaryimage"},"thumbnailUrl":"https:\/\/weightlossmedssales.com\/wp-content\/uploads\/2025\/04\/Focalin-XR-20mg-1.jpeg","datePublished":"2025-04-18T10:52:59+00:00","breadcrumb":{"@id":"https:\/\/weightlossmedssales.com\/product\/focalin-20-mg\/#breadcrumb"},"inLanguage":"sv-SE","potentialAction":[{"@type":"ReadAction","target":["https:\/\/weightlossmedssales.com\/product\/focalin-20-mg\/"]}]},{"@type":"ImageObject","inLanguage":"sv-SE","@id":"https:\/\/weightlossmedssales.com\/product\/focalin-20-mg\/#primaryimage","url":"https:\/\/weightlossmedssales.com\/wp-content\/uploads\/2025\/04\/Focalin-XR-20mg-1.jpeg","contentUrl":"https:\/\/weightlossmedssales.com\/wp-content\/uploads\/2025\/04\/Focalin-XR-20mg-1.jpeg","width":1024,"height":1322},{"@type":"BreadcrumbList","@id":"https:\/\/weightlossmedssales.com\/product\/focalin-20-mg\/#breadcrumb","itemListElement":[{"@type":"ListItem","position":1,"name":"Home","item":"https:\/\/weightlossmedssales.com\/sv\/hem\/"},{"@type":"ListItem","position":2,"name":"Shop","item":"https:\/\/weightlossmedssales.com\/shop\/"},{"@type":"ListItem","position":3,"name":"Focalin 20 mg"}]},{"@type":"WebSite","@id":"https:\/\/weightlossmedssales.com\/#website","url":"https:\/\/weightlossmedssales.com\/","name":"Family Healthcare Pharmacy","description":"Weight Loss Medicines","potentialAction":[{"@type":"SearchAction","target":{"@type":"EntryPoint","urlTemplate":"https:\/\/weightlossmedssales.com\/?s={search_term_string}"},"query-input":{"@type":"PropertyValueSpecification","valueRequired":true,"valueName":"search_term_string"}}],"inLanguage":"sv-SE"}]},"product_price_amount":"2.50","product_price_currency":"USD","og_availability":"instock","product_availability":"instock","product_condition":"new"},"_links":{"self":[{"href":"https:\/\/weightlossmedssales.com\/sv\/wp-json\/wp\/v2\/product\/1815","targetHints":{"allow":["GET"]}}],"collection":[{"href":"https:\/\/weightlossmedssales.com\/sv\/wp-json\/wp\/v2\/product"}],"about":[{"href":"https:\/\/weightlossmedssales.com\/sv\/wp-json\/wp\/v2\/types\/product"}],"replies":[{"embeddable":true,"href":"https:\/\/weightlossmedssales.com\/sv\/wp-json\/wp\/v2\/comments?post=1815"}],"version-history":[{"count":0,"href":"https:\/\/weightlossmedssales.com\/sv\/wp-json\/wp\/v2\/product\/1815\/revisions"}],"wp:featuredmedia":[{"embeddable":true,"href":"https:\/\/weightlossmedssales.com\/sv\/wp-json\/wp\/v2\/media\/1510"}],"wp:attachment":[{"href":"https:\/\/weightlossmedssales.com\/sv\/wp-json\/wp\/v2\/media?parent=1815"}],"wp:term":[{"taxonomy":"product_brand","embeddable":true,"href":"https:\/\/weightlossmedssales.com\/sv\/wp-json\/wp\/v2\/product_brand?post=1815"},{"taxonomy":"product_cat","embeddable":true,"href":"https:\/\/weightlossmedssales.com\/sv\/wp-json\/wp\/v2\/product_cat?post=1815"},{"taxonomy":"product_tag","embeddable":true,"href":"https:\/\/weightlossmedssales.com\/sv\/wp-json\/wp\/v2\/product_tag?post=1815"}],"curies":[{"name":"wp","href":"https:\/\/api.w.org\/{rel}","templated":true}]}}