{"id":1827,"date":"2025-04-18T10:35:14","date_gmt":"2025-04-18T10:35:14","guid":{"rendered":"https:\/\/weightlossmedssales.com\/product\/adderall-30-mg\/"},"modified":"2025-04-18T10:35:14","modified_gmt":"2025-04-18T10:35:14","slug":"adderall-30-mg","status":"publish","type":"product","link":"https:\/\/weightlossmedssales.com\/sv\/product\/adderall-30-mg\/","title":{"rendered":"Adderall 30 mg"},"content":{"rendered":"<h1>Adderall 30 mg tabletter<\/h1>\n<p>K\u00f6p Adderall online. Adderall XR (Extended Release) och Mydayis \u00e4r kombinationsl\u00e4kemedel som inneh\u00e5ller fyra salter av de tv\u00e5 enantiomererna av amfetamin, ett stimulerande medel i centrala nervsystemet (CNS) i fenetylaminklassen. Adderall anv\u00e4nds vid behandling av ADHD (Attention Deficit Hyperactivity Disorder) och narkolepsi. Det anv\u00e4nds ocks\u00e5 som en atletisk prestationsf\u00f6rb\u00e4ttrare och kognitiv f\u00f6rst\u00e4rkare, och rekreativt som ett afrodisiakum och euforiserande. De aktiva substanserna best\u00e5r till 25 % av levoamfetaminsalter (den levorotatoriska eller &#8221;v\u00e4nsterh\u00e4nta&#8221; enantiomeren) och 75 % av dextroamfetaminsalter (den dextrorotatoriska eller &#8221;h\u00f6gerh\u00e4nta&#8221; enantiomeren).    <\/p>\n<h2>Adderall till salu<\/h2>\n<p>Vi levererar Adderall 30 mg piller online till mycket billiga och \u00f6verkomliga priser utan recept. Allt du beh\u00f6ver g\u00f6ra \u00e4r att l\u00e4gga din best\u00e4llning fr\u00e5n v\u00e5r hemsida, skicka betalning och vi skickar din best\u00e4llning. Vi erbjuder 24 timmars leverans inom USA och 3 dagar \u00f6ver hela v\u00e4rlden.  <\/p>\n<div><\/div>\n<p>Adderall oral tablett och Adderall XR oral kapsel med f\u00f6rl\u00e4ngd fris\u00e4ttning finns b\u00e5da i generiska former. Det generiska namnet p\u00e5 l\u00e4kemedlet i b\u00e5de tabletten och kapseln \u00e4r amfetamin \/ dextroamfetaminsalter. <\/p>\n<p>Generiska l\u00e4kemedel kostar vanligtvis mindre \u00e4n varum\u00e4rkesversionen. I vissa fall kan m\u00e4rkesl\u00e4kemedlet och den generiska versionen finnas tillg\u00e4ngliga i olika former och styrkor. <\/p>\n<h3>Adderall ingredienser<\/h3>\n<p>Adderall inneh\u00e5ller en blandning av olika former av amfetamin och dextroamfetamin. Specifikt inkluderar dessa former amfetaminaspartat, amfetaminsulfat, dextroamfetaminsackarat och dextroamfetaminsulfat. K\u00f6p adderall online  <\/p>\n","protected":false},"excerpt":{"rendered":"<p><strong>Produkt: Adderall<\/strong><br \/>\n<strong>Styrka: 30 MG<br \/>\nF\u00e4rg: Orange<\/strong><br \/>\n<strong>Min order: 100 piller<\/strong><\/p>\n<p>&nbsp;<\/p>\n","protected":false},"featured_media":1489,"menu_order":0,"comment_status":"open","ping_status":"closed","template":"","meta":[],"product_brand":[],"product_cat":[168],"product_tag":[],"class_list":{"0":"post-1827","1":"product","2":"type-product","3":"status-publish","4":"has-post-thumbnail","6":"product_cat-suboxone-produkter","8":"first","9":"instock","10":"shipping-taxable","11":"purchasable","12":"product-type-simple"},"yoast_head":"<!-- This site is optimized with the Yoast SEO Premium plugin v23.3 (Yoast SEO v26.4) - https:\/\/yoast.com\/wordpress\/plugins\/seo\/ -->\n<title>K\u00f6p Adderall online - Adderall till salu. Adderall information<\/title>\n<meta name=\"description\" content=\"K\u00f6p Adderall online. Vi \u00e4r de b\u00e4sta leverant\u00f6rerna av Adderall 30 mg piller online utan recept. Diskret frakt \u00f6ver natten. Mer information om Adderall\" \/>\n<meta name=\"robots\" content=\"index, follow, max-snippet:-1, max-image-preview:large, max-video-preview:-1\" \/>\n<link rel=\"canonical\" href=\"https:\/\/weightlossmedssales.com\/sv\/product\/adderall-30-mg\/\" \/>\n<meta property=\"og:locale\" content=\"sv_SE\" \/>\n<meta property=\"og:type\" content=\"article\" \/>\n<meta property=\"og:title\" content=\"Adderall 30 mg\" \/>\n<meta property=\"og:description\" content=\"K\u00f6p Adderall online. Vi \u00e4r de b\u00e4sta leverant\u00f6rerna av Adderall 30 mg piller online utan recept. Diskret frakt \u00f6ver natten. Mer information om Adderall\" \/>\n<meta property=\"og:url\" content=\"https:\/\/weightlossmedssales.com\/sv\/product\/adderall-30-mg\/\" \/>\n<meta property=\"og:site_name\" content=\"Family Healthcare Pharmacy\" \/>\n<meta property=\"og:image\" content=\"https:\/\/weightlossmedssales.com\/wp-content\/uploads\/2025\/04\/adderall-30-mg.jpg\" \/>\n\t<meta property=\"og:image:width\" content=\"960\" \/>\n\t<meta property=\"og:image:height\" content=\"1280\" \/>\n\t<meta property=\"og:image:type\" content=\"image\/jpeg\" \/>\n<meta name=\"twitter:card\" content=\"summary_large_image\" \/>\n<meta name=\"twitter:label1\" content=\"Pris\" \/>\n\t<meta name=\"twitter:data1\" content=\"&#036;2.50\" \/>\n\t<meta name=\"twitter:label2\" content=\"Tillg\u00e4nglig\" \/>\n\t<meta name=\"twitter:data2\" content=\"I lager\" \/>\n<script type=\"application\/ld+json\" class=\"yoast-schema-graph\">{\"@context\":\"https:\/\/schema.org\",\"@graph\":[{\"@type\":\"WebPage\",\"@id\":\"https:\/\/weightlossmedssales.com\/sv\/product\/adderall-30-mg\/\",\"url\":\"https:\/\/weightlossmedssales.com\/sv\/product\/adderall-30-mg\/\",\"name\":\"K\u00f6p Adderall online - Adderall till salu. Adderall information\",\"isPartOf\":{\"@id\":\"https:\/\/weightlossmedssales.com\/#website\"},\"primaryImageOfPage\":{\"@id\":\"https:\/\/weightlossmedssales.com\/sv\/product\/adderall-30-mg\/#primaryimage\"},\"image\":{\"@id\":\"https:\/\/weightlossmedssales.com\/sv\/product\/adderall-30-mg\/#primaryimage\"},\"thumbnailUrl\":\"https:\/\/weightlossmedssales.com\/wp-content\/uploads\/2025\/04\/adderall-30-mg.jpg\",\"datePublished\":\"2025-04-18T10:35:14+00:00\",\"description\":\"K\u00f6p Adderall online. Vi \u00e4r de b\u00e4sta leverant\u00f6rerna av Adderall 30 mg piller online utan recept. Diskret frakt \u00f6ver natten. Mer information om Adderall\",\"breadcrumb\":{\"@id\":\"https:\/\/weightlossmedssales.com\/sv\/product\/adderall-30-mg\/#breadcrumb\"},\"inLanguage\":\"sv-SE\",\"potentialAction\":[{\"@type\":\"ReadAction\",\"target\":[\"https:\/\/weightlossmedssales.com\/sv\/product\/adderall-30-mg\/\"]}]},{\"@type\":\"ImageObject\",\"inLanguage\":\"sv-SE\",\"@id\":\"https:\/\/weightlossmedssales.com\/sv\/product\/adderall-30-mg\/#primaryimage\",\"url\":\"https:\/\/weightlossmedssales.com\/wp-content\/uploads\/2025\/04\/adderall-30-mg.jpg\",\"contentUrl\":\"https:\/\/weightlossmedssales.com\/wp-content\/uploads\/2025\/04\/adderall-30-mg.jpg\",\"width\":960,\"height\":1280},{\"@type\":\"BreadcrumbList\",\"@id\":\"https:\/\/weightlossmedssales.com\/sv\/product\/adderall-30-mg\/#breadcrumb\",\"itemListElement\":[{\"@type\":\"ListItem\",\"position\":1,\"name\":\"Home\",\"item\":\"https:\/\/weightlossmedssales.com\/sv\/hem\/\"},{\"@type\":\"ListItem\",\"position\":2,\"name\":\"Shop\",\"item\":\"https:\/\/weightlossmedssales.com\/shop\/\"},{\"@type\":\"ListItem\",\"position\":3,\"name\":\"Adderall 30 mg\"}]},{\"@type\":\"WebSite\",\"@id\":\"https:\/\/weightlossmedssales.com\/#website\",\"url\":\"https:\/\/weightlossmedssales.com\/\",\"name\":\"Family Healthcare Pharmacy\",\"description\":\"Weight Loss Medicines\",\"potentialAction\":[{\"@type\":\"SearchAction\",\"target\":{\"@type\":\"EntryPoint\",\"urlTemplate\":\"https:\/\/weightlossmedssales.com\/?s={search_term_string}\"},\"query-input\":{\"@type\":\"PropertyValueSpecification\",\"valueRequired\":true,\"valueName\":\"search_term_string\"}}],\"inLanguage\":\"sv-SE\"}]}<\/script>\n<meta property=\"product:price:amount\" content=\"2.50\" \/>\n<meta property=\"product:price:currency\" content=\"USD\" \/>\n<meta property=\"og:availability\" content=\"instock\" \/>\n<meta property=\"product:availability\" content=\"instock\" \/>\n<meta property=\"product:retailer_item_id\" content=\"SU84378\" \/>\n<meta property=\"product:condition\" content=\"new\" \/>\n<!-- \/ Yoast SEO Premium plugin. -->","yoast_head_json":{"title":"K\u00f6p Adderall online - Adderall till salu. Adderall information","description":"K\u00f6p Adderall online. Vi \u00e4r de b\u00e4sta leverant\u00f6rerna av Adderall 30 mg piller online utan recept. Diskret frakt \u00f6ver natten. Mer information om Adderall","robots":{"index":"index","follow":"follow","max-snippet":"max-snippet:-1","max-image-preview":"max-image-preview:large","max-video-preview":"max-video-preview:-1"},"canonical":"https:\/\/weightlossmedssales.com\/sv\/product\/adderall-30-mg\/","og_locale":"sv_SE","og_type":"article","og_title":"Adderall 30 mg","og_description":"K\u00f6p Adderall online. Vi \u00e4r de b\u00e4sta leverant\u00f6rerna av Adderall 30 mg piller online utan recept. Diskret frakt \u00f6ver natten. Mer information om Adderall","og_url":"https:\/\/weightlossmedssales.com\/sv\/product\/adderall-30-mg\/","og_site_name":"Family Healthcare Pharmacy","og_image":[{"width":960,"height":1280,"url":"https:\/\/weightlossmedssales.com\/wp-content\/uploads\/2025\/04\/adderall-30-mg.jpg","type":"image\/jpeg"}],"twitter_card":"summary_large_image","twitter_misc":{"Pris":"&#36;2.50","Tillg\u00e4nglig":"I lager"},"schema":{"@context":"https:\/\/schema.org","@graph":[{"@type":"WebPage","@id":"https:\/\/weightlossmedssales.com\/sv\/product\/adderall-30-mg\/","url":"https:\/\/weightlossmedssales.com\/sv\/product\/adderall-30-mg\/","name":"K\u00f6p Adderall online - Adderall till salu. Adderall information","isPartOf":{"@id":"https:\/\/weightlossmedssales.com\/#website"},"primaryImageOfPage":{"@id":"https:\/\/weightlossmedssales.com\/sv\/product\/adderall-30-mg\/#primaryimage"},"image":{"@id":"https:\/\/weightlossmedssales.com\/sv\/product\/adderall-30-mg\/#primaryimage"},"thumbnailUrl":"https:\/\/weightlossmedssales.com\/wp-content\/uploads\/2025\/04\/adderall-30-mg.jpg","datePublished":"2025-04-18T10:35:14+00:00","description":"K\u00f6p Adderall online. Vi \u00e4r de b\u00e4sta leverant\u00f6rerna av Adderall 30 mg piller online utan recept. Diskret frakt \u00f6ver natten. Mer information om Adderall","breadcrumb":{"@id":"https:\/\/weightlossmedssales.com\/sv\/product\/adderall-30-mg\/#breadcrumb"},"inLanguage":"sv-SE","potentialAction":[{"@type":"ReadAction","target":["https:\/\/weightlossmedssales.com\/sv\/product\/adderall-30-mg\/"]}]},{"@type":"ImageObject","inLanguage":"sv-SE","@id":"https:\/\/weightlossmedssales.com\/sv\/product\/adderall-30-mg\/#primaryimage","url":"https:\/\/weightlossmedssales.com\/wp-content\/uploads\/2025\/04\/adderall-30-mg.jpg","contentUrl":"https:\/\/weightlossmedssales.com\/wp-content\/uploads\/2025\/04\/adderall-30-mg.jpg","width":960,"height":1280},{"@type":"BreadcrumbList","@id":"https:\/\/weightlossmedssales.com\/sv\/product\/adderall-30-mg\/#breadcrumb","itemListElement":[{"@type":"ListItem","position":1,"name":"Home","item":"https:\/\/weightlossmedssales.com\/sv\/hem\/"},{"@type":"ListItem","position":2,"name":"Shop","item":"https:\/\/weightlossmedssales.com\/shop\/"},{"@type":"ListItem","position":3,"name":"Adderall 30 mg"}]},{"@type":"WebSite","@id":"https:\/\/weightlossmedssales.com\/#website","url":"https:\/\/weightlossmedssales.com\/","name":"Family Healthcare Pharmacy","description":"Weight Loss Medicines","potentialAction":[{"@type":"SearchAction","target":{"@type":"EntryPoint","urlTemplate":"https:\/\/weightlossmedssales.com\/?s={search_term_string}"},"query-input":{"@type":"PropertyValueSpecification","valueRequired":true,"valueName":"search_term_string"}}],"inLanguage":"sv-SE"}]},"product_price_amount":"2.50","product_price_currency":"USD","og_availability":"instock","product_availability":"instock","product_retailer_item_id":"SU84378","product_condition":"new"},"_links":{"self":[{"href":"https:\/\/weightlossmedssales.com\/sv\/wp-json\/wp\/v2\/product\/1827","targetHints":{"allow":["GET"]}}],"collection":[{"href":"https:\/\/weightlossmedssales.com\/sv\/wp-json\/wp\/v2\/product"}],"about":[{"href":"https:\/\/weightlossmedssales.com\/sv\/wp-json\/wp\/v2\/types\/product"}],"replies":[{"embeddable":true,"href":"https:\/\/weightlossmedssales.com\/sv\/wp-json\/wp\/v2\/comments?post=1827"}],"version-history":[{"count":0,"href":"https:\/\/weightlossmedssales.com\/sv\/wp-json\/wp\/v2\/product\/1827\/revisions"}],"wp:featuredmedia":[{"embeddable":true,"href":"https:\/\/weightlossmedssales.com\/sv\/wp-json\/wp\/v2\/media\/1489"}],"wp:attachment":[{"href":"https:\/\/weightlossmedssales.com\/sv\/wp-json\/wp\/v2\/media?parent=1827"}],"wp:term":[{"taxonomy":"product_brand","embeddable":true,"href":"https:\/\/weightlossmedssales.com\/sv\/wp-json\/wp\/v2\/product_brand?post=1827"},{"taxonomy":"product_cat","embeddable":true,"href":"https:\/\/weightlossmedssales.com\/sv\/wp-json\/wp\/v2\/product_cat?post=1827"},{"taxonomy":"product_tag","embeddable":true,"href":"https:\/\/weightlossmedssales.com\/sv\/wp-json\/wp\/v2\/product_tag?post=1827"}],"curies":[{"name":"wp","href":"https:\/\/api.w.org\/{rel}","templated":true}]}}