{"id":1839,"date":"2025-04-18T10:53:00","date_gmt":"2025-04-18T10:53:00","guid":{"rendered":"https:\/\/weightlossmedssales.com\/product\/hydrokodon\/"},"modified":"2025-04-18T10:53:00","modified_gmt":"2025-04-18T10:53:00","slug":"hydrokodon","status":"publish","type":"product","link":"https:\/\/weightlossmedssales.com\/sv\/product\/hydrokodon\/","title":{"rendered":"Hydrokodon"},"content":{"rendered":"<h1>Hydrocodone till salu<\/h1>\n<p><span class=\"styles__StyledText-sc-1vmlgyl-0 jPuXBO re-text\" data-qa=\"description-text-0\">Hydrokodon\/acetaminofen (<\/span><a class=\"styles__StyledAction-sc-1xjy49r-0 NVfj\" tabindex=\"0\" href=\"https:\/\/www.goodrx.com\/vicodin\" target=\"_self\" rel=\"noopener\" data-qa=\"description-link-1\">Vicodin<\/a><span class=\"styles__StyledText-sc-1vmlgyl-0 jPuXBO re-text\" data-qa=\"description-text-2\">, <\/span><a class=\"styles__StyledAction-sc-1xjy49r-0 NVfj\" tabindex=\"0\" href=\"https:\/\/www.goodrx.com\/lorcet\" target=\"_self\" rel=\"noopener\" data-qa=\"description-link-3\">Lorcet<\/a><span class=\"styles__StyledText-sc-1vmlgyl-0 jPuXBO re-text\" data-qa=\"description-text-4\">, <\/span><a class=\"styles__StyledAction-sc-1xjy49r-0 NVfj\" tabindex=\"0\" href=\"https:\/\/www.goodrx.com\/lortab\" target=\"_self\" rel=\"noopener\" data-qa=\"description-link-5\">Lortab<\/a><span class=\"styles__StyledText-sc-1vmlgyl-0 jPuXBO re-text\" data-qa=\"description-text-6\">, <\/span><a class=\"styles__StyledAction-sc-1xjy49r-0 NVfj\" tabindex=\"0\" href=\"https:\/\/www.goodrx.com\/norco\" target=\"_self\" rel=\"noopener\" data-qa=\"description-link-7\">Norco<\/a><span class=\"styles__StyledText-sc-1vmlgyl-0 jPuXBO re-text\" data-qa=\"description-text-8\">, <\/span><a class=\"styles__StyledAction-sc-1xjy49r-0 NVfj\" tabindex=\"0\" href=\"https:\/\/www.goodrx.com\/xodol\" target=\"_self\" rel=\"noopener\" data-qa=\"description-link-9\">Xodol<\/a><span class=\"styles__StyledText-sc-1vmlgyl-0 jPuXBO re-text\" data-qa=\"description-text-10\">, <\/span><a class=\"styles__StyledAction-sc-1xjy49r-0 NVfj\" tabindex=\"0\" href=\"https:\/\/www.goodrx.com\/hycet\" target=\"_self\" rel=\"noopener\" data-qa=\"description-link-11\">Hycet<\/a><span class=\"styles__StyledText-sc-1vmlgyl-0 jPuXBO re-text\" data-qa=\"description-text-12\">) \u00e4r ett billigt l\u00e4kemedel som anv\u00e4nds f\u00f6r att behandla <\/span><a class=\"styles__StyledAction-sc-1xjy49r-0 NVfj\" tabindex=\"0\" href=\"https:\/\/www.goodrx.com\/pain\" target=\"_self\" rel=\"noopener\" data-qa=\"description-link-13\">m\u00e5ttlig till sv\u00e5r sm\u00e4rta<\/a><span class=\"styles__StyledText-sc-1vmlgyl-0 jPuXBO re-text\" data-qa=\"description-text-14\">. Det \u00e4r mer popul\u00e4rt \u00e4n j\u00e4mf\u00f6rbara l\u00e4kemedel. Det finns i flera generiska och varum\u00e4rkesversioner. Generisk hydrokodon\/acetaminofen t\u00e4cks av de flesta Medicare- och f\u00f6rs\u00e4kringsplaner, men vissa apotekskuponger eller kontantpriser kan vara l\u00e4gre.  <\/span><\/p>\n<p>Norco (hydrokodon\/paracetamol) \u00e4r ett kombinationsl\u00e4kemedel som inneh\u00e5ller hydrokodon och paracetamol (samma aktiva ingrediens som i Tylenol). Det anv\u00e4nds f\u00f6r att behandla m\u00e5ttlig till sv\u00e5r sm\u00e4rta n\u00e4r receptfria l\u00e4kemedel inte har fungerat, men det kan leda till beroende och tolerans om det tas under l\u00e5ng tid. <\/p>\n<h3 class=\"text-align-generic-title lg:text-generic-title text-generic-title font-generic-title-mobile lg:font-generic-title leading-component-1 font-component-1 mb-component-3\">GEMENSAMMA VARUM\u00c4RKEN<\/h3>\n<p class=\"mb-component-1\">Norco, Vicodin, Lortab, Lorcet, Xodol<\/p>\n<h2 class=\"max-w-content mx-auto lg:text-section-title text-section-title-mobile font-section-title font-2 leading-component-1 mb-section-title text-align-section-title border-b-2 border-section-title-underline py-section-title px-component-2\" data-qa=\"sectionTitle\">Vad \u00e4r Norco (hydrokodon\/paracetamol)?<\/h2>\n<div class=\"my-section-child last:mb-0 max-w-content mx-auto px-component-2 px-section-child\" data-qa=\"DSM-SectionChild\">\n<div data-qa=\"BodyCopy\">\n<div class=\"last-child-margin-reset text-component-2 break-words\">\n<h3 class=\"text-align-generic-title lg:text-generic-title text-generic-title font-generic-title-mobile lg:font-generic-title leading-component-1 font-component-1 mb-component-3\">Hur Norco (hydrokodon\/paracetamol) verkar<\/h3>\n<p class=\"mb-component-1\">Norco (hydrokodon\/paracetamol) \u00e4r en kombination av tv\u00e5 sm\u00e4rtstillande l\u00e4kemedel som hj\u00e4lper till att behandla m\u00e5ttlig till sv\u00e5r sm\u00e4rta. Hydrokodon \u00e4r en opioid som verkar genom att blockera sm\u00e4rtsignaler genom hj\u00e4rnan och ryggm\u00e4rgen. Acetaminophen, \u00e4ven k\u00e4nt som Tylenol, \u00e4r en icke-opioid som tar bort sm\u00e4rta genom att blockera produktionen av vissa kemikalier i hj\u00e4rnan.  <\/p>\n<\/div>\n<\/div>\n<\/div>\n<div class=\"my-section-child last:mb-0 max-w-content mx-auto px-component-2 px-section-child\" data-qa=\"DSM-SectionChild\">\n<div data-qa=\"BodyCopy\">\n<div class=\"last-child-margin-reset text-component-2 break-words\">\n<h3 class=\"text-align-generic-title lg:text-generic-title text-generic-title font-generic-title-mobile lg:font-generic-title leading-component-1 font-component-1 mb-component-3\">Vad anv\u00e4nds Norco (hydrokodon\/paracetamol) f\u00f6r?<\/h3>\n<ul class=\"list-disc my-component-4\">\n<li class=\"mb-component-2 ml-bulleted-list\">M\u00e5ttlig till sv\u00e5r sm\u00e4rta<\/li>\n<\/ul>\n<\/div>\n<\/div>\n<\/div>\n<div class=\"my-section-child last:mb-0 max-w-content mx-auto px-component-2 px-section-child\" data-qa=\"DSM-SectionChild\">\n<div class=\"last-child-margin-reset text-component-2 break-words\">\n<h3 class=\"text-align-generic-title lg:text-generic-title text-generic-title font-generic-title-mobile lg:font-generic-title leading-component-1 font-component-1 mb-component-3\">Norco (hydrokodon\/paracetamol) beredningsformer<\/h3>\n<h3 class=\"text-align-generic-title lg:text-generic-title text-generic-title font-generic-title-mobile lg:font-generic-title leading-component-1 font-component-1 mb-component-3\">Typisk dosering f\u00f6r Norco (hydrokodon\/paracetamol)<\/h3>\n<p class=\"mb-component-1\">Din leverant\u00f6r kommer att arbeta med dig f\u00f6r att ordinera r\u00e4tt dos av Norco (hydrokodon \/ paracetamol) f\u00f6r dina individuella behov. Det rekommenderas att anv\u00e4nda den l\u00e4gsta m\u00f6jliga dosen under kortast m\u00f6jliga tid f\u00f6r att hantera din sm\u00e4rta. <\/p>\n<p class=\"mb-component-1\">I allm\u00e4nhet \u00e4r startdosen f\u00f6r Norco (hydrokodon\/acetaminofen) 5 mg\/325 mg (hydrokodon\/acetaminofen) genom munnen var 4:e till 6:e timme vid behov mot sm\u00e4rta.<\/p>\n<\/div>\n<\/div>\n","protected":false},"excerpt":{"rendered":"<p><strong>Hydrokodontabletter<\/strong><\/p>\n","protected":false},"featured_media":1531,"menu_order":0,"comment_status":"open","ping_status":"closed","template":"","meta":[],"product_brand":[],"product_cat":[213],"product_tag":[],"class_list":{"0":"post-1839","1":"product","2":"type-product","3":"status-publish","4":"has-post-thumbnail","6":"product_cat-kop-oxycodone-online","8":"first","9":"instock","10":"shipping-taxable","11":"purchasable","12":"product-type-simple"},"yoast_head":"<!-- This site is optimized with the Yoast SEO Premium plugin v23.3 (Yoast SEO v27.4) - https:\/\/yoast.com\/product\/yoast-seo-premium-wordpress\/ -->\n<title>Hydrokodon - Family Healthcare Pharmacy<\/title>\n<meta name=\"robots\" content=\"index, follow, max-snippet:-1, max-image-preview:large, max-video-preview:-1\" \/>\n<link rel=\"canonical\" href=\"https:\/\/weightlossmedssales.com\/product\/hydrokodon\/\" \/>\n<meta property=\"og:locale\" content=\"sv_SE\" \/>\n<meta property=\"og:type\" content=\"article\" \/>\n<meta property=\"og:title\" content=\"Hydrokodon\" \/>\n<meta property=\"og:description\" content=\"Hydrokodontabletter\" \/>\n<meta property=\"og:url\" content=\"https:\/\/weightlossmedssales.com\/product\/hydrokodon\/\" \/>\n<meta property=\"og:site_name\" content=\"Family Healthcare Pharmacy\" \/>\n<meta name=\"twitter:card\" content=\"summary_large_image\" \/>\n<meta name=\"twitter:label1\" content=\"Pris\" \/>\n\t<meta name=\"twitter:data1\" content=\"&#036;4.00\" \/>\n\t<meta name=\"twitter:label2\" content=\"Tillg\u00e4nglig\" \/>\n\t<meta name=\"twitter:data2\" content=\"I lager\" \/>\n<script type=\"application\/ld+json\" class=\"yoast-schema-graph\">{\"@context\":\"https:\\\/\\\/schema.org\",\"@graph\":[{\"@type\":\"WebPage\",\"@id\":\"https:\\\/\\\/weightlossmedssales.com\\\/product\\\/hydrokodon\\\/\",\"url\":\"https:\\\/\\\/weightlossmedssales.com\\\/product\\\/hydrokodon\\\/\",\"name\":\"Hydrokodon - Family Healthcare Pharmacy\",\"isPartOf\":{\"@id\":\"https:\\\/\\\/weightlossmedssales.com\\\/#website\"},\"primaryImageOfPage\":{\"@id\":\"https:\\\/\\\/weightlossmedssales.com\\\/product\\\/hydrokodon\\\/#primaryimage\"},\"image\":{\"@id\":\"https:\\\/\\\/weightlossmedssales.com\\\/product\\\/hydrokodon\\\/#primaryimage\"},\"thumbnailUrl\":\"https:\\\/\\\/weightlossmedssales.com\\\/wp-content\\\/uploads\\\/2025\\\/04\\\/hydrocodone-prescription-medication.jpeg\",\"datePublished\":\"2025-04-18T10:53:00+00:00\",\"breadcrumb\":{\"@id\":\"https:\\\/\\\/weightlossmedssales.com\\\/product\\\/hydrokodon\\\/#breadcrumb\"},\"inLanguage\":\"sv-SE\",\"potentialAction\":[{\"@type\":\"ReadAction\",\"target\":[\"https:\\\/\\\/weightlossmedssales.com\\\/product\\\/hydrokodon\\\/\"]}]},{\"@type\":\"ImageObject\",\"inLanguage\":\"sv-SE\",\"@id\":\"https:\\\/\\\/weightlossmedssales.com\\\/product\\\/hydrokodon\\\/#primaryimage\",\"url\":\"https:\\\/\\\/weightlossmedssales.com\\\/wp-content\\\/uploads\\\/2025\\\/04\\\/hydrocodone-prescription-medication.jpeg\",\"contentUrl\":\"https:\\\/\\\/weightlossmedssales.com\\\/wp-content\\\/uploads\\\/2025\\\/04\\\/hydrocodone-prescription-medication.jpeg\",\"width\":1200,\"height\":630},{\"@type\":\"BreadcrumbList\",\"@id\":\"https:\\\/\\\/weightlossmedssales.com\\\/product\\\/hydrokodon\\\/#breadcrumb\",\"itemListElement\":[{\"@type\":\"ListItem\",\"position\":1,\"name\":\"Home\",\"item\":\"https:\\\/\\\/weightlossmedssales.com\\\/sv\\\/hem\\\/\"},{\"@type\":\"ListItem\",\"position\":2,\"name\":\"Shop\",\"item\":\"https:\\\/\\\/weightlossmedssales.com\\\/shop\\\/\"},{\"@type\":\"ListItem\",\"position\":3,\"name\":\"Hydrokodon\"}]},{\"@type\":\"WebSite\",\"@id\":\"https:\\\/\\\/weightlossmedssales.com\\\/#website\",\"url\":\"https:\\\/\\\/weightlossmedssales.com\\\/\",\"name\":\"Family Healthcare Pharmacy\",\"description\":\"Weight Loss Medicines\",\"potentialAction\":[{\"@type\":\"SearchAction\",\"target\":{\"@type\":\"EntryPoint\",\"urlTemplate\":\"https:\\\/\\\/weightlossmedssales.com\\\/?s={search_term_string}\"},\"query-input\":{\"@type\":\"PropertyValueSpecification\",\"valueRequired\":true,\"valueName\":\"search_term_string\"}}],\"inLanguage\":\"sv-SE\"}]}<\/script>\n<meta property=\"product:price:amount\" content=\"4.00\" \/>\n<meta property=\"product:price:currency\" content=\"USD\" \/>\n<meta property=\"og:availability\" content=\"instock\" \/>\n<meta property=\"product:availability\" content=\"instock\" \/>\n<meta property=\"product:condition\" content=\"new\" \/>\n<!-- \/ Yoast SEO Premium plugin. -->","yoast_head_json":{"title":"Hydrokodon - Family Healthcare Pharmacy","robots":{"index":"index","follow":"follow","max-snippet":"max-snippet:-1","max-image-preview":"max-image-preview:large","max-video-preview":"max-video-preview:-1"},"canonical":"https:\/\/weightlossmedssales.com\/product\/hydrokodon\/","og_locale":"sv_SE","og_type":"article","og_title":"Hydrokodon","og_description":"Hydrokodontabletter","og_url":"https:\/\/weightlossmedssales.com\/product\/hydrokodon\/","og_site_name":"Family Healthcare Pharmacy","twitter_card":"summary_large_image","twitter_misc":{"Pris":"&#36;4.00","Tillg\u00e4nglig":"I lager"},"schema":{"@context":"https:\/\/schema.org","@graph":[{"@type":"WebPage","@id":"https:\/\/weightlossmedssales.com\/product\/hydrokodon\/","url":"https:\/\/weightlossmedssales.com\/product\/hydrokodon\/","name":"Hydrokodon - Family Healthcare Pharmacy","isPartOf":{"@id":"https:\/\/weightlossmedssales.com\/#website"},"primaryImageOfPage":{"@id":"https:\/\/weightlossmedssales.com\/product\/hydrokodon\/#primaryimage"},"image":{"@id":"https:\/\/weightlossmedssales.com\/product\/hydrokodon\/#primaryimage"},"thumbnailUrl":"https:\/\/weightlossmedssales.com\/wp-content\/uploads\/2025\/04\/hydrocodone-prescription-medication.jpeg","datePublished":"2025-04-18T10:53:00+00:00","breadcrumb":{"@id":"https:\/\/weightlossmedssales.com\/product\/hydrokodon\/#breadcrumb"},"inLanguage":"sv-SE","potentialAction":[{"@type":"ReadAction","target":["https:\/\/weightlossmedssales.com\/product\/hydrokodon\/"]}]},{"@type":"ImageObject","inLanguage":"sv-SE","@id":"https:\/\/weightlossmedssales.com\/product\/hydrokodon\/#primaryimage","url":"https:\/\/weightlossmedssales.com\/wp-content\/uploads\/2025\/04\/hydrocodone-prescription-medication.jpeg","contentUrl":"https:\/\/weightlossmedssales.com\/wp-content\/uploads\/2025\/04\/hydrocodone-prescription-medication.jpeg","width":1200,"height":630},{"@type":"BreadcrumbList","@id":"https:\/\/weightlossmedssales.com\/product\/hydrokodon\/#breadcrumb","itemListElement":[{"@type":"ListItem","position":1,"name":"Home","item":"https:\/\/weightlossmedssales.com\/sv\/hem\/"},{"@type":"ListItem","position":2,"name":"Shop","item":"https:\/\/weightlossmedssales.com\/shop\/"},{"@type":"ListItem","position":3,"name":"Hydrokodon"}]},{"@type":"WebSite","@id":"https:\/\/weightlossmedssales.com\/#website","url":"https:\/\/weightlossmedssales.com\/","name":"Family Healthcare Pharmacy","description":"Weight Loss Medicines","potentialAction":[{"@type":"SearchAction","target":{"@type":"EntryPoint","urlTemplate":"https:\/\/weightlossmedssales.com\/?s={search_term_string}"},"query-input":{"@type":"PropertyValueSpecification","valueRequired":true,"valueName":"search_term_string"}}],"inLanguage":"sv-SE"}]},"product_price_amount":"4.00","product_price_currency":"USD","og_availability":"instock","product_availability":"instock","product_condition":"new"},"_links":{"self":[{"href":"https:\/\/weightlossmedssales.com\/sv\/wp-json\/wp\/v2\/product\/1839","targetHints":{"allow":["GET"]}}],"collection":[{"href":"https:\/\/weightlossmedssales.com\/sv\/wp-json\/wp\/v2\/product"}],"about":[{"href":"https:\/\/weightlossmedssales.com\/sv\/wp-json\/wp\/v2\/types\/product"}],"replies":[{"embeddable":true,"href":"https:\/\/weightlossmedssales.com\/sv\/wp-json\/wp\/v2\/comments?post=1839"}],"version-history":[{"count":0,"href":"https:\/\/weightlossmedssales.com\/sv\/wp-json\/wp\/v2\/product\/1839\/revisions"}],"wp:featuredmedia":[{"embeddable":true,"href":"https:\/\/weightlossmedssales.com\/sv\/wp-json\/wp\/v2\/media\/1531"}],"wp:attachment":[{"href":"https:\/\/weightlossmedssales.com\/sv\/wp-json\/wp\/v2\/media?parent=1839"}],"wp:term":[{"taxonomy":"product_brand","embeddable":true,"href":"https:\/\/weightlossmedssales.com\/sv\/wp-json\/wp\/v2\/product_brand?post=1839"},{"taxonomy":"product_cat","embeddable":true,"href":"https:\/\/weightlossmedssales.com\/sv\/wp-json\/wp\/v2\/product_cat?post=1839"},{"taxonomy":"product_tag","embeddable":true,"href":"https:\/\/weightlossmedssales.com\/sv\/wp-json\/wp\/v2\/product_tag?post=1839"}],"curies":[{"name":"wp","href":"https:\/\/api.w.org\/{rel}","templated":true}]}}