{"id":1844,"date":"2025-04-18T10:53:00","date_gmt":"2025-04-18T10:53:00","guid":{"rendered":"https:\/\/weightlossmedssales.com\/product\/vyvanse-70-mg-2\/"},"modified":"2025-04-18T10:53:00","modified_gmt":"2025-04-18T10:53:00","slug":"vyvanse-70-mg-2","status":"publish","type":"product","link":"https:\/\/weightlossmedssales.com\/sv\/product\/vyvanse-70-mg-2\/","title":{"rendered":"Vyvanse 70 mg"},"content":{"rendered":"<h1>Vyvanse 70 mg till salu<\/h1>\n<p>Vyvanse (lisdexamfetamin) anv\u00e4nds f\u00f6r att behandla<a href=\"https:\/\/www.goodrx.com\/adhd\">ADHD (<\/a> <a href=\"https:\/\/www.goodrx.com\/adhd\">attention-deficit hyperactivity disorder<\/a>). Detta l\u00e4kemedel \u00e4r mer popul\u00e4rt \u00e4n j\u00e4mf\u00f6rbara l\u00e4kemedel. Det finns f\u00f6r n\u00e4rvarande inga generiska alternativ till Vyvanse.  <\/p>\n<p>GoodRx har samarbetat med InsideRx och Shire f\u00f6r att s\u00e4nka priset p\u00e5 detta recept. Kolla v\u00e5ra spartips f\u00f6r co-pay-kort, hj\u00e4lpprogram och andra s\u00e4tt att minska din kostnad. Vyvanse t\u00e4cks av de flesta Medicare- och f\u00f6rs\u00e4kringsplaner.  <\/p>\n<h2 class=\"max-w-content mx-auto lg:text-section-title text-section-title-mobile font-section-title font-2 leading-component-1 mb-section-title text-align-section-title border-b-2 border-section-title-underline py-section-title px-component-2\" data-qa=\"sectionTitle\">Vad \u00e4r Vyvanse (lisdexamfetamin)?<\/h2>\n<div class=\"my-section-child last:mb-0 max-w-content mx-auto px-component-2 px-section-child\" data-qa=\"DSM-SectionChild\">\n<div data-qa=\"BodyCopy\">\n<div class=\"last-child-margin-reset text-component-2 break-words\">\n<h3 class=\"text-align-generic-title lg:text-generic-title text-generic-title font-generic-title-mobile lg:font-generic-title leading-component-1 font-component-1 mb-component-3\">Hur Vyvanse (lisdexamfetamin) verkar<\/h3>\n<p class=\"mb-component-1\">Vyvanse (lisdexamfetamin) \u00e4r ett stimulerande amfetaminl\u00e4kemedel. Forskarna vet inte exakt hur det fungerar vid ADHD, men det \u00f6kar aktiviteten av hormonerna noradrenalin och dopamin i hj\u00e4rnan, vilket f\u00f6rb\u00e4ttrar uppm\u00e4rksamheten och f\u00f6r\u00e4ndrar beteendet. <\/p>\n<\/div>\n<\/div>\n<\/div>\n<div class=\"my-section-child last:mb-0 max-w-content mx-auto px-component-2 px-section-child\" data-qa=\"DSM-SectionChild\">\n<div data-qa=\"BodyCopy\">\n<div class=\"last-child-margin-reset text-component-2 break-words\">\n<h3 class=\"text-align-generic-title lg:text-generic-title text-generic-title font-generic-title-mobile lg:font-generic-title leading-component-1 font-component-1 mb-component-3\">Vad anv\u00e4nds Vyvanse (lisdexamfetamin) f\u00f6r?<\/h3>\n<ul class=\"list-disc my-component-4\">\n<li class=\"mb-component-2 ml-bulleted-list\">ADHD (Attention-deficit\/hyperactivity disorder) (vuxna och barn fr\u00e5n 6 \u00e5r och upp\u00e5t)<\/li>\n<li class=\"mb-component-2 ml-bulleted-list\">Hets\u00e4tningsst\u00f6rning (vuxna)<\/li>\n<\/ul>\n<\/div>\n<\/div>\n<\/div>\n<div class=\"my-section-child last:mb-0 max-w-content mx-auto px-component-2 px-section-child\" data-qa=\"DSM-SectionChild\">\n<div class=\"last-child-margin-reset text-component-2 break-words\">\n<h3 class=\"text-align-generic-title lg:text-generic-title text-generic-title font-generic-title-mobile lg:font-generic-title leading-component-1 font-component-1 mb-component-3\">Vyvanse (lisdexamfetamin) beredningsformer<\/h3>\n<div class=\"flex flex-wrap mt-component-5 text-component-1\">\n<div class=\"w-full md:w-1\/2 mb-component-1 flex\"><img decoding=\"async\" class=\"flex-none w-10 h-6 pr-4 object-scale-down\" src=\"data:image\/svg+xml;base64,PHN2ZyB3aWR0aD0iNDgiIGhlaWdodD0iNDgiIHZpZXdCb3g9IjAgMCA0OCA0OCIgZmlsbD0ibm9uZSIgeG1sbnM9Imh0dHA6Ly93d3cudzMub3JnLzIwMDAvc3ZnIj4KPHBhdGggZD0iTTI0IDQ4QzM3LjI1NDggNDggNDggMzcuMjU0OCA0OCAyNEM0OCAxMC43NDUyIDM3LjI1NDggMCAyNCAwQzEwLjc0NTIgMCAwIDEwLjc0NTIgMCAyNEMwIDM3LjI1NDggMTAuNzQ1MiA0OCAyNCA0OFoiIGZpbGw9IiNGRERCMDAiLz4KPHBhdGggZD0iTTEyIDM2QzExLjM0OTkgMzUuMzUgMTAuODM0MiAzNC41NzgzIDEwLjQ4MjQgMzMuNzI5QzEwLjEzMDUgMzIuODc5NiA5Ljk0OTQ2IDMxLjk2OTMgOS45NDk0NiAzMS4wNUM5Ljk0OTQ2IDMwLjEzMDcgMTAuMTMwNSAyOS4yMjA0IDEwLjQ4MjQgMjguMzcxMUMxMC44MzQyIDI3LjUyMTcgMTEuMzQ5OSAyNi43NSAxMiAyNi4xTDE5Ljc4IDE4LjMyTDI5LjY4IDI4LjIyTDIxLjkgMzZDMjEuMjUgMzYuNjUwMSAyMC40NzgyIDM3LjE2NTggMTkuNjI4OSAzNy41MTc2QzE4Ljc3OTYgMzcuODY5NCAxNy44NjkzIDM4LjA1MDUgMTYuOTUgMzguMDUwNUMxNi4wMzA3IDM4LjA1MDUgMTUuMTIwMyAzNy44Njk0IDE0LjI3MSAzNy41MTc2QzEzLjQyMTcgMzcuMTY1OCAxMi42NSAzNi42NTAxIDEyIDM2WiIgZmlsbD0iI0ZGRkZGQiIvPgo8cGF0aCBkPSJNMzEuMDcwMSAxMS45M0MzMS43MjY2IDExLjkyODEgMzIuMzc3IDEyLjA1NzIgMzIuOTgzMSAxMi4zMDk2QzMzLjU4OTIgMTIuNTYyIDM0LjEzODkgMTIuOTMyNyAzNC42MDAxIDEzLjRDMzUuMDY3NCAxMy44NjEyIDM1LjQzODEgMTQuNDEwOSAzNS42OTA1IDE1LjAxN0MzNS45NDI5IDE1LjYyMzEgMzYuMDcxOSAxNi4yNzM0IDM2LjA3MDEgMTYuOTNDMzYuMDcgMTcuNTg3NyAzNS45NCAxOC4yMzkgMzUuNjg3OCAxOC44NDY0QzM1LjQzNTUgMTkuNDUzOSAzNS4wNjU5IDIwLjAwNTYgMzQuNjAwMSAyMC40N0wyOC4yNDAxIDI2LjgzTDIxLjE3MDEgMTkuNzZMMjcuNTMwMSAxMy40QzI3Ljk5NDUgMTIuOTM0MiAyOC41NDYyIDEyLjU2NDUgMjkuMTUzNiAxMi4zMTIzQzI5Ljc2MTEgMTIuMDYgMzAuNDEyMyAxMS45MzAxIDMxLjA3MDEgMTEuOTNaTTMxLjA3MDEgOS45Mjk5OEMyOS4yMjA3IDkuOTE2NTUgMjcuNDQxMSAxMC42MzU2IDI2LjEyMDEgMTEuOTNMMTguMzQwMSAxOS43MUwyOC4yNDAxIDI5LjYxTDM2LjAyMDEgMjEuODNDMzYuNjcwMiAyMS4xOCAzNy4xODU5IDIwLjQwODMgMzcuNTM3NyAxOS41NTg5QzM3Ljg4OTUgMTguNzA5NiAzOC4wNzA2IDE3Ljc5OTMgMzguMDcwNiAxNi44OEMzOC4wNzA2IDE1Ljk2MDcgMzcuODg5NSAxNS4wNTA0IDM3LjUzNzcgMTQuMjAxQzM3LjE4NTkgMTMuMzUxNyAzNi42NzAyIDEyLjU4IDM2LjAyMDEgMTEuOTNDMzUuMzYgMTEuMjgzIDM0LjU3ODMgMTAuNzczMiAzMy43MjAxIDEwLjQyOTlDMzIuODYxOSAxMC4wODY3IDMxLjk0NDMgOS45MTY3NCAzMS4wMjAxIDkuOTI5OThIMzEuMDcwMVoiIGZpbGw9IiMyMDFGMUIiLz4KPC9zdmc+Cg==\" alt=\"kapselikon\" data-qa=\"\"><\/p>\n<div class=\"flex-initial w-full\"><span class=\"capitalize\">Kapsel<\/span><\/p>\n<div class=\"pt-3 flex-inital flex flex-wrap\"><a class=\"text-primary pr-3 whitespace-nowrap\" href=\"https:\/\/www.goodrx.com\/vyvanse?dosage=10mg&amp;form=capsule&amp;quantity=30\" target=\"\" rel=\"noopener\" data-qa=\"DSM-Link\">10 mg<\/a><a class=\"text-primary pr-3 whitespace-nowrap\" href=\"https:\/\/www.goodrx.com\/vyvanse?dosage=20mg&amp;form=capsule&amp;quantity=30\" target=\"\" rel=\"noopener\" data-qa=\"DSM-Link\">20 mg<\/a><a class=\"text-primary pr-3 whitespace-nowrap\" href=\"https:\/\/www.goodrx.com\/vyvanse?dosage=30mg&amp;form=capsule&amp;quantity=30\" target=\"\" rel=\"noopener\" data-qa=\"DSM-Link\">30 mg<\/a><a class=\"text-primary pr-3 whitespace-nowrap\" href=\"https:\/\/www.goodrx.com\/vyvanse?dosage=40mg&amp;form=capsule&amp;quantity=30\" target=\"\" rel=\"noopener\" data-qa=\"DSM-Link\">40 mg<\/a><a class=\"text-primary pr-3 whitespace-nowrap\" href=\"https:\/\/www.goodrx.com\/vyvanse?dosage=50mg&amp;form=capsule&amp;quantity=30\" target=\"\" rel=\"noopener\" data-qa=\"DSM-Link\">50 mg<\/a><a class=\"text-primary pr-3 whitespace-nowrap\" href=\"https:\/\/www.goodrx.com\/vyvanse?dosage=60mg&amp;form=capsule&amp;quantity=30\" target=\"\" rel=\"noopener\" data-qa=\"DSM-Link\">60 mg<\/a><a class=\"text-primary pr-3 whitespace-nowrap\" href=\"https:\/\/www.goodrx.com\/vyvanse?dosage=70mg&amp;form=capsule&amp;quantity=30\" target=\"\" rel=\"noopener\" data-qa=\"DSM-Link\">70 mg<\/a><\/div>\n<\/div>\n<\/div>\n<div class=\"w-full md:w-1\/2 mb-component-1 flex\"><img decoding=\"async\" class=\"flex-none w-10 h-6 pr-4 object-scale-down\" src=\"data:image\/svg+xml;base64,PHN2ZyB3aWR0aD0iNDgiIGhlaWdodD0iNDgiIHZpZXdCb3g9IjAgMCA0OCA0OCIgZmlsbD0ibm9uZSIgeG1sbnM9Imh0dHA6Ly93d3cudzMub3JnLzIwMDAvc3ZnIj4KPHBhdGggZD0iTTI0IDQ4QzM3LjI1NDggNDggNDggMzcuMjU0OCA0OCAyNEM0OCAxMC43NDUyIDM3LjI1NDggMCAyNCAwQzEwLjc0NTIgMCAwIDEwLjc0NTIgMCAyNEMwIDM3LjI1NDggMTAuNzQ1MiA0OCAyNCA0OFoiIGZpbGw9IiNGRERCMDAiLz4KPHBhdGggZD0iTTIwIDQxQzE4LjE0MzUgNDEgMTYuMzYzIDQwLjI2MjUgMTUuMDUwMyAzOC45NDk3QzEzLjczNzUgMzcuNjM3IDEzIDM1Ljg1NjUgMTMgMzRWMjNIMjdWMzRDMjcgMzUuODU2NSAyNi4yNjI1IDM3LjYzNyAyNC45NDk3IDM4Ljk0OTdDMjMuNjM3IDQwLjI2MjUgMjEuODU2NSA0MSAyMCA0MVoiIGZpbGw9IiNGRkZGRkIiLz4KPHBhdGggZD0iTTMwLjUgMjhDMzEuOTU4NyAyOCAzMy4zNTc2IDI4LjU3OTUgMzQuMzg5MSAyOS42MTA5QzM1LjQyMDUgMzAuNjQyNCAzNiAzMi4wNDEzIDM2IDMzLjVDMzUuOTk3NCAzNC45NTc5IDM1LjQxNyAzNi4zNTUzIDM0LjM4NjIgMzcuMzg2MkMzMy4zNTUzIDM4LjQxNyAzMS45NTc5IDM4Ljk5NzQgMzAuNSAzOUMyOS4wNDIxIDM4Ljk5NzQgMjcuNjQ0NyAzOC40MTcgMjYuNjEzOCAzNy4zODYyQzI1LjU4MyAzNi4zNTUzIDI1LjAwMjYgMzQuOTU3OSAyNSAzMy41QzI1IDMyLjA0MTMgMjUuNTc5NSAzMC42NDI0IDI2LjYxMDkgMjkuNjEwOUMyNy42NDI0IDI4LjU3OTUgMjkuMDQxMyAyOCAzMC41IDI4Wk0zMC41IDI2QzI4LjUxMDkgMjYgMjYuNjAzMiAyNi43OTAyIDI1LjE5NjcgMjguMTk2N0MyMy43OTAyIDI5LjYwMzIgMjMgMzEuNTEwOSAyMyAzMy41QzIzLjAwMjYgMzUuNDg4MyAyMy43OTM3IDM3LjM5NDQgMjUuMTk5NiAzOC44MDA0QzI2LjYwNTYgNDAuMjA2MyAyOC41MTE3IDQwLjk5NzQgMzAuNSA0MUMzMi40ODgzIDQwLjk5NzQgMzQuMzk0NCA0MC4yMDYzIDM1LjgwMDQgMzguODAwNEMzNy4yMDYzIDM3LjM5NDQgMzcuOTk3NCAzNS40ODgzIDM4IDMzLjVDMzggMzEuNTEwOSAzNy4yMDk4IDI5LjYwMzIgMzUuODAzMyAyOC4xOTY3QzM0LjM5NjggMjYuNzkwMiAzMi40ODkxIDI2IDMwLjUgMjZaIiBmaWxsPSIjMjAxRjFCIi8+CjxwYXRoIGQ9Ik0yMCA5QzIxLjMyNjEgOSAyMi41OTc5IDkuNTI2NzggMjMuNTM1NSAxMC40NjQ1QzI0LjQ3MzIgMTEuNDAyMSAyNSAxMi42NzM5IDI1IDE0VjIzSDE1VjE0QzE1IDEyLjY3MzkgMTUuNTI2OCAxMS40MDIxIDE2LjQ2NDUgMTAuNDY0NUMxNy40MDIxIDkuNTI2NzggMTguNjczOSA5IDIwIDlaTTIwIDdDMTguMTQzNSA3IDE2LjM2MyA3LjczNzUgMTUuMDUwMyA5LjA1MDI1QzEzLjczNzUgMTAuMzYzIDEzIDEyLjE0MzUgMTMgMTRWMjVIMjdWMTRDMjcgMTIuMTQzNSAyNi4yNjI1IDEwLjM2MyAyNC45NDk3IDkuMDUwMjVDMjMuNjM3IDcuNzM3NSAyMS44NTY1IDcgMjAgN1oiIGZpbGw9IiMyMDFGMUIiLz4KPHBhdGggZD0iTTI3Ljk5OTkgMzdDMjcuODY4MyAzNy4wMDA4IDI3LjczNzkgMzYuOTc1NSAyNy42MTYgMzYuOTI1OEMyNy40OTQyIDM2Ljg3NiAyNy4zODM0IDM2LjgwMjcgMjcuMjg5OSAzNi43MUMyNy4xOTYyIDM2LjYxNyAyNy4xMjE4IDM2LjUwNjQgMjcuMDcxIDM2LjM4NDZDMjcuMDIwMyAzNi4yNjI3IDI2Ljk5NDEgMzYuMTMyIDI2Ljk5NDEgMzZDMjYuOTk0MSAzNS44NjggMjcuMDIwMyAzNS43MzczIDI3LjA3MSAzNS42MTU0QzI3LjEyMTggMzUuNDkzNiAyNy4xOTYyIDM1LjM4MyAyNy4yODk5IDM1LjI5TDMyLjI4OTkgMzAuMjlDMzIuMzgyOSAzMC4xOTYzIDMyLjQ5MzUgMzAuMTIxOSAzMi42MTU0IDMwLjA3MTFDMzIuNzM3MiAzMC4wMjAzIDMyLjg2NzkgMjkuOTk0MiAzMi45OTk5IDI5Ljk5NDJDMzMuMTMyIDI5Ljk5NDIgMzMuMjYyNyAzMC4wMjAzIDMzLjM4NDUgMzAuMDcxMUMzMy41MDY0IDMwLjEyMTkgMzMuNjE3IDMwLjE5NjMgMzMuNzA5OSAzMC4yOUMzMy44MDM3IDMwLjM4MyAzMy44NzgxIDMwLjQ5MzYgMzMuOTI4OCAzMC42MTU0QzMzLjk3OTYgMzAuNzM3MyAzNC4wMDU3IDMwLjg2OCAzNC4wMDU3IDMxQzM0LjAwNTcgMzEuMTMyIDMzLjk3OTYgMzEuMjYyNyAzMy45Mjg4IDMxLjM4NDZDMzMuODc4MSAzMS41MDY0IDMzLjgwMzcgMzEuNjE3IDMzLjcwOTkgMzEuNzFMMjguNzA5OSAzNi43MUMyOC42MTY1IDM2LjgwMjcgMjguNTA1NyAzNi44NzYgMjguMzgzOCAzNi45MjU4QzI4LjI2MiAzNi45NzU1IDI4LjEzMTUgMzcuMDAwOCAyNy45OTk5IDM3WiIgZmlsbD0iIzIwMUYxQiIvPgo8L3N2Zz4K\" alt=\"ikon f\u00f6r tuggtablett\" data-qa=\"\"><\/p>\n<div class=\"flex-initial w-full\"><span class=\"capitalize\">Tuggtablett<\/span><\/p>\n<div class=\"pt-3 flex-inital flex flex-wrap\"><a class=\"text-primary pr-3 whitespace-nowrap\" href=\"https:\/\/www.goodrx.com\/vyvanse?dosage=10mg&amp;form=chewable-tablet&amp;quantity=30\" target=\"\" rel=\"noopener\" data-qa=\"DSM-Link\">10 mg<\/a><a class=\"text-primary pr-3 whitespace-nowrap\" href=\"https:\/\/www.goodrx.com\/vyvanse?dosage=20mg&amp;form=chewable-tablet&amp;quantity=30\" target=\"\" rel=\"noopener\" data-qa=\"DSM-Link\">20 mg<\/a><a class=\"text-primary pr-3 whitespace-nowrap\" href=\"https:\/\/www.goodrx.com\/vyvanse?dosage=30mg&amp;form=chewable-tablet&amp;quantity=30\" target=\"\" rel=\"noopener\" data-qa=\"DSM-Link\">30 mg<\/a><a class=\"text-primary pr-3 whitespace-nowrap\" href=\"https:\/\/www.goodrx.com\/vyvanse?dosage=40mg&amp;form=chewable-tablet&amp;quantity=30\" target=\"\" rel=\"noopener\" data-qa=\"DSM-Link\">40 mg<\/a><a class=\"text-primary pr-3 whitespace-nowrap\" href=\"https:\/\/www.goodrx.com\/vyvanse?dosage=50mg&amp;form=chewable-tablet&amp;quantity=30\" target=\"\" rel=\"noopener\" data-qa=\"DSM-Link\">50 mg<\/a><a class=\"text-primary pr-3 whitespace-nowrap\" href=\"https:\/\/www.goodrx.com\/vyvanse?dosage=60mg&amp;form=chewable-tablet&amp;quantity=30\" target=\"\" rel=\"noopener\" data-qa=\"DSM-Link\">60 mg<\/a><\/div>\n<\/div>\n<\/div>\n<\/div>\n<\/div>\n<\/div>\n<div class=\"my-section-child last:mb-0 max-w-content mx-auto px-component-2 px-section-child\" data-qa=\"DSM-SectionChild\">\n<div data-qa=\"BodyCopy\">\n<div class=\"last-child-margin-reset text-component-2 break-words\">\n<h3 class=\"text-align-generic-title lg:text-generic-title text-generic-title font-generic-title-mobile lg:font-generic-title leading-component-1 font-component-1 mb-component-3\">Typisk dosering f\u00f6r Vyvanse (lisdexamfetamin)<\/h3>\n<p class=\"mb-component-1\">Den typiska startdosen f\u00f6r vuxna och barn fr\u00e5n 6 \u00e5r och \u00e4ldre \u00e4r 30 mg dagligen p\u00e5 morgonen. Den maximala dosen \u00e4r 70 mg. <\/p>\n<\/div>\n<\/div>\n<\/div>\n","protected":false},"excerpt":{"rendered":"<p>Vyvanse 70 mg till salu Vyvanse (lisdexamfetamin) anv\u00e4nds f\u00f6r att behandlaADHD ( attention-deficit hyperactivity disorder). Detta l\u00e4kemedel \u00e4r mer popul\u00e4rt \u00e4n j\u00e4mf\u00f6rbara l\u00e4kemedel. Det finns f\u00f6r n\u00e4rvarande inga generiska alternativ till Vyvanse. GoodRx har samarbetat med InsideRx och Shire f\u00f6r att s\u00e4nka priset p\u00e5 detta recept. Kolla v\u00e5ra spartips f\u00f6r co-pay-kort, hj\u00e4lpprogram och andra s\u00e4tt &#8230;<\/p>\n","protected":false},"featured_media":1552,"menu_order":0,"comment_status":"open","ping_status":"closed","template":"","meta":[],"product_brand":[],"product_cat":[211],"product_tag":[],"class_list":{"0":"post-1844","1":"product","2":"type-product","3":"status-publish","4":"has-post-thumbnail","6":"product_cat-kop-vyvanse-online","8":"first","9":"instock","10":"shipping-taxable","11":"purchasable","12":"product-type-simple"},"yoast_head":"<!-- This site is optimized with the Yoast SEO Premium plugin v23.3 (Yoast SEO v26.4) - https:\/\/yoast.com\/wordpress\/plugins\/seo\/ -->\n<title>Vyvanse 70 mg - Family Healthcare Pharmacy<\/title>\n<meta name=\"robots\" content=\"index, follow, max-snippet:-1, max-image-preview:large, max-video-preview:-1\" \/>\n<link rel=\"canonical\" href=\"https:\/\/weightlossmedssales.com\/product\/vyvanse-70-mg-2\/\" \/>\n<meta property=\"og:locale\" content=\"sv_SE\" \/>\n<meta property=\"og:type\" content=\"article\" \/>\n<meta property=\"og:title\" content=\"Vyvanse 70 mg\" \/>\n<meta property=\"og:description\" content=\"Vyvanse 70 mg till salu Vyvanse (lisdexamfetamin) anv\u00e4nds f\u00f6r att behandlaADHD ( attention-deficit hyperactivity disorder). Detta l\u00e4kemedel \u00e4r mer popul\u00e4rt \u00e4n j\u00e4mf\u00f6rbara l\u00e4kemedel. Det finns f\u00f6r n\u00e4rvarande inga generiska alternativ till Vyvanse. GoodRx har samarbetat med InsideRx och Shire f\u00f6r att s\u00e4nka priset p\u00e5 detta recept. Kolla v\u00e5ra spartips f\u00f6r co-pay-kort, hj\u00e4lpprogram och andra s\u00e4tt ...\" \/>\n<meta property=\"og:url\" content=\"https:\/\/weightlossmedssales.com\/product\/vyvanse-70-mg-2\/\" \/>\n<meta property=\"og:site_name\" content=\"Family Healthcare Pharmacy\" \/>\n<meta name=\"twitter:card\" content=\"summary_large_image\" \/>\n<meta name=\"twitter:label1\" content=\"Pris\" \/>\n\t<meta name=\"twitter:data1\" content=\"&#036;3.00\" \/>\n\t<meta name=\"twitter:label2\" content=\"Tillg\u00e4nglig\" \/>\n\t<meta name=\"twitter:data2\" content=\"I lager\" \/>\n<script type=\"application\/ld+json\" class=\"yoast-schema-graph\">{\"@context\":\"https:\/\/schema.org\",\"@graph\":[{\"@type\":\"WebPage\",\"@id\":\"https:\/\/weightlossmedssales.com\/product\/vyvanse-70-mg-2\/\",\"url\":\"https:\/\/weightlossmedssales.com\/product\/vyvanse-70-mg-2\/\",\"name\":\"Vyvanse 70 mg - Family Healthcare Pharmacy\",\"isPartOf\":{\"@id\":\"https:\/\/weightlossmedssales.com\/#website\"},\"primaryImageOfPage\":{\"@id\":\"https:\/\/weightlossmedssales.com\/product\/vyvanse-70-mg-2\/#primaryimage\"},\"image\":{\"@id\":\"https:\/\/weightlossmedssales.com\/product\/vyvanse-70-mg-2\/#primaryimage\"},\"thumbnailUrl\":\"https:\/\/weightlossmedssales.com\/wp-content\/uploads\/2025\/04\/vyvanse-70-mg.jpg\",\"datePublished\":\"2025-04-18T10:53:00+00:00\",\"breadcrumb\":{\"@id\":\"https:\/\/weightlossmedssales.com\/product\/vyvanse-70-mg-2\/#breadcrumb\"},\"inLanguage\":\"sv-SE\",\"potentialAction\":[{\"@type\":\"ReadAction\",\"target\":[\"https:\/\/weightlossmedssales.com\/product\/vyvanse-70-mg-2\/\"]}]},{\"@type\":\"ImageObject\",\"inLanguage\":\"sv-SE\",\"@id\":\"https:\/\/weightlossmedssales.com\/product\/vyvanse-70-mg-2\/#primaryimage\",\"url\":\"https:\/\/weightlossmedssales.com\/wp-content\/uploads\/2025\/04\/vyvanse-70-mg.jpg\",\"contentUrl\":\"https:\/\/weightlossmedssales.com\/wp-content\/uploads\/2025\/04\/vyvanse-70-mg.jpg\",\"width\":1200,\"height\":1200},{\"@type\":\"BreadcrumbList\",\"@id\":\"https:\/\/weightlossmedssales.com\/product\/vyvanse-70-mg-2\/#breadcrumb\",\"itemListElement\":[{\"@type\":\"ListItem\",\"position\":1,\"name\":\"Home\",\"item\":\"https:\/\/weightlossmedssales.com\/sv\/hem\/\"},{\"@type\":\"ListItem\",\"position\":2,\"name\":\"Shop\",\"item\":\"https:\/\/weightlossmedssales.com\/shop\/\"},{\"@type\":\"ListItem\",\"position\":3,\"name\":\"Vyvanse 70 mg\"}]},{\"@type\":\"WebSite\",\"@id\":\"https:\/\/weightlossmedssales.com\/#website\",\"url\":\"https:\/\/weightlossmedssales.com\/\",\"name\":\"Family Healthcare Pharmacy\",\"description\":\"Weight Loss Medicines\",\"potentialAction\":[{\"@type\":\"SearchAction\",\"target\":{\"@type\":\"EntryPoint\",\"urlTemplate\":\"https:\/\/weightlossmedssales.com\/?s={search_term_string}\"},\"query-input\":{\"@type\":\"PropertyValueSpecification\",\"valueRequired\":true,\"valueName\":\"search_term_string\"}}],\"inLanguage\":\"sv-SE\"}]}<\/script>\n<meta property=\"product:price:amount\" content=\"3.00\" \/>\n<meta property=\"product:price:currency\" content=\"USD\" \/>\n<meta property=\"og:availability\" content=\"instock\" \/>\n<meta property=\"product:availability\" content=\"instock\" \/>\n<meta property=\"product:condition\" content=\"new\" \/>\n<!-- \/ Yoast SEO Premium plugin. -->","yoast_head_json":{"title":"Vyvanse 70 mg - Family Healthcare Pharmacy","robots":{"index":"index","follow":"follow","max-snippet":"max-snippet:-1","max-image-preview":"max-image-preview:large","max-video-preview":"max-video-preview:-1"},"canonical":"https:\/\/weightlossmedssales.com\/product\/vyvanse-70-mg-2\/","og_locale":"sv_SE","og_type":"article","og_title":"Vyvanse 70 mg","og_description":"Vyvanse 70 mg till salu Vyvanse (lisdexamfetamin) anv\u00e4nds f\u00f6r att behandlaADHD ( attention-deficit hyperactivity disorder). Detta l\u00e4kemedel \u00e4r mer popul\u00e4rt \u00e4n j\u00e4mf\u00f6rbara l\u00e4kemedel. Det finns f\u00f6r n\u00e4rvarande inga generiska alternativ till Vyvanse. GoodRx har samarbetat med InsideRx och Shire f\u00f6r att s\u00e4nka priset p\u00e5 detta recept. Kolla v\u00e5ra spartips f\u00f6r co-pay-kort, hj\u00e4lpprogram och andra s\u00e4tt ...","og_url":"https:\/\/weightlossmedssales.com\/product\/vyvanse-70-mg-2\/","og_site_name":"Family Healthcare Pharmacy","twitter_card":"summary_large_image","twitter_misc":{"Pris":"&#36;3.00","Tillg\u00e4nglig":"I lager"},"schema":{"@context":"https:\/\/schema.org","@graph":[{"@type":"WebPage","@id":"https:\/\/weightlossmedssales.com\/product\/vyvanse-70-mg-2\/","url":"https:\/\/weightlossmedssales.com\/product\/vyvanse-70-mg-2\/","name":"Vyvanse 70 mg - Family Healthcare Pharmacy","isPartOf":{"@id":"https:\/\/weightlossmedssales.com\/#website"},"primaryImageOfPage":{"@id":"https:\/\/weightlossmedssales.com\/product\/vyvanse-70-mg-2\/#primaryimage"},"image":{"@id":"https:\/\/weightlossmedssales.com\/product\/vyvanse-70-mg-2\/#primaryimage"},"thumbnailUrl":"https:\/\/weightlossmedssales.com\/wp-content\/uploads\/2025\/04\/vyvanse-70-mg.jpg","datePublished":"2025-04-18T10:53:00+00:00","breadcrumb":{"@id":"https:\/\/weightlossmedssales.com\/product\/vyvanse-70-mg-2\/#breadcrumb"},"inLanguage":"sv-SE","potentialAction":[{"@type":"ReadAction","target":["https:\/\/weightlossmedssales.com\/product\/vyvanse-70-mg-2\/"]}]},{"@type":"ImageObject","inLanguage":"sv-SE","@id":"https:\/\/weightlossmedssales.com\/product\/vyvanse-70-mg-2\/#primaryimage","url":"https:\/\/weightlossmedssales.com\/wp-content\/uploads\/2025\/04\/vyvanse-70-mg.jpg","contentUrl":"https:\/\/weightlossmedssales.com\/wp-content\/uploads\/2025\/04\/vyvanse-70-mg.jpg","width":1200,"height":1200},{"@type":"BreadcrumbList","@id":"https:\/\/weightlossmedssales.com\/product\/vyvanse-70-mg-2\/#breadcrumb","itemListElement":[{"@type":"ListItem","position":1,"name":"Home","item":"https:\/\/weightlossmedssales.com\/sv\/hem\/"},{"@type":"ListItem","position":2,"name":"Shop","item":"https:\/\/weightlossmedssales.com\/shop\/"},{"@type":"ListItem","position":3,"name":"Vyvanse 70 mg"}]},{"@type":"WebSite","@id":"https:\/\/weightlossmedssales.com\/#website","url":"https:\/\/weightlossmedssales.com\/","name":"Family Healthcare Pharmacy","description":"Weight Loss Medicines","potentialAction":[{"@type":"SearchAction","target":{"@type":"EntryPoint","urlTemplate":"https:\/\/weightlossmedssales.com\/?s={search_term_string}"},"query-input":{"@type":"PropertyValueSpecification","valueRequired":true,"valueName":"search_term_string"}}],"inLanguage":"sv-SE"}]},"product_price_amount":"3.00","product_price_currency":"USD","og_availability":"instock","product_availability":"instock","product_condition":"new"},"_links":{"self":[{"href":"https:\/\/weightlossmedssales.com\/sv\/wp-json\/wp\/v2\/product\/1844","targetHints":{"allow":["GET"]}}],"collection":[{"href":"https:\/\/weightlossmedssales.com\/sv\/wp-json\/wp\/v2\/product"}],"about":[{"href":"https:\/\/weightlossmedssales.com\/sv\/wp-json\/wp\/v2\/types\/product"}],"replies":[{"embeddable":true,"href":"https:\/\/weightlossmedssales.com\/sv\/wp-json\/wp\/v2\/comments?post=1844"}],"version-history":[{"count":0,"href":"https:\/\/weightlossmedssales.com\/sv\/wp-json\/wp\/v2\/product\/1844\/revisions"}],"wp:featuredmedia":[{"embeddable":true,"href":"https:\/\/weightlossmedssales.com\/sv\/wp-json\/wp\/v2\/media\/1552"}],"wp:attachment":[{"href":"https:\/\/weightlossmedssales.com\/sv\/wp-json\/wp\/v2\/media?parent=1844"}],"wp:term":[{"taxonomy":"product_brand","embeddable":true,"href":"https:\/\/weightlossmedssales.com\/sv\/wp-json\/wp\/v2\/product_brand?post=1844"},{"taxonomy":"product_cat","embeddable":true,"href":"https:\/\/weightlossmedssales.com\/sv\/wp-json\/wp\/v2\/product_cat?post=1844"},{"taxonomy":"product_tag","embeddable":true,"href":"https:\/\/weightlossmedssales.com\/sv\/wp-json\/wp\/v2\/product_tag?post=1844"}],"curies":[{"name":"wp","href":"https:\/\/api.w.org\/{rel}","templated":true}]}}