{"id":1846,"date":"2025-04-18T10:53:00","date_gmt":"2025-04-18T10:53:00","guid":{"rendered":"https:\/\/weightlossmedssales.com\/product\/suboxone-12-mg-strips\/"},"modified":"2025-04-18T10:53:00","modified_gmt":"2025-04-18T10:53:00","slug":"suboxone-12-mg-strips","status":"publish","type":"product","link":"https:\/\/weightlossmedssales.com\/sv\/product\/suboxone-12-mg-strips\/","title":{"rendered":"Suboxone 12 mg Strips"},"content":{"rendered":"<h1>Suboxone 12 mg Strips till salu<\/h1>\n<div class=\"my-section-child last:mb-0 max-w-content mx-auto px-component-2 px-section-child\" data-qa=\"DSM-SectionChild\">\n<div data-qa=\"BodyCopy\">\n<div class=\"last-child-margin-reset text-component-2 break-words\">\n<p class=\"mb-component-1\">Suboxone\/naloxone \u00e4r en kombination av opioidl\u00e4kemedel som fungerar bra f\u00f6r att behandla opioidberoende. Det fungerar b\u00e4st n\u00e4r det anv\u00e4nds tillsammans med r\u00e5dgivning och psykiskt st\u00f6d. L\u00e4kemedlet finns som en tablett eller film som antingen l\u00f6ses upp under tungan eller mot insidan av kinden.  <\/p>\n<h2 class=\"max-w-content mx-auto lg:text-section-title text-section-title-mobile font-section-title font-2 leading-component-1 mb-section-title text-align-section-title border-b-2 border-section-title-underline py-section-title px-component-2\" data-qa=\"sectionTitle\">Vad \u00e4r buprenorfin\/naloxon?<\/h2>\n<div class=\"my-section-child last:mb-0 max-w-content mx-auto px-component-2 px-section-child\" data-qa=\"DSM-SectionChild\">\n<div data-qa=\"BodyCopy\">\n<div class=\"last-child-margin-reset text-component-2 break-words\">\n<h3 class=\"text-align-generic-title lg:text-generic-title text-generic-title font-generic-title-mobile lg:font-generic-title leading-component-1 font-component-1 mb-component-3\">Hur buprenorfin\/naloxon verkar<\/h3>\n<p class=\"mb-component-1\">Buprenorfin\/naloxon \u00e4r en kombination av tv\u00e5 l\u00e4kemedel som verkar p\u00e5 delar av hj\u00e4rnan, s\u00e5 kallade opioidreceptorer, f\u00f6r att p\u00e5verka hur du reagerar p\u00e5 sm\u00e4rta.<\/p>\n<ul class=\"list-disc my-component-4\">\n<li class=\"mb-component-2 ml-bulleted-list\"><strong>Buprenorfin<\/strong> \u00e4r en partiell opioidagonist och verkar p\u00e5 opioidreceptorer f\u00f6r att minska hur mycket sm\u00e4rta du k\u00e4nner. Det \u00e4r inte lika starkt som andra vanliga opioider som <a class=\"text-primary hover:text-simple-link-hover\" href=\"https:\/\/www.goodrx.com\/oxycodone\/what-is\" target=\"_self\" rel=\"noopener\" data-qa=\"DSM-Link\" data-location=\"Content\" data-type=\"body-copy-group\" data-url=\"https:\/\/www.goodrx.com\/oxycodone\/what-is\" data-content=\"oxycodone (Roxicodone)\" data-content-id=\"a37113d9-d9c6-4dbc-aa07-414b44694f6c\" data-content-category=\"\" data-content-category-id=\"uses\" data-content-position=\"3\">oxikodon (Roxicodone)<\/a> och <a class=\"text-primary hover:text-simple-link-hover\" href=\"https:\/\/www.goodrx.com\/morphine\/what-is\" target=\"_self\" rel=\"noopener\" data-qa=\"DSM-Link\" data-location=\"Content\" data-type=\"body-copy-group\" data-url=\"https:\/\/www.goodrx.com\/morphine\/what-is\" data-content=\"morphine\" data-content-id=\"a37113d9-d9c6-4dbc-aa07-414b44694f6c\" data-content-category=\"\" data-content-category-id=\"uses\" data-content-position=\"3\">morfin<\/a>. <\/li>\n<li class=\"mb-component-2 ml-bulleted-list\"><strong>Naloxon<\/strong> \u00e4r en opioidantagonist som blockerar effekterna av opioider. N\u00e4r det anv\u00e4nds tillsammans med buprenorfin hj\u00e4lper det till att f\u00f6rhindra \u00f6veranv\u00e4ndning eller felanv\u00e4ndning. <\/li>\n<\/ul>\n<p class=\"mb-component-1\">Buprenorfin och naloxon verkar tillsammans f\u00f6r att kontrollera opioidbeg\u00e4ret samtidigt som de minskar risken f\u00f6r besv\u00e4rande biverkningar som uppst\u00e5r n\u00e4r man pl\u00f6tsligt slutar ta opioider (abstinens).<\/p>\n<\/div>\n<\/div>\n<\/div>\n<div class=\"my-section-child last:mb-0 max-w-content mx-auto px-component-2 px-section-child\" data-qa=\"DSM-SectionChild\">\n<div data-qa=\"BodyCopy\">\n<div class=\"last-child-margin-reset text-component-2 break-words\">\n<h3 class=\"text-align-generic-title lg:text-generic-title text-generic-title font-generic-title-mobile lg:font-generic-title leading-component-1 font-component-1 mb-component-3\">Vad anv\u00e4nds buprenorfin\/naloxon f\u00f6r?<\/h3>\n<ul class=\"list-disc my-component-4\">\n<li class=\"mb-component-2 ml-bulleted-list\">Opioidberoende<\/li>\n<\/ul>\n<h3 class=\"text-align-generic-title lg:text-generic-title text-generic-title font-generic-title-mobile lg:font-generic-title leading-component-1 font-component-1 mb-component-3\">Typisk dosering f\u00f6r buprenorfin\/naloxon<\/h3>\n<p class=\"mb-component-1\">Din v\u00e5rdgivare kommer att arbeta tillsammans med dig f\u00f6r att justera din dos efter dina individuella behov. F\u00f6r att undvika abstinens ska du ta din f\u00f6rsta dos buprenorfin\/naloxon minst 6 timmar efter att du har tagit din sista opioiddos och n\u00e4r du har tydliga tecken p\u00e5 abstinens. Din dos kommer att justeras under de f\u00f6rsta dagarna av behandlingen tills du n\u00e5r en dos d\u00e4r ditt beg\u00e4r och dina abstinenssymtom \u00e4r kontrollerade (underh\u00e5llsdos).  <\/p>\n<p class=\"mb-component-1\"><strong>Suboxone<\/strong>, <strong>Bunavail<\/strong> och <strong>Zubsolv<\/strong> inneh\u00e5ller olika m\u00e4ngder buprenorfin och naloxon, s\u00e5 <strong>de \u00e4r inte utbytbara<\/strong>. Doseringen nedan \u00e4r vad som \u00e4r typiskt f\u00f6r personer som \u00e4r beroende av kortverkande opioidl\u00e4kemedel eller heroin. <\/p>\n<p class=\"mb-component-1\"><strong>Suboxone film<\/strong><\/p>\n<ul class=\"list-disc my-component-4\">\n<li class=\"mb-component-2 ml-bulleted-list\"><strong>Dag 1:<\/strong> Du kommer vanligtvis att b\u00f6rja med filmer som inneh\u00e5ller antingen <strong>2 mg buprenorfin och 0,5 mg naloxon<\/strong> eller <strong>4 mg buprenorfin och 1 mg naloxon<\/strong>. Den typiska startdosen \u00e4r 1 film <em>uppl\u00f6st under tungan (sublingualt)<\/em> en g\u00e5ng, sedan 1 till 2 filmer varannan timme tills du n\u00e5r en total daglig dos p\u00e5 8 mg\/2 mg (buprenorfin\/naloxon). <\/li>\n<li class=\"mb-component-2 ml-bulleted-list\"><strong>Dag 2:<\/strong> Ta upp till 16 mg\/4 mg (buprenorfin\/naloxon) <em>sublingualt<\/em> som en daglig eng\u00e5ngsdos.<\/li>\n<li class=\"mb-component-2 ml-bulleted-list\"><strong>Dag 3 och fram\u00e5t:<\/strong> Din v\u00e5rdgivare kommer att forts\u00e4tta att justera din dos tills du n\u00e5r en underh\u00e5llsdos. Den rekommenderade m\u00e5ldosen f\u00f6r underh\u00e5ll \u00e4r 16 mg\/4 mg (buprenorfin\/naloxon) <em>sublingualt eller placerat mot insidan av kinden (buckalt)<\/em> som en daglig eng\u00e5ngsdos. Suboxone 12 mg Strips till salu. K\u00f6pa suboxone remsor online.   <\/li>\n<\/ul>\n<\/div>\n<\/div>\n<\/div>\n<\/div>\n<\/div>\n<\/div>\n<div class=\"my-section-child last:mb-0 max-w-content mx-auto px-component-2 px-section-child\" data-qa=\"DSM-SectionChild\">\n<div class=\"flex-none md:flex md:flex-row mt-component-5\" data-qa=\"ColumnContainer\">\n<div class=\"flex-1 md:w-1\/2 mb-component-1 md:mr-column\">\n<div data-qa=\"BodyCopy\">\n<div class=\"last-child-margin-reset text-component-2 break-words\"><\/div>\n<\/div>\n<\/div>\n<\/div>\n<\/div>\n<p>&nbsp;<\/p>\n","protected":false},"excerpt":{"rendered":"<p>Suboxone 12 mg Strips till salu Suboxone\/naloxone \u00e4r en kombination av opioidl\u00e4kemedel som fungerar bra f\u00f6r att behandla opioidberoende. Det fungerar b\u00e4st n\u00e4r det anv\u00e4nds tillsammans med r\u00e5dgivning och psykiskt st\u00f6d. L\u00e4kemedlet finns som en tablett eller film som antingen l\u00f6ses upp under tungan eller mot insidan av kinden. Vad \u00e4r buprenorfin\/naloxon? Hur buprenorfin\/naloxon verkar &#8230;<\/p>\n","protected":false},"featured_media":1543,"menu_order":0,"comment_status":"open","ping_status":"closed","template":"","meta":[],"product_brand":[],"product_cat":[214],"product_tag":[],"class_list":{"0":"post-1846","1":"product","2":"type-product","3":"status-publish","4":"has-post-thumbnail","6":"product_cat-kop-suboxone-online","8":"first","9":"instock","10":"shipping-taxable","11":"purchasable","12":"product-type-simple"},"yoast_head":"<!-- This site is optimized with the Yoast SEO Premium plugin v23.3 (Yoast SEO v27.4) - https:\/\/yoast.com\/product\/yoast-seo-premium-wordpress\/ -->\n<title>Suboxone 12 mg Strips - Family Healthcare Pharmacy<\/title>\n<meta name=\"robots\" content=\"index, follow, max-snippet:-1, max-image-preview:large, max-video-preview:-1\" \/>\n<link rel=\"canonical\" href=\"https:\/\/weightlossmedssales.com\/product\/suboxone-12-mg-strips\/\" \/>\n<meta property=\"og:locale\" content=\"sv_SE\" \/>\n<meta property=\"og:type\" content=\"article\" \/>\n<meta property=\"og:title\" content=\"Suboxone 12 mg Strips\" \/>\n<meta property=\"og:description\" content=\"Suboxone 12 mg Strips till salu Suboxone\/naloxone \u00e4r en kombination av opioidl\u00e4kemedel som fungerar bra f\u00f6r att behandla opioidberoende. Det fungerar b\u00e4st n\u00e4r det anv\u00e4nds tillsammans med r\u00e5dgivning och psykiskt st\u00f6d. L\u00e4kemedlet finns som en tablett eller film som antingen l\u00f6ses upp under tungan eller mot insidan av kinden. Vad \u00e4r buprenorfin\/naloxon? Hur buprenorfin\/naloxon verkar ...\" \/>\n<meta property=\"og:url\" content=\"https:\/\/weightlossmedssales.com\/product\/suboxone-12-mg-strips\/\" \/>\n<meta property=\"og:site_name\" content=\"Family Healthcare Pharmacy\" \/>\n<meta name=\"twitter:card\" content=\"summary_large_image\" \/>\n<meta name=\"twitter:label1\" content=\"Pris\" \/>\n\t<meta name=\"twitter:data1\" content=\"&#036;3.50\" \/>\n\t<meta name=\"twitter:label2\" content=\"Tillg\u00e4nglig\" \/>\n\t<meta name=\"twitter:data2\" content=\"I lager\" \/>\n<script type=\"application\/ld+json\" class=\"yoast-schema-graph\">{\"@context\":\"https:\\\/\\\/schema.org\",\"@graph\":[{\"@type\":\"WebPage\",\"@id\":\"https:\\\/\\\/weightlossmedssales.com\\\/product\\\/suboxone-12-mg-strips\\\/\",\"url\":\"https:\\\/\\\/weightlossmedssales.com\\\/product\\\/suboxone-12-mg-strips\\\/\",\"name\":\"Suboxone 12 mg Strips - Family Healthcare Pharmacy\",\"isPartOf\":{\"@id\":\"https:\\\/\\\/weightlossmedssales.com\\\/#website\"},\"primaryImageOfPage\":{\"@id\":\"https:\\\/\\\/weightlossmedssales.com\\\/product\\\/suboxone-12-mg-strips\\\/#primaryimage\"},\"image\":{\"@id\":\"https:\\\/\\\/weightlossmedssales.com\\\/product\\\/suboxone-12-mg-strips\\\/#primaryimage\"},\"thumbnailUrl\":\"https:\\\/\\\/weightlossmedssales.com\\\/wp-content\\\/uploads\\\/2025\\\/04\\\/suboxone-12-mg-strips.jpg\",\"datePublished\":\"2025-04-18T10:53:00+00:00\",\"breadcrumb\":{\"@id\":\"https:\\\/\\\/weightlossmedssales.com\\\/product\\\/suboxone-12-mg-strips\\\/#breadcrumb\"},\"inLanguage\":\"sv-SE\",\"potentialAction\":[{\"@type\":\"ReadAction\",\"target\":[\"https:\\\/\\\/weightlossmedssales.com\\\/product\\\/suboxone-12-mg-strips\\\/\"]}]},{\"@type\":\"ImageObject\",\"inLanguage\":\"sv-SE\",\"@id\":\"https:\\\/\\\/weightlossmedssales.com\\\/product\\\/suboxone-12-mg-strips\\\/#primaryimage\",\"url\":\"https:\\\/\\\/weightlossmedssales.com\\\/wp-content\\\/uploads\\\/2025\\\/04\\\/suboxone-12-mg-strips.jpg\",\"contentUrl\":\"https:\\\/\\\/weightlossmedssales.com\\\/wp-content\\\/uploads\\\/2025\\\/04\\\/suboxone-12-mg-strips.jpg\",\"width\":1024,\"height\":660},{\"@type\":\"BreadcrumbList\",\"@id\":\"https:\\\/\\\/weightlossmedssales.com\\\/product\\\/suboxone-12-mg-strips\\\/#breadcrumb\",\"itemListElement\":[{\"@type\":\"ListItem\",\"position\":1,\"name\":\"Home\",\"item\":\"https:\\\/\\\/weightlossmedssales.com\\\/sv\\\/hem\\\/\"},{\"@type\":\"ListItem\",\"position\":2,\"name\":\"Shop\",\"item\":\"https:\\\/\\\/weightlossmedssales.com\\\/shop\\\/\"},{\"@type\":\"ListItem\",\"position\":3,\"name\":\"Suboxone 12 mg Strips\"}]},{\"@type\":\"WebSite\",\"@id\":\"https:\\\/\\\/weightlossmedssales.com\\\/#website\",\"url\":\"https:\\\/\\\/weightlossmedssales.com\\\/\",\"name\":\"Family Healthcare Pharmacy\",\"description\":\"Weight Loss Medicines\",\"potentialAction\":[{\"@type\":\"SearchAction\",\"target\":{\"@type\":\"EntryPoint\",\"urlTemplate\":\"https:\\\/\\\/weightlossmedssales.com\\\/?s={search_term_string}\"},\"query-input\":{\"@type\":\"PropertyValueSpecification\",\"valueRequired\":true,\"valueName\":\"search_term_string\"}}],\"inLanguage\":\"sv-SE\"}]}<\/script>\n<meta property=\"product:price:amount\" content=\"3.50\" \/>\n<meta property=\"product:price:currency\" content=\"USD\" \/>\n<meta property=\"og:availability\" content=\"instock\" \/>\n<meta property=\"product:availability\" content=\"instock\" \/>\n<meta property=\"product:condition\" content=\"new\" \/>\n<!-- \/ Yoast SEO Premium plugin. -->","yoast_head_json":{"title":"Suboxone 12 mg Strips - Family Healthcare Pharmacy","robots":{"index":"index","follow":"follow","max-snippet":"max-snippet:-1","max-image-preview":"max-image-preview:large","max-video-preview":"max-video-preview:-1"},"canonical":"https:\/\/weightlossmedssales.com\/product\/suboxone-12-mg-strips\/","og_locale":"sv_SE","og_type":"article","og_title":"Suboxone 12 mg Strips","og_description":"Suboxone 12 mg Strips till salu Suboxone\/naloxone \u00e4r en kombination av opioidl\u00e4kemedel som fungerar bra f\u00f6r att behandla opioidberoende. Det fungerar b\u00e4st n\u00e4r det anv\u00e4nds tillsammans med r\u00e5dgivning och psykiskt st\u00f6d. L\u00e4kemedlet finns som en tablett eller film som antingen l\u00f6ses upp under tungan eller mot insidan av kinden. Vad \u00e4r buprenorfin\/naloxon? Hur buprenorfin\/naloxon verkar ...","og_url":"https:\/\/weightlossmedssales.com\/product\/suboxone-12-mg-strips\/","og_site_name":"Family Healthcare Pharmacy","twitter_card":"summary_large_image","twitter_misc":{"Pris":"&#36;3.50","Tillg\u00e4nglig":"I lager"},"schema":{"@context":"https:\/\/schema.org","@graph":[{"@type":"WebPage","@id":"https:\/\/weightlossmedssales.com\/product\/suboxone-12-mg-strips\/","url":"https:\/\/weightlossmedssales.com\/product\/suboxone-12-mg-strips\/","name":"Suboxone 12 mg Strips - Family Healthcare Pharmacy","isPartOf":{"@id":"https:\/\/weightlossmedssales.com\/#website"},"primaryImageOfPage":{"@id":"https:\/\/weightlossmedssales.com\/product\/suboxone-12-mg-strips\/#primaryimage"},"image":{"@id":"https:\/\/weightlossmedssales.com\/product\/suboxone-12-mg-strips\/#primaryimage"},"thumbnailUrl":"https:\/\/weightlossmedssales.com\/wp-content\/uploads\/2025\/04\/suboxone-12-mg-strips.jpg","datePublished":"2025-04-18T10:53:00+00:00","breadcrumb":{"@id":"https:\/\/weightlossmedssales.com\/product\/suboxone-12-mg-strips\/#breadcrumb"},"inLanguage":"sv-SE","potentialAction":[{"@type":"ReadAction","target":["https:\/\/weightlossmedssales.com\/product\/suboxone-12-mg-strips\/"]}]},{"@type":"ImageObject","inLanguage":"sv-SE","@id":"https:\/\/weightlossmedssales.com\/product\/suboxone-12-mg-strips\/#primaryimage","url":"https:\/\/weightlossmedssales.com\/wp-content\/uploads\/2025\/04\/suboxone-12-mg-strips.jpg","contentUrl":"https:\/\/weightlossmedssales.com\/wp-content\/uploads\/2025\/04\/suboxone-12-mg-strips.jpg","width":1024,"height":660},{"@type":"BreadcrumbList","@id":"https:\/\/weightlossmedssales.com\/product\/suboxone-12-mg-strips\/#breadcrumb","itemListElement":[{"@type":"ListItem","position":1,"name":"Home","item":"https:\/\/weightlossmedssales.com\/sv\/hem\/"},{"@type":"ListItem","position":2,"name":"Shop","item":"https:\/\/weightlossmedssales.com\/shop\/"},{"@type":"ListItem","position":3,"name":"Suboxone 12 mg Strips"}]},{"@type":"WebSite","@id":"https:\/\/weightlossmedssales.com\/#website","url":"https:\/\/weightlossmedssales.com\/","name":"Family Healthcare Pharmacy","description":"Weight Loss Medicines","potentialAction":[{"@type":"SearchAction","target":{"@type":"EntryPoint","urlTemplate":"https:\/\/weightlossmedssales.com\/?s={search_term_string}"},"query-input":{"@type":"PropertyValueSpecification","valueRequired":true,"valueName":"search_term_string"}}],"inLanguage":"sv-SE"}]},"product_price_amount":"3.50","product_price_currency":"USD","og_availability":"instock","product_availability":"instock","product_condition":"new"},"_links":{"self":[{"href":"https:\/\/weightlossmedssales.com\/sv\/wp-json\/wp\/v2\/product\/1846","targetHints":{"allow":["GET"]}}],"collection":[{"href":"https:\/\/weightlossmedssales.com\/sv\/wp-json\/wp\/v2\/product"}],"about":[{"href":"https:\/\/weightlossmedssales.com\/sv\/wp-json\/wp\/v2\/types\/product"}],"replies":[{"embeddable":true,"href":"https:\/\/weightlossmedssales.com\/sv\/wp-json\/wp\/v2\/comments?post=1846"}],"version-history":[{"count":0,"href":"https:\/\/weightlossmedssales.com\/sv\/wp-json\/wp\/v2\/product\/1846\/revisions"}],"wp:featuredmedia":[{"embeddable":true,"href":"https:\/\/weightlossmedssales.com\/sv\/wp-json\/wp\/v2\/media\/1543"}],"wp:attachment":[{"href":"https:\/\/weightlossmedssales.com\/sv\/wp-json\/wp\/v2\/media?parent=1846"}],"wp:term":[{"taxonomy":"product_brand","embeddable":true,"href":"https:\/\/weightlossmedssales.com\/sv\/wp-json\/wp\/v2\/product_brand?post=1846"},{"taxonomy":"product_cat","embeddable":true,"href":"https:\/\/weightlossmedssales.com\/sv\/wp-json\/wp\/v2\/product_cat?post=1846"},{"taxonomy":"product_tag","embeddable":true,"href":"https:\/\/weightlossmedssales.com\/sv\/wp-json\/wp\/v2\/product_tag?post=1846"}],"curies":[{"name":"wp","href":"https:\/\/api.w.org\/{rel}","templated":true}]}}