{"id":1848,"date":"2025-04-18T10:53:00","date_gmt":"2025-04-18T10:53:00","guid":{"rendered":"https:\/\/weightlossmedssales.com\/product\/adderall-xr-30-mg\/"},"modified":"2025-04-18T10:53:00","modified_gmt":"2025-04-18T10:53:00","slug":"adderall-xr-30-mg","status":"publish","type":"product","link":"https:\/\/weightlossmedssales.com\/sv\/product\/adderall-xr-30-mg\/","title":{"rendered":"Adderall XR 30 mg"},"content":{"rendered":"<h1>Adderall XR 30 mg till salu<\/h1>\n<p>Adderall XR anv\u00e4nds f\u00f6r att behandla <a class=\"text-primary hover:text-simple-link-hover\" href=\"https:\/\/www.goodrx.com\/conditions\/adhd\" target=\"_self\" rel=\"noopener\" data-qa=\"DSM-Link\" data-location=\"Content\" data-type=\"body-copy-group\" data-url=\"https:\/\/www.goodrx.com\/conditions\/adhd\" data-content=\"attention-deficit\/hyperactivity disorder (ADHD)\" data-content-id=\"50c5506f-1d16-45b2-9f46-dc5a49876e14\" data-content-category=\"\" data-content-category-id=\"basics\" data-content-position=\"1\">ADHD (attention-deficit\/hyperactivity disorder).<\/a> Som ett stimulerande medel kan det orsaka s\u00f6mnsv\u00e5righeter. Det har ocks\u00e5 en h\u00f6g risk f\u00f6r missbruk och beroende.  <\/p>\n<p>Amfetamin salt combo XR (Adderall XR) \u00e4r ett stimulerande medel i centrala nervsystemet som anv\u00e4nds f\u00f6r att behandla ADHD (attention-deficit hyperactivity disorder). Det \u00e4r n\u00e5got mer popul\u00e4rt \u00e4n j\u00e4mf\u00f6rbara l\u00e4kemedel. Det finns i generiska och varum\u00e4rkesversioner. Generisk amfetamin salt combo XR t\u00e4cks av de flesta Medicare- och f\u00f6rs\u00e4kringsplaner, men vissa apotekskuponger eller kontantpriser kan vara l\u00e4gre.   <\/p>\n<div class=\"relative flex items-center cursor-pointer outline-none py-faq-gallery\" tabindex=\"0\" role=\"button\" aria-expanded=\"true\" aria-controls=\"faq-answer-63058c0a-25e3-47ba-baa2-8935d0f9015f\">\n<h3 class=\"text-component-2 text-primary font-bold\">\u00c4r Strattera liknande Adderall IR?<\/h3>\n<\/div>\n<div id=\"faq-answer-63058c0a-25e3-47ba-baa2-8935d0f9015f\" class=\"ml-6\" data-qa=\"faq-answer-63058c0a-25e3-47ba-baa2-8935d0f9015f\">\n<div class=\"mb-component-3 text-component-2\">\n<div class=\"break-words\">\n<p class=\"mb-component-1\">Dessa tv\u00e5 l\u00e4kemedel anv\u00e4nds b\u00e5da f\u00f6r att behandla ADHD (attention-deficit\/hyperactivity disorder), men hur de fungerar och verkar p\u00e5 din kropp \u00e4r helt olika. Strattera (atomoxetin) \u00e4r en selektiv noradrenalin\u00e5terupptagsh\u00e4mmare och \u00e4r inte vanebildande j\u00e4mf\u00f6rt med Adderall IR, som \u00e4r ett stimulerande medel och kan vara vanebildande om det anv\u00e4nds p\u00e5 ett felaktigt s\u00e4tt. <\/p>\n<div class=\"relative flex items-center cursor-pointer outline-none py-faq-gallery\" tabindex=\"0\" role=\"button\" aria-expanded=\"true\" aria-controls=\"faq-answer-06ff9866-efd5-4a20-b418-085e92511b1e\">\n<h3 class=\"text-component-2 text-primary font-bold\">Hur l\u00e5ng tid tar det f\u00f6r Adderall IR att f\u00f6rsvinna?<\/h3>\n<\/div>\n<div id=\"faq-answer-06ff9866-efd5-4a20-b418-085e92511b1e\" class=\"ml-6\" data-qa=\"faq-answer-06ff9866-efd5-4a20-b418-085e92511b1e\">\n<div class=\"mb-component-3 text-component-2\">\n<div class=\"break-words\">\n<p class=\"mb-component-1\">Den omedelbara fris\u00e4ttningsformen fungerar inom 30 minuter och kan p\u00e5g\u00e5 mellan 4 och 6 timmar. Den f\u00f6rl\u00e4ngda fris\u00e4ttningsformen kan p\u00e5g\u00e5 i upp till 12 timmar. <\/p>\n<h3 class=\"text-align-generic-title lg:text-generic-title text-generic-title font-generic-title-mobile lg:font-generic-title leading-component-1 font-component-1 mb-component-3\">GEMENSAMMA VARUM\u00c4RKEN<\/h3>\n<p class=\"mb-component-1\">Adderall XR, Mydayis<\/p>\n<h3 class=\"text-align-generic-title lg:text-generic-title text-generic-title font-generic-title-mobile lg:font-generic-title leading-component-1 font-component-1 mb-component-3\">L\u00c4KEMEDELSKLASS<\/h3>\n<p class=\"mb-component-1\">Stimulerande medel<\/p>\n<h3 class=\"text-align-generic-title lg:text-generic-title text-generic-title font-generic-title-mobile lg:font-generic-title leading-component-1 font-component-1 mb-component-3\">GENERISK STATUS<\/h3>\n<p class=\"mb-component-1\">Generisk produkt till l\u00e4gre kostnad tillg\u00e4nglig<\/p>\n<div class=\"my-section-child last:mb-0 max-w-content mx-auto px-component-2 px-section-child\" data-qa=\"DSM-SectionChild\">\n<div data-qa=\"BodyCopy\">\n<div class=\"last-child-margin-reset text-component-2 break-words\">\n<h3 class=\"text-align-generic-title lg:text-generic-title text-generic-title font-generic-title-mobile lg:font-generic-title leading-component-1 font-component-1 mb-component-3\">Hur Adderall XR fungerar<\/h3>\n<p class=\"mb-component-1\">Adderall XR \u00e4r ett stimulerande medel. Det fungerar i hj\u00e4rnan f\u00f6r att h\u00f6ja niv\u00e5erna av noradrenalin och dopamin. Norepinefrin och dopamin \u00e4r kemikalier i din hj\u00e4rna som f\u00f6rb\u00e4ttrar uppm\u00e4rksamhet, vakenhet och beteende.  <\/p>\n<\/div>\n<\/div>\n<\/div>\n<div class=\"my-section-child last:mb-0 max-w-content mx-auto px-component-2 px-section-child\" data-qa=\"DSM-SectionChild\">\n<div data-qa=\"BodyCopy\">\n<div class=\"last-child-margin-reset text-component-2 break-words\">\n<h3 class=\"text-align-generic-title lg:text-generic-title text-generic-title font-generic-title-mobile lg:font-generic-title leading-component-1 font-component-1 mb-component-3\">Vad anv\u00e4nds Adderall XR f\u00f6r?<\/h3>\n<ul class=\"list-disc my-component-4\">\n<li class=\"mb-component-2 ml-bulleted-list\">ADHD (Attention-deficit\/hyperactivity disorder)<\/li>\n<\/ul>\n<\/div>\n<\/div>\n<\/div>\n<div class=\"my-section-child last:mb-0 max-w-content mx-auto px-component-2 px-section-child\" data-qa=\"DSM-SectionChild\">\n<div class=\"last-child-margin-reset text-component-2 break-words\">\n<h3 class=\"text-align-generic-title lg:text-generic-title text-generic-title font-generic-title-mobile lg:font-generic-title leading-component-1 font-component-1 mb-component-3\">Doseringsformer f\u00f6r Adderall XR<\/h3>\n<div class=\"flex flex-wrap mt-component-5 text-component-1\">\n<div class=\"w-full md:w-1\/2 mb-component-1 flex\">\n<div class=\"flex-initial w-full\"><span class=\"capitalize\">Kapsel<\/span><\/p>\n<div class=\"pt-3 flex-inital flex flex-wrap\"><a class=\"text-primary pr-3 whitespace-nowrap\" href=\"https:\/\/www.goodrx.com\/adderall-xr?dosage=5mg&amp;form=capsule&amp;quantity=30\" target=\"\" rel=\"noopener\" data-qa=\"DSM-Link\">5 mg <\/a><a class=\"text-primary pr-3 whitespace-nowrap\" href=\"https:\/\/www.goodrx.com\/adderall-xr?dosage=10mg&amp;form=capsule&amp;quantity=30\" target=\"\" rel=\"noopener\" data-qa=\"DSM-Link\">10 mg <\/a><a class=\"text-primary pr-3 whitespace-nowrap\" href=\"https:\/\/www.goodrx.com\/adderall-xr?dosage=15mg&amp;form=capsule&amp;quantity=30\" target=\"\" rel=\"noopener\" data-qa=\"DSM-Link\">15 mg <\/a><a class=\"text-primary pr-3 whitespace-nowrap\" href=\"https:\/\/www.goodrx.com\/adderall-xr?dosage=20mg&amp;form=capsule&amp;quantity=30\" target=\"\" rel=\"noopener\" data-qa=\"DSM-Link\">20 mg <\/a><a class=\"text-primary pr-3 whitespace-nowrap\" href=\"https:\/\/www.goodrx.com\/adderall-xr?dosage=25mg&amp;form=capsule&amp;quantity=30\" target=\"\" rel=\"noopener\" data-qa=\"DSM-Link\">25 mg <\/a><a class=\"text-primary pr-3 whitespace-nowrap\" href=\"https:\/\/www.goodrx.com\/adderall-xr?dosage=30mg&amp;form=capsule&amp;quantity=30\" target=\"\" rel=\"noopener\" data-qa=\"DSM-Link\">30 mg<\/a><\/div>\n<\/div>\n<\/div>\n<\/div>\n<\/div>\n<\/div>\n<div>\n<div class=\"relative flex items-center cursor-pointer outline-none py-faq-gallery\" tabindex=\"0\" role=\"button\" aria-expanded=\"true\" aria-controls=\"faq-answer-3cdfa2c2-8b40-448a-b1da-8542376e9562\">\n<p class=\"text-component-2 text-primary font-bold\">\u00c4r Adderall XR s\u00e4kert under graviditeten?<\/p>\n<\/div>\n<div id=\"faq-answer-3cdfa2c2-8b40-448a-b1da-8542376e9562\" class=\"ml-6\" data-qa=\"faq-answer-3cdfa2c2-8b40-448a-b1da-8542376e9562\">\n<div class=\"mb-component-3 text-component-2\">\n<div class=\"break-words\">\n<p class=\"mb-component-1\">Adderall XR kan orsaka skada p\u00e5 ditt of\u00f6dda barn, s\u00e5 l\u00e5t din leverant\u00f6r veta om du \u00e4r gravid eller planerar att bli gravid innan du tar detta l\u00e4kemedel. Om du tar Adderall XR under graviditeten, bes\u00f6k webbplatsen <a class=\"text-primary hover:text-simple-link-hover\" href=\"https:\/\/womensmentalhealth.org\/research\/pregnancyregistry\/\" target=\"_blank\" rel=\"noopener noreferrer\" data-qa=\"DSM-Link\" data-url=\"https:\/\/womensmentalhealth.org\/research\/pregnancyregistry\/\" data-content=\"National Pregnancy Registry for Psychiatric Medications\">National Pregnancy Registry for Psychiatric Medications<\/a> eller ring 1-866-961-2388 f\u00f6r att registrera dig i ett graviditetsregister som kan \u00f6vervaka dig och ditt barns h\u00e4lsa. <\/p>\n<\/div>\n<\/div>\n<\/div>\n<\/div>\n<\/div>\n<\/div>\n<\/div>\n<\/div>\n<\/div>\n<\/div>\n<p>&nbsp;<\/p>\n","protected":false},"excerpt":{"rendered":"<p><strong>Adderall XR<\/strong><br \/>\n<strong>Styrka: 30 mg<\/strong><\/p>\n","protected":false},"featured_media":1561,"menu_order":0,"comment_status":"open","ping_status":"closed","template":"","meta":[],"product_brand":[],"product_cat":[200],"product_tag":[],"class_list":{"0":"post-1848","1":"product","2":"type-product","3":"status-publish","4":"has-post-thumbnail","6":"product_cat-kop-adderall-online","8":"first","9":"instock","10":"featured","11":"shipping-taxable","12":"purchasable","13":"product-type-simple"},"yoast_head":"<!-- This site is optimized with the Yoast SEO Premium plugin v23.3 (Yoast SEO v26.4) - https:\/\/yoast.com\/wordpress\/plugins\/seo\/ -->\n<title>Adderall XR 30 mg - Family Healthcare Pharmacy<\/title>\n<meta name=\"robots\" content=\"index, follow, max-snippet:-1, max-image-preview:large, max-video-preview:-1\" \/>\n<link rel=\"canonical\" href=\"https:\/\/weightlossmedssales.com\/product\/adderall-xr-30-mg\/\" \/>\n<meta property=\"og:locale\" content=\"sv_SE\" \/>\n<meta property=\"og:type\" content=\"article\" \/>\n<meta property=\"og:title\" content=\"Adderall XR 30 mg\" \/>\n<meta property=\"og:description\" content=\"Adderall XR Styrka: 30 mg\" \/>\n<meta property=\"og:url\" content=\"https:\/\/weightlossmedssales.com\/product\/adderall-xr-30-mg\/\" \/>\n<meta property=\"og:site_name\" content=\"Family Healthcare Pharmacy\" \/>\n<meta name=\"twitter:card\" content=\"summary_large_image\" \/>\n<meta name=\"twitter:label1\" content=\"Pris\" \/>\n\t<meta name=\"twitter:data1\" content=\"&#036;3.00\" \/>\n\t<meta name=\"twitter:label2\" content=\"Tillg\u00e4nglig\" \/>\n\t<meta name=\"twitter:data2\" content=\"I lager\" \/>\n<script type=\"application\/ld+json\" class=\"yoast-schema-graph\">{\"@context\":\"https:\/\/schema.org\",\"@graph\":[{\"@type\":\"WebPage\",\"@id\":\"https:\/\/weightlossmedssales.com\/product\/adderall-xr-30-mg\/\",\"url\":\"https:\/\/weightlossmedssales.com\/product\/adderall-xr-30-mg\/\",\"name\":\"Adderall XR 30 mg - Family Healthcare Pharmacy\",\"isPartOf\":{\"@id\":\"https:\/\/weightlossmedssales.com\/#website\"},\"primaryImageOfPage\":{\"@id\":\"https:\/\/weightlossmedssales.com\/product\/adderall-xr-30-mg\/#primaryimage\"},\"image\":{\"@id\":\"https:\/\/weightlossmedssales.com\/product\/adderall-xr-30-mg\/#primaryimage\"},\"thumbnailUrl\":\"https:\/\/weightlossmedssales.com\/wp-content\/uploads\/2025\/04\/adderall.jpg\",\"datePublished\":\"2025-04-18T10:53:00+00:00\",\"breadcrumb\":{\"@id\":\"https:\/\/weightlossmedssales.com\/product\/adderall-xr-30-mg\/#breadcrumb\"},\"inLanguage\":\"sv-SE\",\"potentialAction\":[{\"@type\":\"ReadAction\",\"target\":[\"https:\/\/weightlossmedssales.com\/product\/adderall-xr-30-mg\/\"]}]},{\"@type\":\"ImageObject\",\"inLanguage\":\"sv-SE\",\"@id\":\"https:\/\/weightlossmedssales.com\/product\/adderall-xr-30-mg\/#primaryimage\",\"url\":\"https:\/\/weightlossmedssales.com\/wp-content\/uploads\/2025\/04\/adderall.jpg\",\"contentUrl\":\"https:\/\/weightlossmedssales.com\/wp-content\/uploads\/2025\/04\/adderall.jpg\",\"width\":1200,\"height\":800},{\"@type\":\"BreadcrumbList\",\"@id\":\"https:\/\/weightlossmedssales.com\/product\/adderall-xr-30-mg\/#breadcrumb\",\"itemListElement\":[{\"@type\":\"ListItem\",\"position\":1,\"name\":\"Home\",\"item\":\"https:\/\/weightlossmedssales.com\/sv\/hem\/\"},{\"@type\":\"ListItem\",\"position\":2,\"name\":\"Shop\",\"item\":\"https:\/\/weightlossmedssales.com\/shop\/\"},{\"@type\":\"ListItem\",\"position\":3,\"name\":\"Adderall XR 30 mg\"}]},{\"@type\":\"WebSite\",\"@id\":\"https:\/\/weightlossmedssales.com\/#website\",\"url\":\"https:\/\/weightlossmedssales.com\/\",\"name\":\"Family Healthcare Pharmacy\",\"description\":\"Weight Loss Medicines\",\"potentialAction\":[{\"@type\":\"SearchAction\",\"target\":{\"@type\":\"EntryPoint\",\"urlTemplate\":\"https:\/\/weightlossmedssales.com\/?s={search_term_string}\"},\"query-input\":{\"@type\":\"PropertyValueSpecification\",\"valueRequired\":true,\"valueName\":\"search_term_string\"}}],\"inLanguage\":\"sv-SE\"}]}<\/script>\n<meta property=\"product:price:amount\" content=\"3.00\" \/>\n<meta property=\"product:price:currency\" content=\"USD\" \/>\n<meta property=\"og:availability\" content=\"instock\" \/>\n<meta property=\"product:availability\" content=\"instock\" \/>\n<meta property=\"product:condition\" content=\"new\" \/>\n<!-- \/ Yoast SEO Premium plugin. -->","yoast_head_json":{"title":"Adderall XR 30 mg - Family Healthcare Pharmacy","robots":{"index":"index","follow":"follow","max-snippet":"max-snippet:-1","max-image-preview":"max-image-preview:large","max-video-preview":"max-video-preview:-1"},"canonical":"https:\/\/weightlossmedssales.com\/product\/adderall-xr-30-mg\/","og_locale":"sv_SE","og_type":"article","og_title":"Adderall XR 30 mg","og_description":"Adderall XR Styrka: 30 mg","og_url":"https:\/\/weightlossmedssales.com\/product\/adderall-xr-30-mg\/","og_site_name":"Family Healthcare Pharmacy","twitter_card":"summary_large_image","twitter_misc":{"Pris":"&#36;3.00","Tillg\u00e4nglig":"I lager"},"schema":{"@context":"https:\/\/schema.org","@graph":[{"@type":"WebPage","@id":"https:\/\/weightlossmedssales.com\/product\/adderall-xr-30-mg\/","url":"https:\/\/weightlossmedssales.com\/product\/adderall-xr-30-mg\/","name":"Adderall XR 30 mg - Family Healthcare Pharmacy","isPartOf":{"@id":"https:\/\/weightlossmedssales.com\/#website"},"primaryImageOfPage":{"@id":"https:\/\/weightlossmedssales.com\/product\/adderall-xr-30-mg\/#primaryimage"},"image":{"@id":"https:\/\/weightlossmedssales.com\/product\/adderall-xr-30-mg\/#primaryimage"},"thumbnailUrl":"https:\/\/weightlossmedssales.com\/wp-content\/uploads\/2025\/04\/adderall.jpg","datePublished":"2025-04-18T10:53:00+00:00","breadcrumb":{"@id":"https:\/\/weightlossmedssales.com\/product\/adderall-xr-30-mg\/#breadcrumb"},"inLanguage":"sv-SE","potentialAction":[{"@type":"ReadAction","target":["https:\/\/weightlossmedssales.com\/product\/adderall-xr-30-mg\/"]}]},{"@type":"ImageObject","inLanguage":"sv-SE","@id":"https:\/\/weightlossmedssales.com\/product\/adderall-xr-30-mg\/#primaryimage","url":"https:\/\/weightlossmedssales.com\/wp-content\/uploads\/2025\/04\/adderall.jpg","contentUrl":"https:\/\/weightlossmedssales.com\/wp-content\/uploads\/2025\/04\/adderall.jpg","width":1200,"height":800},{"@type":"BreadcrumbList","@id":"https:\/\/weightlossmedssales.com\/product\/adderall-xr-30-mg\/#breadcrumb","itemListElement":[{"@type":"ListItem","position":1,"name":"Home","item":"https:\/\/weightlossmedssales.com\/sv\/hem\/"},{"@type":"ListItem","position":2,"name":"Shop","item":"https:\/\/weightlossmedssales.com\/shop\/"},{"@type":"ListItem","position":3,"name":"Adderall XR 30 mg"}]},{"@type":"WebSite","@id":"https:\/\/weightlossmedssales.com\/#website","url":"https:\/\/weightlossmedssales.com\/","name":"Family Healthcare Pharmacy","description":"Weight Loss Medicines","potentialAction":[{"@type":"SearchAction","target":{"@type":"EntryPoint","urlTemplate":"https:\/\/weightlossmedssales.com\/?s={search_term_string}"},"query-input":{"@type":"PropertyValueSpecification","valueRequired":true,"valueName":"search_term_string"}}],"inLanguage":"sv-SE"}]},"product_price_amount":"3.00","product_price_currency":"USD","og_availability":"instock","product_availability":"instock","product_condition":"new"},"_links":{"self":[{"href":"https:\/\/weightlossmedssales.com\/sv\/wp-json\/wp\/v2\/product\/1848","targetHints":{"allow":["GET"]}}],"collection":[{"href":"https:\/\/weightlossmedssales.com\/sv\/wp-json\/wp\/v2\/product"}],"about":[{"href":"https:\/\/weightlossmedssales.com\/sv\/wp-json\/wp\/v2\/types\/product"}],"replies":[{"embeddable":true,"href":"https:\/\/weightlossmedssales.com\/sv\/wp-json\/wp\/v2\/comments?post=1848"}],"version-history":[{"count":0,"href":"https:\/\/weightlossmedssales.com\/sv\/wp-json\/wp\/v2\/product\/1848\/revisions"}],"wp:featuredmedia":[{"embeddable":true,"href":"https:\/\/weightlossmedssales.com\/sv\/wp-json\/wp\/v2\/media\/1561"}],"wp:attachment":[{"href":"https:\/\/weightlossmedssales.com\/sv\/wp-json\/wp\/v2\/media?parent=1848"}],"wp:term":[{"taxonomy":"product_brand","embeddable":true,"href":"https:\/\/weightlossmedssales.com\/sv\/wp-json\/wp\/v2\/product_brand?post=1848"},{"taxonomy":"product_cat","embeddable":true,"href":"https:\/\/weightlossmedssales.com\/sv\/wp-json\/wp\/v2\/product_cat?post=1848"},{"taxonomy":"product_tag","embeddable":true,"href":"https:\/\/weightlossmedssales.com\/sv\/wp-json\/wp\/v2\/product_tag?post=1848"}],"curies":[{"name":"wp","href":"https:\/\/api.w.org\/{rel}","templated":true}]}}