{"id":1850,"date":"2025-04-18T10:53:00","date_gmt":"2025-04-18T10:53:00","guid":{"rendered":"https:\/\/weightlossmedssales.com\/product\/adderall-xr-15-mg\/"},"modified":"2025-04-18T10:53:00","modified_gmt":"2025-04-18T10:53:00","slug":"adderall-xr-15-mg","status":"publish","type":"product","link":"https:\/\/weightlossmedssales.com\/sv\/product\/adderall-xr-15-mg\/","title":{"rendered":"Adderall XR 15 mg"},"content":{"rendered":"<h1>Adderall XR 15 mg till salu<\/h1>\n<p>Adderall XR anv\u00e4nds f\u00f6r att behandla <a class=\"text-primary hover:text-simple-link-hover\" href=\"https:\/\/www.goodrx.com\/conditions\/adhd\" target=\"_self\" rel=\"noopener\" data-qa=\"DSM-Link\" data-location=\"Content\" data-type=\"body-copy-group\" data-url=\"https:\/\/www.goodrx.com\/conditions\/adhd\" data-content=\"attention-deficit\/hyperactivity disorder (ADHD)\" data-content-id=\"50c5506f-1d16-45b2-9f46-dc5a49876e14\" data-content-category=\"\" data-content-category-id=\"basics\" data-content-position=\"1\">ADHD (attention-deficit\/hyperactivity disorder).<\/a> Som ett stimulerande medel kan det orsaka s\u00f6mnsv\u00e5righeter. Det har ocks\u00e5 en h\u00f6g risk f\u00f6r missbruk och beroende.  <\/p>\n<div class=\"my-section-child last:mb-0 max-w-content mx-auto px-component-2 px-section-child\" data-qa=\"DSM-SectionChild\">\n<div data-qa=\"BodyCopy\">\n<div class=\"last-child-margin-reset text-component-2 break-words\">\n<h3 class=\"text-align-generic-title lg:text-generic-title text-generic-title font-generic-title-mobile lg:font-generic-title leading-component-1 font-component-1 mb-component-3\">Hur Adderall XR fungerar<\/h3>\n<p class=\"mb-component-1\">Adderall XR \u00e4r ett stimulerande medel. Det fungerar i hj\u00e4rnan f\u00f6r att h\u00f6ja niv\u00e5erna av noradrenalin och dopamin. Norepinefrin och dopamin \u00e4r kemikalier i din hj\u00e4rna som f\u00f6rb\u00e4ttrar uppm\u00e4rksamhet, vakenhet och beteende.  <\/p>\n<\/div>\n<\/div>\n<\/div>\n<div class=\"my-section-child last:mb-0 max-w-content mx-auto px-component-2 px-section-child\" data-qa=\"DSM-SectionChild\">\n<div data-qa=\"BodyCopy\">\n<div class=\"last-child-margin-reset text-component-2 break-words\">\n<h3 class=\"text-align-generic-title lg:text-generic-title text-generic-title font-generic-title-mobile lg:font-generic-title leading-component-1 font-component-1 mb-component-3\">Vad anv\u00e4nds Adderall XR f\u00f6r?<\/h3>\n<ul class=\"list-disc my-component-4\">\n<li class=\"mb-component-2 ml-bulleted-list\">ADHD (Attention-deficit\/hyperactivity disorder)<\/li>\n<\/ul>\n<\/div>\n<\/div>\n<\/div>\n<div class=\"relative flex items-center cursor-pointer outline-none py-faq-gallery\" tabindex=\"0\" role=\"button\" aria-expanded=\"true\" aria-controls=\"faq-answer-3cdfa2c2-8b40-448a-b1da-8542376e9562\">\n<p class=\"text-component-2 text-primary font-bold\">\u00c4r Adderall XR s\u00e4kert under graviditeten?<\/p>\n<\/div>\n<div id=\"faq-answer-3cdfa2c2-8b40-448a-b1da-8542376e9562\" class=\"ml-6\" data-qa=\"faq-answer-3cdfa2c2-8b40-448a-b1da-8542376e9562\">\n<div class=\"mb-component-3 text-component-2\">\n<div class=\"break-words\">\n<p class=\"mb-component-1\">Adderall XR kan orsaka skada p\u00e5 ditt of\u00f6dda barn, s\u00e5 l\u00e5t din leverant\u00f6r veta om du \u00e4r gravid eller planerar att bli gravid innan du tar detta l\u00e4kemedel. Om du tar Adderall XR under graviditeten, bes\u00f6k webbplatsen <a class=\"text-primary hover:text-simple-link-hover\" href=\"https:\/\/womensmentalhealth.org\/research\/pregnancyregistry\/\" target=\"_blank\" rel=\"noopener noreferrer\" data-qa=\"DSM-Link\" data-url=\"https:\/\/womensmentalhealth.org\/research\/pregnancyregistry\/\" data-content=\"National Pregnancy Registry for Psychiatric Medications\">National Pregnancy Registry for Psychiatric Medications<\/a> eller ring 1-866-961-2388 f\u00f6r att registrera dig i ett graviditetsregister som kan \u00f6vervaka dig och ditt barns h\u00e4lsa. <\/p>\n<h2 class=\"max-w-content mx-auto lg:text-section-title text-section-title-mobile font-section-title font-2 leading-component-1 mb-section-title text-align-section-title border-b-2 border-section-title-underline py-section-title px-component-2\" data-qa=\"sectionTitle\">F\u00f6r- och nackdelar med Adderall XR<\/h2>\n<div class=\"my-section-child last:mb-0 max-w-content mx-auto px-component-2 px-section-child\" data-qa=\"DSM-SectionChild\">\n<div class=\"flex-none md:flex md:flex-row mt-component-5\" data-qa=\"ColumnContainer\">\n<div class=\"flex-1 md:w-1\/2 mb-component-1 md:mr-column\">\n<div data-qa=\"BodyCopy\">\n<div class=\"last-child-margin-reset text-component-2 break-words\">\n<h3 class=\"text-align-generic-title lg:text-generic-title text-generic-title font-generic-title-mobile lg:font-generic-title leading-component-1 font-component-1 mb-component-3\">Proffs<\/h3>\n<p class=\"flex mb-component-1\"><span class=\"flex-none\"><span class=\"my-1 w-full flex justify-center items-start\"><img decoding=\"async\" class=\"max-w-full align-self flex-none\" src=\"https:\/\/images.ctfassets.net\/4f3rgqwzdznj\/3OMQOAV7nUlvvi0Gy3VSB5\/d8da38efd8fa4c5a2e0e363a6e7c169d\/icon-thumb-up_copy_5.png\" alt=\"Tummen upp\"><\/span><\/span><span class=\"px-4 my-auto\">Tas en g\u00e5ng om dagen p\u00e5 morgonen<\/span><\/p>\n<p class=\"flex mb-component-1\"><span class=\"flex-none\"><span class=\"my-1 w-full flex justify-center items-start\"><img decoding=\"async\" class=\"max-w-full align-self flex-none\" src=\"https:\/\/images.ctfassets.net\/4f3rgqwzdznj\/3OMQOAV7nUlvvi0Gy3VSB5\/d8da38efd8fa4c5a2e0e363a6e7c169d\/icon-thumb-up_copy_5.png\" alt=\"Tummen upp\"><\/span><\/span><span class=\"px-4 my-auto\">B\u00f6rjar fungera inom n\u00e5gra timmar efter intag<\/span><\/p>\n<p class=\"flex mb-component-1\"><span class=\"flex-none\"><span class=\"my-1 w-full flex justify-center items-start\"><img decoding=\"async\" class=\"max-w-full align-self flex-none\" src=\"https:\/\/images.ctfassets.net\/4f3rgqwzdznj\/3OMQOAV7nUlvvi0Gy3VSB5\/d8da38efd8fa4c5a2e0e363a6e7c169d\/icon-thumb-up_copy_5.png\" alt=\"Tummen upp\"><\/span><\/span><span class=\"px-4 my-auto\">Finns som generiskt l\u00e4kemedel till l\u00e4gre kostnad<\/span><\/p>\n<p class=\"flex mb-component-1\"><span class=\"flex-none\"><span class=\"my-1 w-full flex justify-center items-start\"><img decoding=\"async\" class=\"max-w-full align-self flex-none\" src=\"https:\/\/images.ctfassets.net\/4f3rgqwzdznj\/3OMQOAV7nUlvvi0Gy3VSB5\/d8da38efd8fa4c5a2e0e363a6e7c169d\/icon-thumb-up_copy_5.png\" alt=\"Tummen upp\"><\/span><\/span><span class=\"px-4 my-auto\">Kan \u00f6ppnas och blandas med \u00e4ppelmos om du har sv\u00e5rt att sv\u00e4lja mediciner<\/span><\/p>\n<\/div>\n<\/div>\n<\/div>\n<div class=\"flex-1 md:w-1\/2 md:ml-column\">\n<div data-qa=\"BodyCopy\">\n<div class=\"last-child-margin-reset text-component-2 break-words\">\n<h3 class=\"text-align-generic-title lg:text-generic-title text-generic-title font-generic-title-mobile lg:font-generic-title leading-component-1 font-component-1 mb-component-3\">Nackdelar<\/h3>\n<p class=\"flex mb-component-1\"><span class=\"flex-none\"><span class=\"my-1 w-full flex justify-center items-start\"><img decoding=\"async\" class=\"max-w-full align-self flex-none\" src=\"https:\/\/images.ctfassets.net\/4f3rgqwzdznj\/2HmHEpsr7tYBzFZtvBXcfm\/9756c9f9119331376e20d78a6bfbc4d0\/icon-thumb-down.png\" alt=\"Tummen ner\"><\/span><\/span><span class=\"px-4 my-auto\">\u00c4r ett kontrollerat l\u00e4kemedel som har en h\u00f6g risk f\u00f6r missbruk och beroende<\/span><\/p>\n<p class=\"flex mb-component-1\"><span class=\"flex-none\"><span class=\"my-1 w-full flex justify-center items-start\"><img decoding=\"async\" class=\"max-w-full align-self flex-none\" src=\"https:\/\/images.ctfassets.net\/4f3rgqwzdznj\/2HmHEpsr7tYBzFZtvBXcfm\/9756c9f9119331376e20d78a6bfbc4d0\/icon-thumb-down.png\" alt=\"Tummen ner\"><\/span><\/span><span class=\"px-4 my-auto\">Kan vara vanebildande, s\u00e5 se till att du bara anv\u00e4nder det som ordinerats<\/span><\/p>\n<p class=\"flex mb-component-1\"><span class=\"flex-none\"><span class=\"my-1 w-full flex justify-center items-start\"><img decoding=\"async\" class=\"max-w-full align-self flex-none\" src=\"https:\/\/images.ctfassets.net\/4f3rgqwzdznj\/2HmHEpsr7tYBzFZtvBXcfm\/9756c9f9119331376e20d78a6bfbc4d0\/icon-thumb-down.png\" alt=\"Tummen ner\"><\/span><\/span><span class=\"px-4 my-auto\">Inte s\u00e4kert f\u00f6r personer med hj\u00e4rtproblem i anamnesen<\/span><\/p>\n<p class=\"flex mb-component-1\"><span class=\"flex-none\"><span class=\"my-1 w-full flex justify-center items-start\"><img decoding=\"async\" class=\"max-w-full align-self flex-none\" src=\"https:\/\/images.ctfassets.net\/4f3rgqwzdznj\/2HmHEpsr7tYBzFZtvBXcfm\/9756c9f9119331376e20d78a6bfbc4d0\/icon-thumb-down.png\" alt=\"Tummen ner\"><\/span><\/span><span class=\"px-4 my-auto\">Mydayis varum\u00e4rke kan inte tas av barn yngre \u00e4n 13 \u00e5r<\/span><\/p>\n<\/div>\n<\/div>\n<\/div>\n<\/div>\n<\/div>\n<\/div>\n<\/div>\n<\/div>\n","protected":false},"excerpt":{"rendered":"<p>Adderall XR 15 mg till salu Adderall XR anv\u00e4nds f\u00f6r att behandla ADHD (attention-deficit\/hyperactivity disorder). Som ett stimulerande medel kan det orsaka s\u00f6mnsv\u00e5righeter. Det har ocks\u00e5 en h\u00f6g risk f\u00f6r missbruk och beroende. Hur Adderall XR fungerar Adderall XR \u00e4r ett stimulerande medel. Det fungerar i hj\u00e4rnan f\u00f6r att h\u00f6ja niv\u00e5erna av noradrenalin och dopamin. &#8230;<\/p>\n","protected":false},"featured_media":1564,"menu_order":0,"comment_status":"open","ping_status":"closed","template":"","meta":[],"product_brand":[],"product_cat":[200],"product_tag":[],"class_list":{"0":"post-1850","1":"product","2":"type-product","3":"status-publish","4":"has-post-thumbnail","6":"product_cat-kop-adderall-online","8":"first","9":"instock","10":"shipping-taxable","11":"purchasable","12":"product-type-simple"},"yoast_head":"<!-- This site is optimized with the Yoast SEO Premium plugin v23.3 (Yoast SEO v27.4) - https:\/\/yoast.com\/product\/yoast-seo-premium-wordpress\/ -->\n<title>Adderall XR 15 mg - Family Healthcare Pharmacy<\/title>\n<meta name=\"robots\" content=\"index, follow, max-snippet:-1, max-image-preview:large, max-video-preview:-1\" \/>\n<link rel=\"canonical\" href=\"https:\/\/weightlossmedssales.com\/product\/adderall-xr-15-mg\/\" \/>\n<meta property=\"og:locale\" content=\"sv_SE\" \/>\n<meta property=\"og:type\" content=\"article\" \/>\n<meta property=\"og:title\" content=\"Adderall XR 15 mg\" \/>\n<meta property=\"og:description\" content=\"Adderall XR 15 mg till salu Adderall XR anv\u00e4nds f\u00f6r att behandla ADHD (attention-deficit\/hyperactivity disorder). Som ett stimulerande medel kan det orsaka s\u00f6mnsv\u00e5righeter. Det har ocks\u00e5 en h\u00f6g risk f\u00f6r missbruk och beroende. Hur Adderall XR fungerar Adderall XR \u00e4r ett stimulerande medel. Det fungerar i hj\u00e4rnan f\u00f6r att h\u00f6ja niv\u00e5erna av noradrenalin och dopamin. ...\" \/>\n<meta property=\"og:url\" content=\"https:\/\/weightlossmedssales.com\/product\/adderall-xr-15-mg\/\" \/>\n<meta property=\"og:site_name\" content=\"Family Healthcare Pharmacy\" \/>\n<meta property=\"og:image\" content=\"https:\/\/images.ctfassets.net\/4f3rgqwzdznj\/3OMQOAV7nUlvvi0Gy3VSB5\/d8da38efd8fa4c5a2e0e363a6e7c169d\/icon-thumb-up_copy_5.png\" \/>\n<meta name=\"twitter:card\" content=\"summary_large_image\" \/>\n<meta name=\"twitter:label1\" content=\"Pris\" \/>\n\t<meta name=\"twitter:data1\" content=\"&#036;3.00\" \/>\n\t<meta name=\"twitter:label2\" content=\"Tillg\u00e4nglig\" \/>\n\t<meta name=\"twitter:data2\" content=\"I lager\" \/>\n<script type=\"application\/ld+json\" class=\"yoast-schema-graph\">{\"@context\":\"https:\\\/\\\/schema.org\",\"@graph\":[{\"@type\":\"WebPage\",\"@id\":\"https:\\\/\\\/weightlossmedssales.com\\\/product\\\/adderall-xr-15-mg\\\/\",\"url\":\"https:\\\/\\\/weightlossmedssales.com\\\/product\\\/adderall-xr-15-mg\\\/\",\"name\":\"Adderall XR 15 mg - Family Healthcare Pharmacy\",\"isPartOf\":{\"@id\":\"https:\\\/\\\/weightlossmedssales.com\\\/#website\"},\"primaryImageOfPage\":{\"@id\":\"https:\\\/\\\/weightlossmedssales.com\\\/product\\\/adderall-xr-15-mg\\\/#primaryimage\"},\"image\":{\"@id\":\"https:\\\/\\\/weightlossmedssales.com\\\/product\\\/adderall-xr-15-mg\\\/#primaryimage\"},\"thumbnailUrl\":\"https:\\\/\\\/weightlossmedssales.com\\\/wp-content\\\/uploads\\\/2025\\\/04\\\/Adderall-30-Mg-xr.jpeg\",\"datePublished\":\"2025-04-18T10:53:00+00:00\",\"breadcrumb\":{\"@id\":\"https:\\\/\\\/weightlossmedssales.com\\\/product\\\/adderall-xr-15-mg\\\/#breadcrumb\"},\"inLanguage\":\"sv-SE\",\"potentialAction\":[{\"@type\":\"ReadAction\",\"target\":[\"https:\\\/\\\/weightlossmedssales.com\\\/product\\\/adderall-xr-15-mg\\\/\"]}]},{\"@type\":\"ImageObject\",\"inLanguage\":\"sv-SE\",\"@id\":\"https:\\\/\\\/weightlossmedssales.com\\\/product\\\/adderall-xr-15-mg\\\/#primaryimage\",\"url\":\"https:\\\/\\\/weightlossmedssales.com\\\/wp-content\\\/uploads\\\/2025\\\/04\\\/Adderall-30-Mg-xr.jpeg\",\"contentUrl\":\"https:\\\/\\\/weightlossmedssales.com\\\/wp-content\\\/uploads\\\/2025\\\/04\\\/Adderall-30-Mg-xr.jpeg\",\"width\":300,\"height\":300},{\"@type\":\"BreadcrumbList\",\"@id\":\"https:\\\/\\\/weightlossmedssales.com\\\/product\\\/adderall-xr-15-mg\\\/#breadcrumb\",\"itemListElement\":[{\"@type\":\"ListItem\",\"position\":1,\"name\":\"Home\",\"item\":\"https:\\\/\\\/weightlossmedssales.com\\\/sv\\\/hem\\\/\"},{\"@type\":\"ListItem\",\"position\":2,\"name\":\"Shop\",\"item\":\"https:\\\/\\\/weightlossmedssales.com\\\/shop\\\/\"},{\"@type\":\"ListItem\",\"position\":3,\"name\":\"Adderall XR 15 mg\"}]},{\"@type\":\"WebSite\",\"@id\":\"https:\\\/\\\/weightlossmedssales.com\\\/#website\",\"url\":\"https:\\\/\\\/weightlossmedssales.com\\\/\",\"name\":\"Family Healthcare Pharmacy\",\"description\":\"Weight Loss Medicines\",\"potentialAction\":[{\"@type\":\"SearchAction\",\"target\":{\"@type\":\"EntryPoint\",\"urlTemplate\":\"https:\\\/\\\/weightlossmedssales.com\\\/?s={search_term_string}\"},\"query-input\":{\"@type\":\"PropertyValueSpecification\",\"valueRequired\":true,\"valueName\":\"search_term_string\"}}],\"inLanguage\":\"sv-SE\"}]}<\/script>\n<meta property=\"product:price:amount\" content=\"3.00\" \/>\n<meta property=\"product:price:currency\" content=\"USD\" \/>\n<meta property=\"og:availability\" content=\"instock\" \/>\n<meta property=\"product:availability\" content=\"instock\" \/>\n<meta property=\"product:condition\" content=\"new\" \/>\n<!-- \/ Yoast SEO Premium plugin. -->","yoast_head_json":{"title":"Adderall XR 15 mg - Family Healthcare Pharmacy","robots":{"index":"index","follow":"follow","max-snippet":"max-snippet:-1","max-image-preview":"max-image-preview:large","max-video-preview":"max-video-preview:-1"},"canonical":"https:\/\/weightlossmedssales.com\/product\/adderall-xr-15-mg\/","og_locale":"sv_SE","og_type":"article","og_title":"Adderall XR 15 mg","og_description":"Adderall XR 15 mg till salu Adderall XR anv\u00e4nds f\u00f6r att behandla ADHD (attention-deficit\/hyperactivity disorder). Som ett stimulerande medel kan det orsaka s\u00f6mnsv\u00e5righeter. Det har ocks\u00e5 en h\u00f6g risk f\u00f6r missbruk och beroende. Hur Adderall XR fungerar Adderall XR \u00e4r ett stimulerande medel. Det fungerar i hj\u00e4rnan f\u00f6r att h\u00f6ja niv\u00e5erna av noradrenalin och dopamin. ...","og_url":"https:\/\/weightlossmedssales.com\/product\/adderall-xr-15-mg\/","og_site_name":"Family Healthcare Pharmacy","og_image":[{"url":"https:\/\/images.ctfassets.net\/4f3rgqwzdznj\/3OMQOAV7nUlvvi0Gy3VSB5\/d8da38efd8fa4c5a2e0e363a6e7c169d\/icon-thumb-up_copy_5.png","type":"","width":"","height":""}],"twitter_card":"summary_large_image","twitter_misc":{"Pris":"&#36;3.00","Tillg\u00e4nglig":"I lager"},"schema":{"@context":"https:\/\/schema.org","@graph":[{"@type":"WebPage","@id":"https:\/\/weightlossmedssales.com\/product\/adderall-xr-15-mg\/","url":"https:\/\/weightlossmedssales.com\/product\/adderall-xr-15-mg\/","name":"Adderall XR 15 mg - Family Healthcare Pharmacy","isPartOf":{"@id":"https:\/\/weightlossmedssales.com\/#website"},"primaryImageOfPage":{"@id":"https:\/\/weightlossmedssales.com\/product\/adderall-xr-15-mg\/#primaryimage"},"image":{"@id":"https:\/\/weightlossmedssales.com\/product\/adderall-xr-15-mg\/#primaryimage"},"thumbnailUrl":"https:\/\/weightlossmedssales.com\/wp-content\/uploads\/2025\/04\/Adderall-30-Mg-xr.jpeg","datePublished":"2025-04-18T10:53:00+00:00","breadcrumb":{"@id":"https:\/\/weightlossmedssales.com\/product\/adderall-xr-15-mg\/#breadcrumb"},"inLanguage":"sv-SE","potentialAction":[{"@type":"ReadAction","target":["https:\/\/weightlossmedssales.com\/product\/adderall-xr-15-mg\/"]}]},{"@type":"ImageObject","inLanguage":"sv-SE","@id":"https:\/\/weightlossmedssales.com\/product\/adderall-xr-15-mg\/#primaryimage","url":"https:\/\/weightlossmedssales.com\/wp-content\/uploads\/2025\/04\/Adderall-30-Mg-xr.jpeg","contentUrl":"https:\/\/weightlossmedssales.com\/wp-content\/uploads\/2025\/04\/Adderall-30-Mg-xr.jpeg","width":300,"height":300},{"@type":"BreadcrumbList","@id":"https:\/\/weightlossmedssales.com\/product\/adderall-xr-15-mg\/#breadcrumb","itemListElement":[{"@type":"ListItem","position":1,"name":"Home","item":"https:\/\/weightlossmedssales.com\/sv\/hem\/"},{"@type":"ListItem","position":2,"name":"Shop","item":"https:\/\/weightlossmedssales.com\/shop\/"},{"@type":"ListItem","position":3,"name":"Adderall XR 15 mg"}]},{"@type":"WebSite","@id":"https:\/\/weightlossmedssales.com\/#website","url":"https:\/\/weightlossmedssales.com\/","name":"Family Healthcare Pharmacy","description":"Weight Loss Medicines","potentialAction":[{"@type":"SearchAction","target":{"@type":"EntryPoint","urlTemplate":"https:\/\/weightlossmedssales.com\/?s={search_term_string}"},"query-input":{"@type":"PropertyValueSpecification","valueRequired":true,"valueName":"search_term_string"}}],"inLanguage":"sv-SE"}]},"product_price_amount":"3.00","product_price_currency":"USD","og_availability":"instock","product_availability":"instock","product_condition":"new"},"_links":{"self":[{"href":"https:\/\/weightlossmedssales.com\/sv\/wp-json\/wp\/v2\/product\/1850","targetHints":{"allow":["GET"]}}],"collection":[{"href":"https:\/\/weightlossmedssales.com\/sv\/wp-json\/wp\/v2\/product"}],"about":[{"href":"https:\/\/weightlossmedssales.com\/sv\/wp-json\/wp\/v2\/types\/product"}],"replies":[{"embeddable":true,"href":"https:\/\/weightlossmedssales.com\/sv\/wp-json\/wp\/v2\/comments?post=1850"}],"version-history":[{"count":0,"href":"https:\/\/weightlossmedssales.com\/sv\/wp-json\/wp\/v2\/product\/1850\/revisions"}],"wp:featuredmedia":[{"embeddable":true,"href":"https:\/\/weightlossmedssales.com\/sv\/wp-json\/wp\/v2\/media\/1564"}],"wp:attachment":[{"href":"https:\/\/weightlossmedssales.com\/sv\/wp-json\/wp\/v2\/media?parent=1850"}],"wp:term":[{"taxonomy":"product_brand","embeddable":true,"href":"https:\/\/weightlossmedssales.com\/sv\/wp-json\/wp\/v2\/product_brand?post=1850"},{"taxonomy":"product_cat","embeddable":true,"href":"https:\/\/weightlossmedssales.com\/sv\/wp-json\/wp\/v2\/product_cat?post=1850"},{"taxonomy":"product_tag","embeddable":true,"href":"https:\/\/weightlossmedssales.com\/sv\/wp-json\/wp\/v2\/product_tag?post=1850"}],"curies":[{"name":"wp","href":"https:\/\/api.w.org\/{rel}","templated":true}]}}