{"id":1868,"date":"2025-04-18T10:53:00","date_gmt":"2025-04-18T10:53:00","guid":{"rendered":"https:\/\/weightlossmedssales.com\/product\/phentermine-375-mg\/"},"modified":"2025-04-18T10:53:00","modified_gmt":"2025-04-18T10:53:00","slug":"phentermine-375-mg","status":"publish","type":"product","link":"https:\/\/weightlossmedssales.com\/sv\/product\/phentermine-375-mg\/","title":{"rendered":"Phentermine 37,5 mg"},"content":{"rendered":"<h2>Phentermine till salu<\/h2>\n<p>Fentermin (fenyl-terti\u00e4r-butylamin), med flera varum\u00e4rken, bland annat Ionamin och Sentis, \u00e4r ett l\u00e4kemedel som anv\u00e4nds tillsammans med kost och motion f\u00f6r att behandla fetma. Det tas genom munnen i upp till n\u00e5gra veckor \u00e5t g\u00e5ngen, varefter de gynnsamma effekterna inte l\u00e4ngre uppst\u00e5r. Det finns ocks\u00e5 som kombinationen fentermin\/topiramat.  <\/p>\n<p>Vanliga biverkningar inkluderar snabb hj\u00e4rtslag, h\u00f6gt blodtryck, s\u00f6mnproblem, yrsel och rastl\u00f6shet. Allvarliga biverkningar kan inkludera missbruk men inkluderar inte pulmonell hypertoni, valvul\u00e4r hj\u00e4rtsjukdom eftersom den senare orsakades av fenfluraminkomponenten i fen-phen-l\u00e4kemedelskombinationen. Anv\u00e4ndning rekommenderas inte under graviditet eller amning, eller med SSRI eller MAO-h\u00e4mmare. Det fungerar fr\u00e4mst som en aptitneds\u00e4ttande, sannolikt som ett resultat av att vara ett CNS-stimulerande medel. Kemiskt \u00e4r phentermine en substituerad amfetamin.    <\/p>\n<p>Phentermine godk\u00e4ndes f\u00f6r medicinskt bruk i USA 1959. Det finns tillg\u00e4ngligt som ett generiskt l\u00e4kemedel. \u00c5r 2019 var det det 158: e vanligaste f\u00f6rskrivna l\u00e4kemedlet i USA, med mer \u00e4n 3 miljoner recept. Phentermine drogs tillbaka fr\u00e5n marknaden i Storbritannien \u00e5r 2000, medan kombinationsl\u00e4kemedlet fen-phen, som det var en del av, drogs tillbaka fr\u00e5n marknaden 1997 p\u00e5 grund av biverkningar av fenfluramin som orsakade \u00f6kade niv\u00e5er av cirkulerande serotonin som stimulerade serotoninreceptorer p\u00e5 hj\u00e4rtklaffar och d\u00e4rmed orsakade klaffinsufficiens och ledde till prim\u00e4r pulmonell hypertension (PPH). Enligt NIH (National Institutes of Health) finns det inga bevis f\u00f6r att phentermine orsakar PPH. Phentermine till salu.     <\/p>\n<h2><span id=\"Medical_uses\" class=\"mw-headline\">Medicinsk anv\u00e4ndning av phentermine<\/span><\/h2>\n<p>Phentermine anv\u00e4nds under en kort tidsperiod f\u00f6r att fr\u00e4mja viktminskning, om motion och kalorireduktion inte \u00e4r tillr\u00e4cklig, och ut\u00f6ver motion och kalorireduktion.<sup id=\"cite_ref-TGA_4-4\" class=\"reference\"><\/sup><sup id=\"cite_ref-USlabel_11-0\" class=\"reference\"><\/sup><\/p>\n<p>Phentermine \u00e4r godk\u00e4nt f\u00f6r upp till 12 veckors anv\u00e4ndning och den st\u00f6rsta viktminskningen sker under de f\u00f6rsta veckorna.<sup id=\"cite_ref-USlabel_11-1\" class=\"reference\"><\/sup>  Den betydande f\u00f6rlusten forts\u00e4tter dock under den sj\u00e4tte m\u00e5naden och har visat sig forts\u00e4tta i l\u00e5ngsammare takt under den nionde m\u00e5naden.<\/p>\n<h2><span id=\"Adverse_effects\" class=\"mw-headline\">Biverkningar  <\/span><\/h2>\n<p>Tolerans f\u00f6rekommer vanligtvis; riskerna f\u00f6r beroende och missbruk anses dock vara f\u00f6rsumbara.<sup id=\"cite_ref-Glazer_12-1\" class=\"reference\"><\/sup><sup id=\"cite_ref-Haslam_13-0\" class=\"reference\"><\/sup>  Personer som tar phentermine kan vara nedsatt n\u00e4r de k\u00f6r eller anv\u00e4nder maskiner.<sup id=\"cite_ref-USlabel_11-3\" class=\"reference\"><\/sup>  Konsumtion av alkohol med phentermine kan ge negativa effekter. var man kan k\u00f6pa phentermine f\u00f6r viktminskning <sup id=\"cite_ref-USlabel_11-4\" class=\"reference\"><\/sup><\/p>\n<p>Det finns f\u00f6r n\u00e4rvarande inga bevis f\u00f6r huruvida phentermine \u00e4r s\u00e4kert f\u00f6r gravida kvinnor eller inte.<sup id=\"cite_ref-TGA_4-6\" class=\"reference\"><\/sup><sup id=\"cite_ref-USlabel_11-5\" class=\"reference\"><\/sup><\/p>\n<p>Andra biverkningar inkluderar:<sup id=\"cite_ref-TGA_4-7\" class=\"reference\"><\/sup><sup id=\"cite_ref-USlabel_11-6\" class=\"reference\"><\/sup><\/p>\n<ul>\n<li>Kardiovaskul\u00e4ra effekter som <a title=\"Hj\u00e4rtklappning\" href=\"https:\/\/en.wikipedia.org\/wiki\/Palpitations\">hj\u00e4rtklappning<\/a>, <a title=\"Takykardi\" href=\"https:\/\/en.wikipedia.org\/wiki\/Tachycardia\">takykardi<\/a>, h\u00f6gt blodtryck, precordial sm\u00e4rta; s\u00e4llsynta fall av stroke, angina, hj\u00e4rtinfarkt, hj\u00e4rtsvikt och hj\u00e4rtstillest\u00e5nd har rapporterats. k\u00f6pa adipex-p 37.5 mg amazon <\/li>\n<li>Effekter p\u00e5 centrala nervsystemet s\u00e5som \u00f6verstimulering, rastl\u00f6shet, nervositet, s\u00f6mnl\u00f6shet, tremor, yrsel och huvudv\u00e4rk; det finns s\u00e4llsynta rapporter om eufori f\u00f6ljt av tr\u00f6tthet och depression, och mycket s\u00e4llan psykotiska episoder och hallucinationer.<\/li>\n<li>Gastrointestinala effekter inkluderar illam\u00e5ende, kr\u00e4kningar, muntorrhet, kramper, obehaglig smak, diarr\u00e9 och f\u00f6rstoppning.<\/li>\n<li>Andra biverkningar inkluderar problem med urinering, utslag, impotens, f\u00f6r\u00e4ndringar i libido och svullnad i ansiktet. Best\u00e4ll phentermine online nu. Phentermine till salu  <\/li>\n<\/ul>\n","protected":false},"excerpt":{"rendered":"<p><strong>Produktnamn: Phentermin<\/strong><br \/>\n<strong>Styrka: 37,5<\/strong><br \/>\n<strong>Minsta best\u00e4llning: 100 piller<\/strong><br \/>\n<strong>Inget recept beh\u00f6vs<\/strong><\/p>\n","protected":false},"featured_media":1576,"menu_order":0,"comment_status":"open","ping_status":"closed","template":"","meta":[],"product_brand":[],"product_cat":[218],"product_tag":[],"class_list":{"0":"post-1868","1":"product","2":"type-product","3":"status-publish","4":"has-post-thumbnail","6":"product_cat-kop-phentermine-online","8":"first","9":"instock","10":"shipping-taxable","11":"purchasable","12":"product-type-simple"},"yoast_head":"<!-- This site is optimized with the Yoast SEO Premium plugin v23.3 (Yoast SEO v27.4) - https:\/\/yoast.com\/product\/yoast-seo-premium-wordpress\/ -->\n<title>Phentermine 37,5 mg - Family Healthcare Pharmacy<\/title>\n<meta name=\"robots\" content=\"index, follow, max-snippet:-1, max-image-preview:large, max-video-preview:-1\" \/>\n<link rel=\"canonical\" href=\"https:\/\/weightlossmedssales.com\/product\/phentermine-375-mg\/\" \/>\n<meta property=\"og:locale\" content=\"sv_SE\" \/>\n<meta property=\"og:type\" content=\"article\" \/>\n<meta property=\"og:title\" content=\"Phentermine 37,5 mg\" \/>\n<meta property=\"og:description\" content=\"Produktnamn: Phentermin Styrka: 37,5 Minsta best\u00e4llning: 100 piller Inget recept beh\u00f6vs\" \/>\n<meta property=\"og:url\" content=\"https:\/\/weightlossmedssales.com\/product\/phentermine-375-mg\/\" \/>\n<meta property=\"og:site_name\" content=\"Family Healthcare Pharmacy\" \/>\n<meta name=\"twitter:card\" content=\"summary_large_image\" \/>\n<meta name=\"twitter:label1\" content=\"Pris\" \/>\n\t<meta name=\"twitter:data1\" content=\"&#036;2.80\" \/>\n\t<meta name=\"twitter:label2\" content=\"Tillg\u00e4nglig\" \/>\n\t<meta name=\"twitter:data2\" content=\"I lager\" \/>\n<script type=\"application\/ld+json\" class=\"yoast-schema-graph\">{\"@context\":\"https:\\\/\\\/schema.org\",\"@graph\":[{\"@type\":\"WebPage\",\"@id\":\"https:\\\/\\\/weightlossmedssales.com\\\/product\\\/phentermine-375-mg\\\/\",\"url\":\"https:\\\/\\\/weightlossmedssales.com\\\/product\\\/phentermine-375-mg\\\/\",\"name\":\"Phentermine 37,5 mg - Family Healthcare Pharmacy\",\"isPartOf\":{\"@id\":\"https:\\\/\\\/weightlossmedssales.com\\\/#website\"},\"primaryImageOfPage\":{\"@id\":\"https:\\\/\\\/weightlossmedssales.com\\\/product\\\/phentermine-375-mg\\\/#primaryimage\"},\"image\":{\"@id\":\"https:\\\/\\\/weightlossmedssales.com\\\/product\\\/phentermine-375-mg\\\/#primaryimage\"},\"thumbnailUrl\":\"https:\\\/\\\/weightlossmedssales.com\\\/wp-content\\\/uploads\\\/2025\\\/04\\\/Phentermine-37.5-mg.jpg\",\"datePublished\":\"2025-04-18T10:53:00+00:00\",\"breadcrumb\":{\"@id\":\"https:\\\/\\\/weightlossmedssales.com\\\/product\\\/phentermine-375-mg\\\/#breadcrumb\"},\"inLanguage\":\"sv-SE\",\"potentialAction\":[{\"@type\":\"ReadAction\",\"target\":[\"https:\\\/\\\/weightlossmedssales.com\\\/product\\\/phentermine-375-mg\\\/\"]}]},{\"@type\":\"ImageObject\",\"inLanguage\":\"sv-SE\",\"@id\":\"https:\\\/\\\/weightlossmedssales.com\\\/product\\\/phentermine-375-mg\\\/#primaryimage\",\"url\":\"https:\\\/\\\/weightlossmedssales.com\\\/wp-content\\\/uploads\\\/2025\\\/04\\\/Phentermine-37.5-mg.jpg\",\"contentUrl\":\"https:\\\/\\\/weightlossmedssales.com\\\/wp-content\\\/uploads\\\/2025\\\/04\\\/Phentermine-37.5-mg.jpg\",\"width\":1280,\"height\":960},{\"@type\":\"BreadcrumbList\",\"@id\":\"https:\\\/\\\/weightlossmedssales.com\\\/product\\\/phentermine-375-mg\\\/#breadcrumb\",\"itemListElement\":[{\"@type\":\"ListItem\",\"position\":1,\"name\":\"Home\",\"item\":\"https:\\\/\\\/weightlossmedssales.com\\\/sv\\\/hem\\\/\"},{\"@type\":\"ListItem\",\"position\":2,\"name\":\"Shop\",\"item\":\"https:\\\/\\\/weightlossmedssales.com\\\/shop\\\/\"},{\"@type\":\"ListItem\",\"position\":3,\"name\":\"Phentermine 37,5 mg\"}]},{\"@type\":\"WebSite\",\"@id\":\"https:\\\/\\\/weightlossmedssales.com\\\/#website\",\"url\":\"https:\\\/\\\/weightlossmedssales.com\\\/\",\"name\":\"Family Healthcare Pharmacy\",\"description\":\"Weight Loss Medicines\",\"potentialAction\":[{\"@type\":\"SearchAction\",\"target\":{\"@type\":\"EntryPoint\",\"urlTemplate\":\"https:\\\/\\\/weightlossmedssales.com\\\/?s={search_term_string}\"},\"query-input\":{\"@type\":\"PropertyValueSpecification\",\"valueRequired\":true,\"valueName\":\"search_term_string\"}}],\"inLanguage\":\"sv-SE\"}]}<\/script>\n<meta property=\"product:price:amount\" content=\"2.80\" \/>\n<meta property=\"product:price:currency\" content=\"USD\" \/>\n<meta property=\"og:availability\" content=\"instock\" \/>\n<meta property=\"product:availability\" content=\"instock\" \/>\n<meta property=\"product:condition\" content=\"new\" \/>\n<!-- \/ Yoast SEO Premium plugin. -->","yoast_head_json":{"title":"Phentermine 37,5 mg - Family Healthcare Pharmacy","robots":{"index":"index","follow":"follow","max-snippet":"max-snippet:-1","max-image-preview":"max-image-preview:large","max-video-preview":"max-video-preview:-1"},"canonical":"https:\/\/weightlossmedssales.com\/product\/phentermine-375-mg\/","og_locale":"sv_SE","og_type":"article","og_title":"Phentermine 37,5 mg","og_description":"Produktnamn: Phentermin Styrka: 37,5 Minsta best\u00e4llning: 100 piller Inget recept beh\u00f6vs","og_url":"https:\/\/weightlossmedssales.com\/product\/phentermine-375-mg\/","og_site_name":"Family Healthcare Pharmacy","twitter_card":"summary_large_image","twitter_misc":{"Pris":"&#36;2.80","Tillg\u00e4nglig":"I lager"},"schema":{"@context":"https:\/\/schema.org","@graph":[{"@type":"WebPage","@id":"https:\/\/weightlossmedssales.com\/product\/phentermine-375-mg\/","url":"https:\/\/weightlossmedssales.com\/product\/phentermine-375-mg\/","name":"Phentermine 37,5 mg - Family Healthcare Pharmacy","isPartOf":{"@id":"https:\/\/weightlossmedssales.com\/#website"},"primaryImageOfPage":{"@id":"https:\/\/weightlossmedssales.com\/product\/phentermine-375-mg\/#primaryimage"},"image":{"@id":"https:\/\/weightlossmedssales.com\/product\/phentermine-375-mg\/#primaryimage"},"thumbnailUrl":"https:\/\/weightlossmedssales.com\/wp-content\/uploads\/2025\/04\/Phentermine-37.5-mg.jpg","datePublished":"2025-04-18T10:53:00+00:00","breadcrumb":{"@id":"https:\/\/weightlossmedssales.com\/product\/phentermine-375-mg\/#breadcrumb"},"inLanguage":"sv-SE","potentialAction":[{"@type":"ReadAction","target":["https:\/\/weightlossmedssales.com\/product\/phentermine-375-mg\/"]}]},{"@type":"ImageObject","inLanguage":"sv-SE","@id":"https:\/\/weightlossmedssales.com\/product\/phentermine-375-mg\/#primaryimage","url":"https:\/\/weightlossmedssales.com\/wp-content\/uploads\/2025\/04\/Phentermine-37.5-mg.jpg","contentUrl":"https:\/\/weightlossmedssales.com\/wp-content\/uploads\/2025\/04\/Phentermine-37.5-mg.jpg","width":1280,"height":960},{"@type":"BreadcrumbList","@id":"https:\/\/weightlossmedssales.com\/product\/phentermine-375-mg\/#breadcrumb","itemListElement":[{"@type":"ListItem","position":1,"name":"Home","item":"https:\/\/weightlossmedssales.com\/sv\/hem\/"},{"@type":"ListItem","position":2,"name":"Shop","item":"https:\/\/weightlossmedssales.com\/shop\/"},{"@type":"ListItem","position":3,"name":"Phentermine 37,5 mg"}]},{"@type":"WebSite","@id":"https:\/\/weightlossmedssales.com\/#website","url":"https:\/\/weightlossmedssales.com\/","name":"Family Healthcare Pharmacy","description":"Weight Loss Medicines","potentialAction":[{"@type":"SearchAction","target":{"@type":"EntryPoint","urlTemplate":"https:\/\/weightlossmedssales.com\/?s={search_term_string}"},"query-input":{"@type":"PropertyValueSpecification","valueRequired":true,"valueName":"search_term_string"}}],"inLanguage":"sv-SE"}]},"product_price_amount":"2.80","product_price_currency":"USD","og_availability":"instock","product_availability":"instock","product_condition":"new"},"_links":{"self":[{"href":"https:\/\/weightlossmedssales.com\/sv\/wp-json\/wp\/v2\/product\/1868","targetHints":{"allow":["GET"]}}],"collection":[{"href":"https:\/\/weightlossmedssales.com\/sv\/wp-json\/wp\/v2\/product"}],"about":[{"href":"https:\/\/weightlossmedssales.com\/sv\/wp-json\/wp\/v2\/types\/product"}],"replies":[{"embeddable":true,"href":"https:\/\/weightlossmedssales.com\/sv\/wp-json\/wp\/v2\/comments?post=1868"}],"version-history":[{"count":0,"href":"https:\/\/weightlossmedssales.com\/sv\/wp-json\/wp\/v2\/product\/1868\/revisions"}],"wp:featuredmedia":[{"embeddable":true,"href":"https:\/\/weightlossmedssales.com\/sv\/wp-json\/wp\/v2\/media\/1576"}],"wp:attachment":[{"href":"https:\/\/weightlossmedssales.com\/sv\/wp-json\/wp\/v2\/media?parent=1868"}],"wp:term":[{"taxonomy":"product_brand","embeddable":true,"href":"https:\/\/weightlossmedssales.com\/sv\/wp-json\/wp\/v2\/product_brand?post=1868"},{"taxonomy":"product_cat","embeddable":true,"href":"https:\/\/weightlossmedssales.com\/sv\/wp-json\/wp\/v2\/product_cat?post=1868"},{"taxonomy":"product_tag","embeddable":true,"href":"https:\/\/weightlossmedssales.com\/sv\/wp-json\/wp\/v2\/product_tag?post=1868"}],"curies":[{"name":"wp","href":"https:\/\/api.w.org\/{rel}","templated":true}]}}